{"id":6,"date":"2026-01-28T08:57:53","date_gmt":"2026-01-28T08:57:53","guid":{"rendered":"https:\/\/www.etkad.ee\/?page_id=6"},"modified":"2026-03-02T08:13:49","modified_gmt":"2026-03-02T08:13:49","slug":"avaleht","status":"publish","type":"page","link":"https:\/\/www.etkad.ee\/en\/","title":{"rendered":"Avaleht"},"content":{"rendered":"\n<div class=\"wp-block-group alignfull has-background is-layout-constrained wp-block-group-is-layout-constrained\" style=\"background-color:#ececec;background-image:url(&apos;https:\/\/www.etkad.ee\/wp-content\/uploads\/2026\/01\/ETKAD_koduleht-banner_hele_sinise_punase-scaled.png&apos;);background-size:cover;\"><div class=\"kb-row-layout-wrap kb-row-layout-id6_841212-82 alignnone wp-block-kadence-rowlayout\"><div class=\"kt-row-column-wrap kt-has-1-columns kt-row-layout-equal kt-tab-layout-inherit kt-mobile-layout-row kt-row-valign-top\">\n\n<div class=\"wp-block-kadence-column kadence-column6_48041c-c9\"><div class=\"kt-inside-inner-col\">\n<p class=\"has-small-font-size\"><strong>LEIA, KASUTA, VIITA<\/strong><br><strong>LIHTSALT<\/strong><\/p>\n\n\n\n<h2 class=\"kt-adv-heading6_19015c-5a wp-block-kadence-advancedheading\" data-kb-block=\"kb-adv-heading6_19015c-5a\">Eesti teadus- ja kultuuriandmete digitaristu<\/h2>\n\n\n\n<p class=\"kt-adv-heading6_9eb38b-af wp-block-kadence-advancedheading\" data-kb-block=\"kb-adv-heading6_9eb38b-af\">Eesti teadus- ja kultuuriandmete digitaristu (ETKAD) muudab andmed n\u00e4htavaks. Taristu \u00fchendab k\u00fcmmet institutsiooni, mis tegelevad andmete k\u00e4ttesaadavaks ja kasutatavaks muutmisega. ETKAD partnerite s\u00fcnergias loodav taristu toob rikkaliku eesti kultuuri ja teadusainese, sh selle andmepotentsiaali laiemasse avalikku ja teaduskasutusse ja loob teadlastele, \u00f5ppijatele, uurijatele moodsad v\u00f5imalused andmeanal\u00fc\u00fcsiks. E-varamu j\u00e4tkab teaduskogude p\u00e4\u00e4ste- ja digiteerimist\u00f6\u00f6dega, kesksete teadus- ja kultuuriandmestute ainese ja metaandmete koondamise ja vahendamisega. T\u00e4iendatakse portaali tehnoloogilisi lahendusi, mis tagavad andmete ajakohasuse ja s\u00fcsteemi kasutajas\u00f5bralikkuse. Loodav HUM andmelabor pakub t\u00f6\u00f6riistu andmeanal\u00fc\u00fcsiks, uurimist\u00f6\u00f6 k\u00e4igu ja tulemuste esitlemiseks. DataCite Eesti tagab repositooriumi- ja DOI teenusega Eesti teadusandmete rahvusvahelise n\u00e4htavuse ja leitavuse ning ning toetab avatud teaduse ja andmehalduse p\u00f5him\u00f5tete juurutamist.<br><\/p>\n\n\n\n<p class=\"kt-adv-heading6_3fab7a-c2 wp-block-kadence-advancedheading has-red-dark-color has-text-color\" data-kb-block=\"kb-adv-heading6_3fab7a-c2\"><strong><a href=\"https:\/\/www.e-varamu.ee\/\" target=\"_blank\" rel=\"noreferrer noopener\">Otsi andmeid E-varamust<\/a><\/strong><\/p>\n\n\n\n<p class=\"kt-adv-heading6_547cae-2b wp-block-kadence-advancedheading has-red-dark-color has-text-color\" data-kb-block=\"kb-adv-heading6_547cae-2b\"><strong><a href=\"\/humal\/toovood\/\">Tutvu t\u00f6\u00f6voogudega: HUM andmelabor<\/a><\/strong><\/p>\n\n\n\n<p class=\"kt-adv-heading6_c7bdfb-b5 wp-block-kadence-advancedheading has-red-dark-color has-text-color\" data-kb-block=\"kb-adv-heading6_c7bdfb-b5\"><strong><a href=\"https:\/\/datacite.ee\/teadlastele\/\" target=\"_blank\" rel=\"noreferrer noopener\">Taotle oma andmetele DOI: DataCite<\/a><\/strong><\/p>\n<\/div><\/div>\n\n<\/div><\/div><\/div>\n\n\n\n<div class=\"wp-block-group alignwide is-layout-constrained wp-block-group-is-layout-constrained\">\n\n<div class=\"kb-row-layout-wrap kb-row-layout-id6_0ced16-de alignnone three-blocks-front wp-block-kadence-rowlayout\"><div class=\"kt-row-column-wrap kt-has-3-columns kt-row-layout-equal kt-tab-layout-row kt-mobile-layout-row kt-row-valign-top\">\n\n<div class=\"wp-block-kadence-column kadence-column6_f3591d-43 kb-section-has-link\"><div class=\"kt-inside-inner-col\">\n<div class=\"wp-block-kadence-image kb-image6_d32200-ca\"><figure class=\"aligncenter size-full\"><img loading=\"lazy\" decoding=\"async\" width=\"500\" height=\"107\" src=\"https:\/\/www.etkad.ee\/wp-content\/uploads\/2026\/01\/evaramu_logo.png\" alt=\"\" class=\"kb-img wp-image-107\" srcset=\"https:\/\/www.etkad.ee\/wp-content\/uploads\/2026\/01\/evaramu_logo.png 500w, https:\/\/www.etkad.ee\/wp-content\/uploads\/2026\/01\/evaramu_logo-300x64.png 300w\" sizes=\"auto, (max-width: 500px) 100vw, 500px\" \/><\/figure><\/div>\n\n\n\n<h3 class=\"wp-block-heading has-text-align-center has-red-dark-color has-text-color has-link-color wp-elements-4fa9876e3daa902fd2a61d524132f2d8\">Estonian cultural heritage<br>in one place, with one search<\/h3>\n\n\n\n<p class=\"has-text-align-center\">E-Varamu brings together the digitized collections of Estonian memory institutions, allowing you to search, find and use digitized cultural and scientific materials in one portal.<\/p>\n<\/div><a href=\"\/en\/e-varamu\/\" class=\"kb-section-link-overlay\"><\/a><\/div>\n\n\n\n<div class=\"wp-block-kadence-column kadence-column6_682ce2-65 kb-section-has-link\"><div class=\"kt-inside-inner-col\">\n<div class=\"wp-block-kadence-image kb-image6_bb8372-43\"><figure class=\"aligncenter size-full\"><img loading=\"lazy\" decoding=\"async\" width=\"2560\" height=\"1406\" src=\"https:\/\/www.etkad.ee\/wp-content\/uploads\/2026\/02\/HUMAL_logo_tume_ingliskeelne-scaled.png\" alt=\"\" class=\"kb-img wp-image-906\" srcset=\"https:\/\/www.etkad.ee\/wp-content\/uploads\/2026\/02\/HUMAL_logo_tume_ingliskeelne-scaled.png 2560w, https:\/\/www.etkad.ee\/wp-content\/uploads\/2026\/02\/HUMAL_logo_tume_ingliskeelne-300x165.png 300w, https:\/\/www.etkad.ee\/wp-content\/uploads\/2026\/02\/HUMAL_logo_tume_ingliskeelne-1024x562.png 1024w, https:\/\/www.etkad.ee\/wp-content\/uploads\/2026\/02\/HUMAL_logo_tume_ingliskeelne-768x422.png 768w, https:\/\/www.etkad.ee\/wp-content\/uploads\/2026\/02\/HUMAL_logo_tume_ingliskeelne-1536x844.png 1536w, https:\/\/www.etkad.ee\/wp-content\/uploads\/2026\/02\/HUMAL_logo_tume_ingliskeelne-2048x1125.png 2048w, https:\/\/www.etkad.ee\/wp-content\/uploads\/2026\/02\/HUMAL_logo_tume_ingliskeelne-18x10.png 18w\" sizes=\"auto, (max-width: 2560px) 100vw, 2560px\" \/><\/figure><\/div>\n\n\n\n<h3 class=\"wp-block-heading has-text-align-center has-red-dark-color has-text-color has-link-color wp-elements-1490dc0682083484086e3404386bd322\">Learn from others\u2019 workflows<\/h3>\n\n\n\n<p class=\"has-text-align-center\">The HUM Data Lab supports researchers and interested parties who can learn from the experiences of others and manage, analyze, and share their research process.<\/p>\n<\/div><a href=\"\/en\/humal\/\" class=\"kb-section-link-overlay\"><\/a><\/div>\n\n\n\n<div class=\"wp-block-kadence-column kadence-column6_687bbb-2a kb-section-has-link\"><div class=\"kt-inside-inner-col\">\n<div class=\"wp-block-kadence-image kb-image6_5f1dd8-26\"><figure class=\"aligncenter size-large\"><img loading=\"lazy\" decoding=\"async\" width=\"1024\" height=\"188\" src=\"https:\/\/www.etkad.ee\/wp-content\/uploads\/2026\/01\/DataCite_logo-1024x188.png\" alt=\"\" class=\"kb-img wp-image-108\" srcset=\"https:\/\/www.etkad.ee\/wp-content\/uploads\/2026\/01\/DataCite_logo-1024x188.png 1024w, https:\/\/www.etkad.ee\/wp-content\/uploads\/2026\/01\/DataCite_logo-300x55.png 300w, https:\/\/www.etkad.ee\/wp-content\/uploads\/2026\/01\/DataCite_logo-768x141.png 768w, https:\/\/www.etkad.ee\/wp-content\/uploads\/2026\/01\/DataCite_logo-1536x282.png 1536w, https:\/\/www.etkad.ee\/wp-content\/uploads\/2026\/01\/DataCite_logo-2048x376.png 2048w\" sizes=\"auto, (max-width: 1024px) 100vw, 1024px\" \/><\/figure><\/div>\n\n\n\n<h3 class=\"wp-block-heading has-text-align-center has-red-dark-color has-text-color has-link-color wp-elements-bdda687ac2a67210e44f3d996c9de9f6\">Find and share research data<\/h3>\n\n\n\n<p class=\"has-text-align-center\">DataCite Estonia helps researchers assign DOIs to their datasets so that they are permanently findable, citationable, and internationally usable.<br><\/p>\n<\/div><a href=\"\/en\/datacite-eesti\/\" class=\"kb-section-link-overlay\"><\/a><\/div>\n\n<\/div><\/div><\/div>\n\n\n\n<div style=\"background-image:url(&apos;https:\/\/www.etkad.ee\/wp-content\/uploads\/2026\/01\/ETKAD_koduleht_banner_tumesinine_punasega-scaled.png&apos;);background-size:cover;\" class=\"wp-block-group alignfull is-layout-constrained wp-block-group-is-layout-constrained has-background\"><div class=\"kb-row-layout-wrap kb-row-layout-id6_11ea02-22 alignnone wp-block-kadence-rowlayout\"><div class=\"kt-row-column-wrap kt-has-1-columns kt-row-layout-equal kt-tab-layout-inherit kt-mobile-layout-row kt-row-valign-top\">\n\n<div class=\"wp-block-kadence-column kadence-column6_fefdb0-a4\"><div class=\"kt-inside-inner-col\">\n<h2 class=\"kt-adv-heading6_0c9c43-fe wp-block-kadence-advancedheading has-light-beige-color has-text-color\" data-kb-block=\"kb-adv-heading6_0c9c43-fe\">ETKAD: Andmed, mis on uurimiseks valmis<\/h2>\n\n\n\n<p class=\"kt-adv-heading6_cdbb5d-4b wp-block-kadence-advancedheading has-light-beige-color has-text-color\" data-kb-block=\"kb-adv-heading6_cdbb5d-4b\"><strong>\u00dchendatud \u00f6kos\u00fcsteem<\/strong>&nbsp;\u2013 e-varamu, HUM andmelabor ja DataCite t\u00f6\u00f6tavad koos, kuid iga taristu alaosa on kasutatav ka eraldi.<br><br><strong>Teadlaskeskne disain<\/strong>&nbsp;\u2013 arendame lahendusi koost\u00f6\u00f6s teadlastega, et need sobituksid p\u00e4ris uurimisvoogudesse.<br><br><strong>Globaalne n\u00e4htavus<\/strong>&nbsp;\u2013 rahvusvahelised standardid ja avatud teaduse p\u00f5him\u00f5tted annavad Eesti andmetele maailma mastaabi.<\/p>\n\n\n\n<div class=\"wp-block-kadence-advancedbtn kb-buttons-wrap kb-btns6_34cabc-47\"><a class=\"kb-button kt-button button kb-btn6_6ffc8e-02 kt-btn-size-standard kt-btn-width-type-auto kb-btn-global-fill  kt-btn-has-text-true kt-btn-has-svg-false  wp-block-kadence-singlebtn\" href=\"\/struktuur\/\"><span class=\"kt-btn-inner-text\">Loe ETKADi struktuuri ja n\u00f5ukogu kohta<\/span><\/a><\/div>\n<\/div><\/div>\n\n<\/div><\/div><\/div>\n\n\n\n<div class=\"wp-block-group alignfull is-layout-constrained wp-block-group-is-layout-constrained\"><div class=\"kb-row-layout-wrap kb-row-layout-id6_a23388-9c alignfull wp-block-kadence-rowlayout\"><div class=\"kt-row-column-wrap kt-has-1-columns kt-row-layout-equal kt-tab-layout-inherit kt-mobile-layout-row kt-row-valign-top kb-theme-content-width\">\n\n<div class=\"wp-block-kadence-column kadence-column6_1a6dd9-89 kb-section-dir-vertical inner-column-1\"><div class=\"kt-inside-inner-col\"><div class=\"kb-row-layout-wrap kb-row-layout-id6_7c731d-3b alignnone wp-block-kadence-rowlayout\"><div class=\"kt-row-column-wrap kt-has-1-columns kt-row-layout-equal kt-tab-layout-inherit kt-mobile-layout-row kt-row-valign-top\">\n\n<div class=\"wp-block-kadence-column kadence-column6_44c2a9-67\"><div class=\"kt-inside-inner-col\">\n<h2 class=\"kt-adv-heading6_5289e7-cf wp-block-kadence-advancedheading has-text-color\" data-kb-block=\"kb-adv-heading6_5289e7-cf\">Kuidas ETKAD aitab teadlasi?<\/h2>\n\n\n\n<div class=\"wp-block-kadence-accordion alignnone\"><div class=\"kt-accordion-wrap kt-accordion-id6_132b20-a3 kt-accordion-has-4-panes kt-active-pane-0 kt-accordion-block kt-pane-header-alignment-left kt-accodion-icon-style-basic kt-accodion-icon-side-left\" style=\"max-width:none\"><div class=\"kt-accordion-inner-wrap\" data-allow-multiple-open=\"false\" data-start-open=\"0\">\n<div class=\"wp-block-kadence-pane kt-accordion-pane kt-accordion-pane-1 kt-pane6_f18a3a-6e\"><div class=\"kt-accordion-header-wrap\"><button class=\"kt-blocks-accordion-header kt-acccordion-button-label-show\" type=\"button\"><span class=\"kt-blocks-accordion-title-wrap\"><span class=\"kt-blocks-accordion-title\"><strong>HUM andmelabor<\/strong><\/span><\/span><span class=\"kt-blocks-accordion-icon-trigger\"><\/span><\/button><\/div><div class=\"kt-accordion-panel kt-accordion-panel-hidden\"><div class=\"kt-accordion-panel-inner\">\n<p><strong>Humanitaarandmete anal\u00fc\u00fcsi keskus<\/strong><\/p>\n\n\n\n<p>\u2013 Tutvustab teadlaste t\u00f6\u00f6protsessi etappide kaupa.<br>\u2013 Loob \u00fclevaate Eesti humanitaarteaduslikest andmekogudest.<br>\u2013 Pakub tuge andmete p\u00e4ringuks, anal\u00fc\u00fcsiks ja visualiseerimiseks.<\/p>\n\n\n\n<p><strong>Mida see t\u00e4hendab teadlasele?<\/strong><\/p>\n\n\n\n<p>\u2013 V\u00f5id katsetada digimeetodeid, ilma et peaksid ise keerulist IT-infrastruktuuri ehitama.<br>\u2013 N\u00e4ed, milliseid h\u00e4id praktikaid on kasutanud teised teadlased.<br>\u2013 Saad labori t\u00f6\u00f6s osaledes oma uurimusi avatud teaduse p\u00f5him\u00f5tete kohaselt teistele k\u00e4ttesaadavaks teha.<\/p>\n<\/div><\/div><\/div>\n\n\n\n<div class=\"wp-block-kadence-pane kt-accordion-pane kt-accordion-pane-2 kt-pane6_896888-5b\"><div class=\"kt-accordion-header-wrap\"><button class=\"kt-blocks-accordion-header kt-acccordion-button-label-show\" type=\"button\"><span class=\"kt-blocks-accordion-title-wrap\"><span class=\"kt-blocks-accordion-title\"><strong>E-varamu<\/strong><\/span><\/span><span class=\"kt-blocks-accordion-icon-trigger\"><\/span><\/button><\/div><div class=\"kt-accordion-panel kt-accordion-panel-hidden\"><div class=\"kt-accordion-panel-inner\">\n<p><strong>Eesti teadus- ja kultuuriandmete keskus<\/strong><\/p>\n\n\n\n<p>\u2013 Digiteerib ja s\u00e4ilitab teadust\u00f6\u00f6ks vajalikke kogusid (tekstid, pildid, heli, video, esemed).<br>\u2013 Halda\u00adb tsentraliseeritud andmebaasi ning pakub API-p\u00f5hist ligip\u00e4\u00e4su metaandmetele ja algandmetele.<br>\u2013 Tagab pikaajalise ligip\u00e4\u00e4su, kvaliteetsed formaadid ja rahvusvahelise \u00fchilduvuse (<a href=\"https:\/\/www.europeana.eu\/et\" target=\"_blank\" rel=\"noreferrer noopener\">Europeana<\/a>).<\/p>\n\n\n\n<p><strong>Mida see t\u00e4hendab teadlasele?<\/strong><\/p>\n\n\n\n<p>\u2013 Otsid ja leiad vajalikud allikmaterjalid \u00fchest kohast.<br>\u2013 Kasutad andmeid omaenda t\u00f6\u00f6riistadega, sh HUM andmelabori keskkonnas andmete anal\u00fc\u00fcsiks.<br>\u2013 V\u00f5id tellida digiteerimist oma uurimisprojekti vajadustest l\u00e4htudes.<\/p>\n<\/div><\/div><\/div>\n\n\n\n<div class=\"wp-block-kadence-pane kt-accordion-pane kt-accordion-pane-3 kt-pane6_dedf59-98\"><div class=\"kt-accordion-header-wrap\"><button class=\"kt-blocks-accordion-header kt-acccordion-button-label-show\" type=\"button\"><span class=\"kt-blocks-accordion-title-wrap\"><span class=\"kt-blocks-accordion-title\"><strong>DataCite Eesti<\/strong><\/span><\/span><span class=\"kt-blocks-accordion-icon-trigger\"><\/span><\/button><\/div><div class=\"kt-accordion-panel kt-accordion-panel-hidden\"><div class=\"kt-accordion-panel-inner\">\n<p><strong>Rahvusvaheline viidatavus ja s\u00e4ilitamine<\/strong><\/p>\n\n\n\n<p>\u2013 V\u00e4ljastab DOI-sid, et andmed oleksid p\u00fcsivalt viidatavad ja h\u00f5lpsasti leitavad.<br>\u2013 Pakub andmerepositooriumi teenust turvaliseks s\u00e4ilitamiseks.<br>\u2013 Osaleb DataCite v\u00f5rgustikus, tagades Eesti andmete rahvusvahelise k\u00e4ttesaadavuse.<\/p>\n\n\n\n<p><strong>Mida see t\u00e4hendab teadlasele?<\/strong><\/p>\n\n\n\n<p>\u2013 Sinu andmestik saab unikaalse ja p\u00fcsiva viite (DOI), mida tunnustavad teadusajakirjad ja rahvusvahelised andmeplatvormid.<br>\u2013 Andmed p\u00fcsivad k\u00e4ttesaadavad ka projekti l\u00f5ppedes.<br>\u2013 Lihtne tee avatud teaduse ja FAIR-p\u00f5him\u00f5tete j\u00e4rgimiseks.<\/p>\n<\/div><\/div><\/div>\n<\/div><\/div><\/div>\n<\/div><\/div>\n\n<\/div><\/div><\/div><\/div>\n\n<\/div><\/div><\/div>\n\n\n\n<div class=\"wp-block-group alignfull has-light-blue-background-color has-background is-layout-constrained wp-block-group-is-layout-constrained\">\n<div class=\"wp-block-kadence-column kadence-column6_87dc00-96\"><div class=\"kt-inside-inner-col\">\n<h2 class=\"kt-adv-heading6_0fc944-3a front-uudised wp-block-kadence-advancedheading\" data-kb-block=\"kb-adv-heading6_0fc944-3a\">Uudised<\/h2>\n\n\n<ul class=\"wp-block-kadence-posts kb-posts kadence-posts-list kb-posts-id-6_ebdef4-61 content-wrap grid-cols kb-posts-style-boxed grid-sm-col-2 grid-lg-col-3 item-image-style-above\"><li class=\"kb-post-list-item\">\n\t<article class=\"entry content-bg loop-entry kb-post-no-image post-1665 post type-post status-publish format-standard hentry category-uudised\">\n\t\t\t\t<div class=\"entry-content-wrap\">\n\t\t\t<header class=\"entry-header\">\n\t<h2 class=\"entry-title\"><a href=\"https:\/\/www.etkad.ee\/en\/uudised\/hum-hakaton-kutsub-kultuuriparandit-avastama\/\" rel=\"bookmark\">HUM h\u00e4katon kutsub kultuurip\u00e4randit avastama<\/a><\/h2><\/header><!-- .entry-header -->\n\t<div class=\"entry-summary\">\n\t\t<p>17.\u201319. aprillil 2026 toimub Eesti Kirjandusmuuseumis HUM h\u00e4katon \u2013 kolmep\u00e4evane interdistsiplinaarne s\u00fcndmus, mis toob kokku tudengid, tehnoloogiahuvilised, m\u00e4lu- ja teadusasutused, et katsetada uusi viise kultuurip\u00e4randi ja teadusandmete kasutamiseks. H\u00e4katoni korraldab HUM andmelabor. Labori eesm\u00e4rk on edendada andmemahukaid uurimispraktikaid humanitaarteadustes. H\u00e4katoni keskmes on kultuuriandmed ja nende loov ning uurimuslik kasutamine. Osalejad t\u00f6\u00f6tavad meeskondades ning arendavad h\u00e4katoni [&hellip;]<\/p>\n\t<\/div><!-- .entry-summary -->\n\t<footer class=\"entry-footer\">\n\t\t\t<div class=\"entry-actions\">\n\t\t\t<p class=\"more-link-wrap\">\n\t\t\t\t<a href=\"https:\/\/www.etkad.ee\/en\/uudised\/hum-hakaton-kutsub-kultuuriparandit-avastama\/\" class=\"post-more-link\">\n\t\t\t\t\tAva uudis<span class=\"screen-reader-text\"> HUM h\u00e4katon kutsub kultuurip\u00e4randit avastama<\/span><span class=\"kadence-svg-iconset svg-baseline\"><svg aria-hidden=\"true\" class=\"kadence-svg-icon kadence-arrow-right-alt-svg\" fill=\"currentColor\" version=\"1.1\" xmlns=\"http:\/\/www.w3.org\/2000\/svg\" width=\"27\" height=\"28\" viewBox=\"0 0 27 28\"><title>Continue<\/title><path d=\"M27 13.953c0 0.141-0.063 0.281-0.156 0.375l-6 5.531c-0.156 0.141-0.359 0.172-0.547 0.094-0.172-0.078-0.297-0.25-0.297-0.453v-3.5h-19.5c-0.281 0-0.5-0.219-0.5-0.5v-3c0-0.281 0.219-0.5 0.5-0.5h19.5v-3.5c0-0.203 0.109-0.375 0.297-0.453s0.391-0.047 0.547 0.078l6 5.469c0.094 0.094 0.156 0.219 0.156 0.359v0z\"><\/path>\n\t\t\t<\/svg><\/span>\t\t\t\t<\/a>\n\t\t\t<\/p>\n\t\t<\/div><!-- .entry-actions -->\n\t\t<\/footer><!-- .entry-footer -->\t\t<\/div>\n\t<\/article>\n<\/li>\n<li class=\"kb-post-list-item\">\n\t<article class=\"entry content-bg loop-entry kb-post-no-image post-1593 post type-post status-publish format-standard hentry category-uudised\">\n\t\t\t\t<div class=\"entry-content-wrap\">\n\t\t\t<header class=\"entry-header\">\n\t<h2 class=\"entry-title\"><a href=\"https:\/\/www.etkad.ee\/en\/uudised\/otsime-tarkvaraarendajat\/\" rel=\"bookmark\">Otsime tarkvaraarendajat<\/a><\/h2><\/header><!-- .entry-header -->\n\t<div class=\"entry-summary\">\n\t\t<p>Eesti Kirjandusmuuseum kuulutab v\u00e4lja konkursi Eesti Teadus- ja Kultuuriandmete Digitaristu andmelabori arendaja 1,0 koormusega ametikohale. T\u00f6\u00f6le asumise aeg:&nbsp;esimesel v\u00f5imalusel.Kandideerimise viimane kuup\u00e4ev:&nbsp;16.04.2026. Mida Sa tegema hakkad?Eesti Kirjandusmuuseumis arendad t\u00f6\u00f6riista, mis muudab humanitaarteadlase elu lihtsamaks: \u00fchest kohast saavad teadlaste t\u00f6\u00f6grupid hallata koodi Git-repos, jooksutada koodi Dockeri konteinerites ja k\u00e4ivitada mahukamaid arvutus\u00fclesandeid teadusele m\u00f5eldud pilveserverites. Tagad, et teadust\u00f6\u00f6 [&hellip;]<\/p>\n\t<\/div><!-- .entry-summary -->\n\t<footer class=\"entry-footer\">\n\t\t\t<div class=\"entry-actions\">\n\t\t\t<p class=\"more-link-wrap\">\n\t\t\t\t<a href=\"https:\/\/www.etkad.ee\/en\/uudised\/otsime-tarkvaraarendajat\/\" class=\"post-more-link\">\n\t\t\t\t\tAva uudis<span class=\"screen-reader-text\"> Otsime tarkvaraarendajat<\/span><span class=\"kadence-svg-iconset svg-baseline\"><svg aria-hidden=\"true\" class=\"kadence-svg-icon kadence-arrow-right-alt-svg\" fill=\"currentColor\" version=\"1.1\" xmlns=\"http:\/\/www.w3.org\/2000\/svg\" width=\"27\" height=\"28\" viewBox=\"0 0 27 28\"><title>Continue<\/title><path d=\"M27 13.953c0 0.141-0.063 0.281-0.156 0.375l-6 5.531c-0.156 0.141-0.359 0.172-0.547 0.094-0.172-0.078-0.297-0.25-0.297-0.453v-3.5h-19.5c-0.281 0-0.5-0.219-0.5-0.5v-3c0-0.281 0.219-0.5 0.5-0.5h19.5v-3.5c0-0.203 0.109-0.375 0.297-0.453s0.391-0.047 0.547 0.078l6 5.469c0.094 0.094 0.156 0.219 0.156 0.359v0z\"><\/path>\n\t\t\t<\/svg><\/span>\t\t\t\t<\/a>\n\t\t\t<\/p>\n\t\t<\/div><!-- .entry-actions -->\n\t\t<\/footer><!-- .entry-footer -->\t\t<\/div>\n\t<\/article>\n<\/li>\n<li class=\"kb-post-list-item\">\n\t<article class=\"entry content-bg loop-entry kb-post-no-image post-1304 post type-post status-publish format-standard hentry category-uudised\">\n\t\t\t\t<div class=\"entry-content-wrap\">\n\t\t\t<header class=\"entry-header\">\n\t<h2 class=\"entry-title\"><a href=\"https:\/\/www.etkad.ee\/en\/uudised\/kutsume-hum-andmelabori-hakatonile\/\" rel=\"bookmark\">Kutsume HUM andmelabori h\u00e4katonile<\/a><\/h2><\/header><!-- .entry-header -->\n\t<div class=\"entry-summary\">\n\t\t<p>Alanud on registreerumine HUM andmelabori h\u00e4katonile, mis toob kokku humanitaarteadlased, tudengid, arendajad, disainerid ja k\u00f5ik andmehuvilised, kes soovivad katsetada kultuuri- ja teadusandmetega praktilises koost\u00f6\u00f6vormis. H\u00e4katon toimub 17-19. aprillil Eesti Kirjandusmuuseumis (Vanemuise 42, Tartu). N\u00e4dalavahetuse jooksul t\u00f6\u00f6tavad meeskonnad kultuurip\u00e4randi andmestikega, arendades protot\u00fc\u00fcpe, uusi vaatenurki ja kasutusviise. Eesm\u00e4rk ei ole valmis toode, vaid \u00f5ppimine, katsetamine ja n\u00e4itamine, [&hellip;]<\/p>\n\t<\/div><!-- .entry-summary -->\n\t<footer class=\"entry-footer\">\n\t\t\t<div class=\"entry-actions\">\n\t\t\t<p class=\"more-link-wrap\">\n\t\t\t\t<a href=\"https:\/\/www.etkad.ee\/en\/uudised\/kutsume-hum-andmelabori-hakatonile\/\" class=\"post-more-link\">\n\t\t\t\t\tAva uudis<span class=\"screen-reader-text\"> Kutsume HUM andmelabori h\u00e4katonile<\/span><span class=\"kadence-svg-iconset svg-baseline\"><svg aria-hidden=\"true\" class=\"kadence-svg-icon kadence-arrow-right-alt-svg\" fill=\"currentColor\" version=\"1.1\" xmlns=\"http:\/\/www.w3.org\/2000\/svg\" width=\"27\" height=\"28\" viewBox=\"0 0 27 28\"><title>Continue<\/title><path d=\"M27 13.953c0 0.141-0.063 0.281-0.156 0.375l-6 5.531c-0.156 0.141-0.359 0.172-0.547 0.094-0.172-0.078-0.297-0.25-0.297-0.453v-3.5h-19.5c-0.281 0-0.5-0.219-0.5-0.5v-3c0-0.281 0.219-0.5 0.5-0.5h19.5v-3.5c0-0.203 0.109-0.375 0.297-0.453s0.391-0.047 0.547 0.078l6 5.469c0.094 0.094 0.156 0.219 0.156 0.359v0z\"><\/path>\n\t\t\t<\/svg><\/span>\t\t\t\t<\/a>\n\t\t\t<\/p>\n\t\t<\/div><!-- .entry-actions -->\n\t\t<\/footer><!-- .entry-footer -->\t\t<\/div>\n\t<\/article>\n<\/li>\n<\/ul>\n\n\n<div class=\"wp-block-kadence-advancedbtn kb-buttons-wrap kb-btns6_222dd2-2d\"><a class=\"kb-button kt-button button kb-btn6_6b5c33-d3 kt-btn-size-standard kt-btn-width-type-auto kb-btn-global-fill  kt-btn-has-text-true kt-btn-has-svg-false  wp-block-kadence-singlebtn\" href=\"\/uudised\"><span class=\"kt-btn-inner-text\">K\u00f5ik uudised<\/span><\/a><\/div>\n<\/div><\/div>\n<\/div>\n","protected":false},"excerpt":{"rendered":"<p>LEIA, KASUTA, VIITALIHTSALT Eesti teadus- ja kultuuriandmete digitaristu Eesti teadus- ja kultuuriandmete digitaristu (ETKAD) muudab andmed n\u00e4htavaks. Taristu \u00fchendab k\u00fcmmet institutsiooni, mis tegelevad andmete k\u00e4ttesaadavaks ja kasutatavaks muutmisega. ETKAD partnerite s\u00fcnergias loodav taristu toob rikkaliku eesti kultuuri ja teadusainese, sh selle andmepotentsiaali laiemasse avalikku ja teaduskasutusse ja loob teadlastele, \u00f5ppijatele, uurijatele moodsad v\u00f5imalused andmeanal\u00fc\u00fcsiks. E-varamu [&hellip;]<\/p>\n","protected":false},"author":1,"featured_media":0,"parent":0,"menu_order":0,"comment_status":"closed","ping_status":"closed","template":"","meta":{"footnotes":""},"class_list":["post-6","page","type-page","status-publish","hentry"],"_links":{"self":[{"href":"https:\/\/www.etkad.ee\/en\/wp-json\/wp\/v2\/pages\/6","targetHints":{"allow":["GET"]}}],"collection":[{"href":"https:\/\/www.etkad.ee\/en\/wp-json\/wp\/v2\/pages"}],"about":[{"href":"https:\/\/www.etkad.ee\/en\/wp-json\/wp\/v2\/types\/page"}],"author":[{"embeddable":true,"href":"https:\/\/www.etkad.ee\/en\/wp-json\/wp\/v2\/users\/1"}],"replies":[{"embeddable":true,"href":"https:\/\/www.etkad.ee\/en\/wp-json\/wp\/v2\/comments?post=6"}],"version-history":[{"count":164,"href":"https:\/\/www.etkad.ee\/en\/wp-json\/wp\/v2\/pages\/6\/revisions"}],"predecessor-version":[{"id":1510,"href":"https:\/\/www.etkad.ee\/en\/wp-json\/wp\/v2\/pages\/6\/revisions\/1510"}],"wp:attachment":[{"href":"https:\/\/www.etkad.ee\/en\/wp-json\/wp\/v2\/media?parent=6"}],"curies":[{"name":"wp","href":"https:\/\/api.w.org\/{rel}","templated":true}]}}