{"id":382,"date":"2025-10-28T12:16:56","date_gmt":"2025-10-28T10:16:56","guid":{"rendered":"https:\/\/www.etkad.ee\/?page_id=382"},"modified":"2026-02-03T14:38:39","modified_gmt":"2026-02-03T14:38:39","slug":"kaisa-langer","status":"publish","type":"page","link":"https:\/\/www.etkad.ee\/en\/humal\/kaisa-langer\/","title":{"rendered":"Kaisa Langer"},"content":{"rendered":"<div class=\"kb-row-layout-wrap kb-row-layout-id382_836982-63 alignfull has-light-beige-background-color kt-row-has-bg wp-block-kadence-rowlayout\"><div class=\"kt-row-column-wrap kt-has-2-columns kt-row-layout-equal kt-tab-layout-row kt-mobile-layout-row kt-row-valign-middle\">\n\n<div class=\"wp-block-kadence-column kadence-column382_ad02cb-c1 inner-column-1\"><div class=\"kt-inside-inner-col\">\n<h6 class=\"kt-adv-heading382_ad7f39-2f wp-block-kadence-advancedheading has-theme-palette-1-color has-text-color\" data-kb-block=\"kb-adv-heading382_ad7f39-2f\">Eesti Kirjandusmuuseum <\/h6>\n\n\n\n<h2 class=\"kt-adv-heading382_1ff7a5-d1 wp-block-kadence-advancedheading\" data-kb-block=\"kb-adv-heading382_1ff7a5-d1\">Labori projektijuht<\/h2>\n\n\n\n<p class=\"kt-adv-heading382_093dc0-ec wp-block-kadence-advancedheading\" data-kb-block=\"kb-adv-heading382_093dc0-ec\">Kaisa soovib, et digihumanitaaria t\u00f6\u00f6protsessid oleksid k\u00f5igile huvilistele arusaadavad ja meetodite j\u00e4releproovimine oleks lihtne. Laboris juhib Kaisa teadlaste meeskonda.<\/p>\n\n\n\n<div class=\"wp-block-kadence-iconlist kt-svg-icon-list-items kt-svg-icon-list-items382_7bdef6-59 kt-svg-icon-list-columns-1 alignnone\"><ul class=\"kt-svg-icon-list\">\n<li class=\"wp-block-kadence-listitem kt-svg-icon-list-item-wrap kt-svg-icon-list-item-382_5b737f-af\"><span class=\"kb-svg-icon-wrap kb-svg-icon-kb_email-solid kt-svg-icon-list-single\"><svg viewBox=\"0 0 24 24\"  fill=\"currentColor\" xmlns=\"http:\/\/www.w3.org\/2000\/svg\"  aria-hidden=\"true\"><path d=\"M12 12.5l9-5.06V6c0-1.1-.9-2-2-2H5c-1.1 0-2 .9-2 2v1.44l9 5.06z\"\/><path d=\"M12 13.5l-9-5.06V18c0 1.1.9 2 2 2h14c1.1 0 2-.9 2-2V8.44l-9 5.06z\"\/><\/svg><\/span><span class=\"kt-svg-icon-list-text\"><a href=\"mailto:kaisa.langer@kirmus.ee\">kaisa.langer[at]kirmus.ee<\/a><\/span><\/li>\n\n\n\n<li class=\"wp-block-kadence-listitem kt-svg-icon-list-item-wrap kt-svg-icon-list-item-382_91afe1-f5\"><span class=\"kb-svg-icon-wrap kb-svg-icon-fas_newspaper kt-svg-icon-list-single\"><svg viewBox=\"0 0 576 512\"  fill=\"currentColor\" xmlns=\"http:\/\/www.w3.org\/2000\/svg\"  aria-hidden=\"true\"><path d=\"M552 64H88c-13.255 0-24 10.745-24 24v8H24c-13.255 0-24 10.745-24 24v272c0 30.928 25.072 56 56 56h472c26.51 0 48-21.49 48-48V88c0-13.255-10.745-24-24-24zM56 400a8 8 0 0 1-8-8V144h16v248a8 8 0 0 1-8 8zm236-16H140c-6.627 0-12-5.373-12-12v-8c0-6.627 5.373-12 12-12h152c6.627 0 12 5.373 12 12v8c0 6.627-5.373 12-12 12zm208 0H348c-6.627 0-12-5.373-12-12v-8c0-6.627 5.373-12 12-12h152c6.627 0 12 5.373 12 12v8c0 6.627-5.373 12-12 12zm-208-96H140c-6.627 0-12-5.373-12-12v-8c0-6.627 5.373-12 12-12h152c6.627 0 12 5.373 12 12v8c0 6.627-5.373 12-12 12zm208 0H348c-6.627 0-12-5.373-12-12v-8c0-6.627 5.373-12 12-12h152c6.627 0 12 5.373 12 12v8c0 6.627-5.373 12-12 12zm0-96H140c-6.627 0-12-5.373-12-12v-40c0-6.627 5.373-12 12-12h360c6.627 0 12 5.373 12 12v40c0 6.627-5.373 12-12 12z\"\/><\/svg><\/span><span class=\"kt-svg-icon-list-text\"><a href=\"https:\/\/www.etis.ee\/CV\/Kaisa_Langer\" target=\"_blank\" rel=\"noreferrer noopener\">Etis<\/a><\/span><\/li>\n\n\n\n<li class=\"wp-block-kadence-listitem kt-svg-icon-list-item-wrap kt-svg-icon-list-item-382_66e9ab-c1\"><span class=\"kb-svg-icon-wrap kb-svg-icon-fas_newspaper kt-svg-icon-list-single\"><svg viewBox=\"0 0 576 512\"  fill=\"currentColor\" xmlns=\"http:\/\/www.w3.org\/2000\/svg\"  aria-hidden=\"true\"><path d=\"M552 64H88c-13.255 0-24 10.745-24 24v8H24c-13.255 0-24 10.745-24 24v272c0 30.928 25.072 56 56 56h472c26.51 0 48-21.49 48-48V88c0-13.255-10.745-24-24-24zM56 400a8 8 0 0 1-8-8V144h16v248a8 8 0 0 1-8 8zm236-16H140c-6.627 0-12-5.373-12-12v-8c0-6.627 5.373-12 12-12h152c6.627 0 12 5.373 12 12v8c0 6.627-5.373 12-12 12zm208 0H348c-6.627 0-12-5.373-12-12v-8c0-6.627 5.373-12 12-12h152c6.627 0 12 5.373 12 12v8c0 6.627-5.373 12-12 12zm-208-96H140c-6.627 0-12-5.373-12-12v-8c0-6.627 5.373-12 12-12h152c6.627 0 12 5.373 12 12v8c0 6.627-5.373 12-12 12zm208 0H348c-6.627 0-12-5.373-12-12v-8c0-6.627 5.373-12 12-12h152c6.627 0 12 5.373 12 12v8c0 6.627-5.373 12-12 12zm0-96H140c-6.627 0-12-5.373-12-12v-40c0-6.627 5.373-12 12-12h360c6.627 0 12 5.373 12 12v40c0 6.627-5.373 12-12 12z\"\/><\/svg><\/span><span class=\"kt-svg-icon-list-text\"><a href=\"https:\/\/orcid.org\/0000-0002-0898-0790\" target=\"_blank\" rel=\"noreferrer noopener\">Orcid<\/a><\/span><\/li>\n<\/ul><\/div>\n<\/div><\/div>\n\n\n\n<div class=\"wp-block-kadence-column kadence-column382_9c860d-de kb-section-dir-vertical inner-column-2\"><div class=\"kt-inside-inner-col\">\n<div class=\"wp-block-kadence-image kb-image382_59e622-7b\"><figure class=\"aligncenter kb-image-is-ratio-size\"><div class=\"kb-is-ratio-image kb-image-ratio-square\"><img loading=\"lazy\" decoding=\"async\" width=\"2362\" height=\"2560\" src=\"https:\/\/www.etkad.ee\/wp-content\/uploads\/2025\/09\/kaisa_profil-scaled-1.jpg\" alt=\"Kaisa Langer portree\" class=\"kb-img wp-image-583\" srcset=\"https:\/\/www.etkad.ee\/wp-content\/uploads\/2025\/09\/kaisa_profil-scaled-1.jpg 2362w, https:\/\/www.etkad.ee\/wp-content\/uploads\/2025\/09\/kaisa_profil-scaled-1-277x300.jpg 277w, https:\/\/www.etkad.ee\/wp-content\/uploads\/2025\/09\/kaisa_profil-scaled-1-945x1024.jpg 945w, https:\/\/www.etkad.ee\/wp-content\/uploads\/2025\/09\/kaisa_profil-scaled-1-768x832.jpg 768w, https:\/\/www.etkad.ee\/wp-content\/uploads\/2025\/09\/kaisa_profil-scaled-1-1417x1536.jpg 1417w, https:\/\/www.etkad.ee\/wp-content\/uploads\/2025\/09\/kaisa_profil-scaled-1-1890x2048.jpg 1890w\" sizes=\"auto, (max-width: 2362px) 100vw, 2362px\" \/><\/div><\/figure><\/div>\n<\/div><\/div>\n\n<\/div><\/div>","protected":false},"excerpt":{"rendered":"<p>Eesti Kirjandusmuuseum Labori projektijuht Kaisa soovib, et digihumanitaaria t\u00f6\u00f6protsessid oleksid k\u00f5igile huvilistele arusaadavad ja meetodite j\u00e4releproovimine oleks lihtne. Laboris juhib Kaisa teadlaste meeskonda.<\/p>","protected":false},"author":1,"featured_media":0,"parent":120,"menu_order":0,"comment_status":"closed","ping_status":"closed","template":"","meta":{"footnotes":""},"class_list":["post-382","page","type-page","status-publish","hentry"],"_links":{"self":[{"href":"https:\/\/www.etkad.ee\/en\/wp-json\/wp\/v2\/pages\/382","targetHints":{"allow":["GET"]}}],"collection":[{"href":"https:\/\/www.etkad.ee\/en\/wp-json\/wp\/v2\/pages"}],"about":[{"href":"https:\/\/www.etkad.ee\/en\/wp-json\/wp\/v2\/types\/page"}],"author":[{"embeddable":true,"href":"https:\/\/www.etkad.ee\/en\/wp-json\/wp\/v2\/users\/1"}],"replies":[{"embeddable":true,"href":"https:\/\/www.etkad.ee\/en\/wp-json\/wp\/v2\/comments?post=382"}],"version-history":[{"count":4,"href":"https:\/\/www.etkad.ee\/en\/wp-json\/wp\/v2\/pages\/382\/revisions"}],"predecessor-version":[{"id":818,"href":"https:\/\/www.etkad.ee\/en\/wp-json\/wp\/v2\/pages\/382\/revisions\/818"}],"up":[{"embeddable":true,"href":"https:\/\/www.etkad.ee\/en\/wp-json\/wp\/v2\/pages\/120"}],"wp:attachment":[{"href":"https:\/\/www.etkad.ee\/en\/wp-json\/wp\/v2\/media?parent=382"}],"curies":[{"name":"wp","href":"https:\/\/api.w.org\/{rel}","templated":true}]}}