{"id":346,"date":"2025-10-24T13:49:41","date_gmt":"2025-10-24T10:49:41","guid":{"rendered":"https:\/\/www.etkad.ee\/?page_id=346"},"modified":"2026-02-06T08:02:54","modified_gmt":"2026-02-06T08:02:54","slug":"kersti-laupa","status":"publish","type":"page","link":"https:\/\/www.etkad.ee\/en\/datacite-eesti\/kersti-laupa\/","title":{"rendered":"Kersti Laupa"},"content":{"rendered":"<div class=\"kb-row-layout-wrap kb-row-layout-id346_9ed620-e9 alignfull has-light-beige-background-color kt-row-has-bg wp-block-kadence-rowlayout\"><div class=\"kt-row-column-wrap kt-has-2-columns kt-row-layout-equal kt-tab-layout-row kt-mobile-layout-row kt-row-valign-middle\">\n\n<div class=\"wp-block-kadence-column kadence-column346_71f08f-91 inner-column-1\"><div class=\"kt-inside-inner-col\">\n<h6 class=\"kt-adv-heading346_4a7071-e9 wp-block-kadence-advancedheading has-theme-palette-1-color has-text-color\" data-kb-block=\"kb-adv-heading346_4a7071-e9\">Eesti Maa\u00fclikool<\/h6>\n\n\n\n<h2 class=\"kt-adv-heading346_7456ce-c1 wp-block-kadence-advancedheading\" data-kb-block=\"kb-adv-heading346_7456ce-c1\">Eesti Maa\u00fclikooli kontaktisik DataCite Eesti konsortsiumis<\/h2>\n\n\n\n<p class=\"kt-adv-heading346_713404-93 wp-block-kadence-advancedheading\" data-kb-block=\"kb-adv-heading346_713404-93\">Kersti vastutab Eesti Maa\u00fclikooli digitaalarhiivi EMU DSpace haldamise ja arendamise eest. Ta toetab teadlasi andmehalduse tugiteenustega ning vastutab teadusandmete DOI-dega varustamise eest. Kersti tegutseb selle nimel, et Eesti Maa\u00fclikooli teadusandmed oleksid n\u00e4htavad ja leitavad rahvusvahelises teadusruumis.<\/p>\n\n\n\n<div class=\"wp-block-kadence-iconlist kt-svg-icon-list-items kt-svg-icon-list-items346_e657bb-e2 kt-svg-icon-list-columns-1 alignnone\"><ul class=\"kt-svg-icon-list\">\n<li class=\"wp-block-kadence-listitem kt-svg-icon-list-item-wrap kt-svg-icon-list-item-346_b2d9c2-5d\"><span class=\"kb-svg-icon-wrap kb-svg-icon-kb_email-solid kt-svg-icon-list-single\"><svg viewBox=\"0 0 24 24\"  fill=\"currentColor\" xmlns=\"http:\/\/www.w3.org\/2000\/svg\"  aria-hidden=\"true\"><path d=\"M12 12.5l9-5.06V6c0-1.1-.9-2-2-2H5c-1.1 0-2 .9-2 2v1.44l9 5.06z\"\/><path d=\"M12 13.5l-9-5.06V18c0 1.1.9 2 2 2h14c1.1 0 2-.9 2-2V8.44l-9 5.06z\"\/><\/svg><\/span><span class=\"kt-svg-icon-list-text\"><a href=\"mailto:kersti.laupa@emu.ee\">kersti.laupa[at]emu.ee<\/a><\/span><\/li>\n\n\n\n<li class=\"wp-block-kadence-listitem kt-svg-icon-list-item-wrap kt-svg-icon-list-item-346_bd8488-55\"><span class=\"kb-svg-icon-wrap kb-svg-icon-fas_newspaper kt-svg-icon-list-single\"><svg viewBox=\"0 0 576 512\"  fill=\"currentColor\" xmlns=\"http:\/\/www.w3.org\/2000\/svg\"  aria-hidden=\"true\"><path d=\"M552 64H88c-13.255 0-24 10.745-24 24v8H24c-13.255 0-24 10.745-24 24v272c0 30.928 25.072 56 56 56h472c26.51 0 48-21.49 48-48V88c0-13.255-10.745-24-24-24zM56 400a8 8 0 0 1-8-8V144h16v248a8 8 0 0 1-8 8zm236-16H140c-6.627 0-12-5.373-12-12v-8c0-6.627 5.373-12 12-12h152c6.627 0 12 5.373 12 12v8c0 6.627-5.373 12-12 12zm208 0H348c-6.627 0-12-5.373-12-12v-8c0-6.627 5.373-12 12-12h152c6.627 0 12 5.373 12 12v8c0 6.627-5.373 12-12 12zm-208-96H140c-6.627 0-12-5.373-12-12v-8c0-6.627 5.373-12 12-12h152c6.627 0 12 5.373 12 12v8c0 6.627-5.373 12-12 12zm208 0H348c-6.627 0-12-5.373-12-12v-8c0-6.627 5.373-12 12-12h152c6.627 0 12 5.373 12 12v8c0 6.627-5.373 12-12 12zm0-96H140c-6.627 0-12-5.373-12-12v-40c0-6.627 5.373-12 12-12h360c6.627 0 12 5.373 12 12v40c0 6.627-5.373 12-12 12z\"\/><\/svg><\/span><span class=\"kt-svg-icon-list-text\"><a href=\"https:\/\/www.etis.ee\/CV\/Kersti_Laupa\/\" target=\"_blank\" rel=\"noreferrer noopener\">Etis<\/a><\/span><\/li>\n<\/ul><\/div>\n<\/div><\/div>\n\n\n\n<div class=\"wp-block-kadence-column kadence-column346_5cdd9f-be kb-section-dir-vertical inner-column-2\"><div class=\"kt-inside-inner-col\">\n<div class=\"wp-block-kadence-image kb-image346_24d99a-2e\"><figure class=\"aligncenter size-full kb-image-is-ratio-size\"><div class=\"kb-is-ratio-image kb-image-ratio-square\"><img loading=\"lazy\" decoding=\"async\" width=\"800\" height=\"1000\" src=\"https:\/\/www.etkad.ee\/wp-content\/uploads\/2025\/10\/Kersti_Laupa_Kersti-Laupa.jpg\" alt=\"\" class=\"kb-img wp-image-347\" srcset=\"https:\/\/www.etkad.ee\/wp-content\/uploads\/2025\/10\/Kersti_Laupa_Kersti-Laupa.jpg 800w, https:\/\/www.etkad.ee\/wp-content\/uploads\/2025\/10\/Kersti_Laupa_Kersti-Laupa-240x300.jpg 240w, https:\/\/www.etkad.ee\/wp-content\/uploads\/2025\/10\/Kersti_Laupa_Kersti-Laupa-768x960.jpg 768w\" sizes=\"auto, (max-width: 800px) 100vw, 800px\" \/><\/div><\/figure><\/div>\n<\/div><\/div>\n\n<\/div><\/div>","protected":false},"excerpt":{"rendered":"<p>Eesti Maa\u00fclikool Eesti Maa\u00fclikooli kontaktisik DataCite Eesti konsortsiumis Kersti vastutab Eesti Maa\u00fclikooli digitaalarhiivi EMU DSpace haldamise ja arendamise eest. Ta toetab teadlasi andmehalduse tugiteenustega ning vastutab teadusandmete DOI-dega varustamise eest. Kersti tegutseb selle nimel, et Eesti Maa\u00fclikooli teadusandmed oleksid n\u00e4htavad ja leitavad rahvusvahelises teadusruumis.<\/p>","protected":false},"author":1,"featured_media":0,"parent":909,"menu_order":0,"comment_status":"closed","ping_status":"closed","template":"","meta":{"footnotes":""},"class_list":["post-346","page","type-page","status-publish","hentry"],"_links":{"self":[{"href":"https:\/\/www.etkad.ee\/en\/wp-json\/wp\/v2\/pages\/346","targetHints":{"allow":["GET"]}}],"collection":[{"href":"https:\/\/www.etkad.ee\/en\/wp-json\/wp\/v2\/pages"}],"about":[{"href":"https:\/\/www.etkad.ee\/en\/wp-json\/wp\/v2\/types\/page"}],"author":[{"embeddable":true,"href":"https:\/\/www.etkad.ee\/en\/wp-json\/wp\/v2\/users\/1"}],"replies":[{"embeddable":true,"href":"https:\/\/www.etkad.ee\/en\/wp-json\/wp\/v2\/comments?post=346"}],"version-history":[{"count":3,"href":"https:\/\/www.etkad.ee\/en\/wp-json\/wp\/v2\/pages\/346\/revisions"}],"predecessor-version":[{"id":815,"href":"https:\/\/www.etkad.ee\/en\/wp-json\/wp\/v2\/pages\/346\/revisions\/815"}],"up":[{"embeddable":true,"href":"https:\/\/www.etkad.ee\/en\/wp-json\/wp\/v2\/pages\/909"}],"wp:attachment":[{"href":"https:\/\/www.etkad.ee\/en\/wp-json\/wp\/v2\/media?parent=346"}],"curies":[{"name":"wp","href":"https:\/\/api.w.org\/{rel}","templated":true}]}}