{"id":338,"date":"2025-10-22T18:58:15","date_gmt":"2025-10-22T15:58:15","guid":{"rendered":"https:\/\/www.etkad.ee\/?page_id=338"},"modified":"2026-02-06T08:02:36","modified_gmt":"2026-02-06T08:02:36","slug":"carolina-schultz","status":"publish","type":"page","link":"https:\/\/www.etkad.ee\/en\/datacite-eesti\/carolina-schultz\/","title":{"rendered":"Carolina Schultz"},"content":{"rendered":"<div class=\"kb-row-layout-wrap kb-row-layout-id338_6284b8-3e alignfull has-light-beige-background-color kt-row-has-bg wp-block-kadence-rowlayout\"><div class=\"kt-row-column-wrap kt-has-2-columns kt-row-layout-equal kt-tab-layout-row kt-mobile-layout-row kt-row-valign-middle\">\n\n<div class=\"wp-block-kadence-column kadence-column338_441118-ad inner-column-1\"><div class=\"kt-inside-inner-col\">\n<h6 class=\"kt-adv-heading338_b72680-f3 wp-block-kadence-advancedheading has-theme-palette-1-color has-text-color\" data-kb-block=\"kb-adv-heading338_b72680-f3\">Tallinna \u00dclikooli akadeemiline raamatukogu<\/h6>\n\n\n\n<h2 class=\"kt-adv-heading338_e2f67d-2a wp-block-kadence-advancedheading\" data-kb-block=\"kb-adv-heading338_e2f67d-2a\">Erialainfo peaspetsialist<\/h2>\n\n\n\n<p class=\"kt-adv-heading338_780724-6d wp-block-kadence-advancedheading\" data-kb-block=\"kb-adv-heading338_780724-6d\">Carolina n\u00f5ustab avatud teaduse, avatud juurdep\u00e4\u00e4suga publitseerimise ja andmehaldusplaanidega seotud k\u00fcsimustes.<\/p>\n\n\n\n<div class=\"wp-block-kadence-iconlist kt-svg-icon-list-items kt-svg-icon-list-items338_5eb30f-fe kt-svg-icon-list-columns-1 alignnone\"><ul class=\"kt-svg-icon-list\">\n<li class=\"wp-block-kadence-listitem kt-svg-icon-list-item-wrap kt-svg-icon-list-item-338_b2dbfc-2f\"><span class=\"kb-svg-icon-wrap kb-svg-icon-kb_email-solid kt-svg-icon-list-single\"><svg viewBox=\"0 0 24 24\"  fill=\"currentColor\" xmlns=\"http:\/\/www.w3.org\/2000\/svg\"  aria-hidden=\"true\"><path d=\"M12 12.5l9-5.06V6c0-1.1-.9-2-2-2H5c-1.1 0-2 .9-2 2v1.44l9 5.06z\"\/><path d=\"M12 13.5l-9-5.06V18c0 1.1.9 2 2 2h14c1.1 0 2-.9 2-2V8.44l-9 5.06z\"\/><\/svg><\/span><span class=\"kt-svg-icon-list-text\"><a href=\"mailto:carolina.schultz@tlu.ee\">carolina.schultz[at]tlu.ee<\/a><\/span><\/li>\n<\/ul><\/div>\n<\/div><\/div>\n\n\n\n<div class=\"wp-block-kadence-column kadence-column338_37afe5-90 kb-section-dir-vertical inner-column-2\"><div class=\"kt-inside-inner-col\">\n<div class=\"wp-block-kadence-image kb-image338_b3b1a6-a6\"><figure class=\"aligncenter kb-image-is-ratio-size\"><div class=\"kb-is-ratio-image kb-image-ratio-square\"><img loading=\"lazy\" decoding=\"async\" width=\"2560\" height=\"2560\" src=\"https:\/\/www.etkad.ee\/wp-content\/uploads\/2025\/10\/Carolina_Schultz_Carolina-scaled-1.jpg\" alt=\"\" class=\"kb-img wp-image-339\" srcset=\"https:\/\/www.etkad.ee\/wp-content\/uploads\/2025\/10\/Carolina_Schultz_Carolina-scaled-1.jpg 2560w, https:\/\/www.etkad.ee\/wp-content\/uploads\/2025\/10\/Carolina_Schultz_Carolina-scaled-1-300x300.jpg 300w, https:\/\/www.etkad.ee\/wp-content\/uploads\/2025\/10\/Carolina_Schultz_Carolina-scaled-1-1024x1024.jpg 1024w, https:\/\/www.etkad.ee\/wp-content\/uploads\/2025\/10\/Carolina_Schultz_Carolina-scaled-1-150x150.jpg 150w, https:\/\/www.etkad.ee\/wp-content\/uploads\/2025\/10\/Carolina_Schultz_Carolina-scaled-1-768x768.jpg 768w, https:\/\/www.etkad.ee\/wp-content\/uploads\/2025\/10\/Carolina_Schultz_Carolina-scaled-1-1536x1536.jpg 1536w, https:\/\/www.etkad.ee\/wp-content\/uploads\/2025\/10\/Carolina_Schultz_Carolina-scaled-1-2048x2048.jpg 2048w\" sizes=\"auto, (max-width: 2560px) 100vw, 2560px\" \/><\/div><\/figure><\/div>\n<\/div><\/div>\n\n<\/div><\/div>","protected":false},"excerpt":{"rendered":"<p>Tallinna \u00dclikooli akadeemiline raamatukogu Erialainfo peaspetsialist Carolina n\u00f5ustab avatud teaduse, avatud juurdep\u00e4\u00e4suga publitseerimise ja andmehaldusplaanidega seotud k\u00fcsimustes.<\/p>","protected":false},"author":1,"featured_media":0,"parent":909,"menu_order":0,"comment_status":"closed","ping_status":"closed","template":"","meta":{"footnotes":""},"class_list":["post-338","page","type-page","status-publish","hentry"],"_links":{"self":[{"href":"https:\/\/www.etkad.ee\/en\/wp-json\/wp\/v2\/pages\/338","targetHints":{"allow":["GET"]}}],"collection":[{"href":"https:\/\/www.etkad.ee\/en\/wp-json\/wp\/v2\/pages"}],"about":[{"href":"https:\/\/www.etkad.ee\/en\/wp-json\/wp\/v2\/types\/page"}],"author":[{"embeddable":true,"href":"https:\/\/www.etkad.ee\/en\/wp-json\/wp\/v2\/users\/1"}],"replies":[{"embeddable":true,"href":"https:\/\/www.etkad.ee\/en\/wp-json\/wp\/v2\/comments?post=338"}],"version-history":[{"count":2,"href":"https:\/\/www.etkad.ee\/en\/wp-json\/wp\/v2\/pages\/338\/revisions"}],"predecessor-version":[{"id":824,"href":"https:\/\/www.etkad.ee\/en\/wp-json\/wp\/v2\/pages\/338\/revisions\/824"}],"up":[{"embeddable":true,"href":"https:\/\/www.etkad.ee\/en\/wp-json\/wp\/v2\/pages\/909"}],"wp:attachment":[{"href":"https:\/\/www.etkad.ee\/en\/wp-json\/wp\/v2\/media?parent=338"}],"curies":[{"name":"wp","href":"https:\/\/api.w.org\/{rel}","templated":true}]}}