{"id":333,"date":"2025-10-22T18:52:41","date_gmt":"2025-10-22T15:52:41","guid":{"rendered":"https:\/\/www.etkad.ee\/?page_id=333"},"modified":"2026-02-06T08:02:47","modified_gmt":"2026-02-06T08:02:47","slug":"tambet-teder","status":"publish","type":"page","link":"https:\/\/www.etkad.ee\/en\/datacite-eesti\/tambet-teder\/","title":{"rendered":"Tambet Teder"},"content":{"rendered":"<div class=\"kb-row-layout-wrap kb-row-layout-id333_d47d12-a7 alignfull has-light-beige-background-color kt-row-has-bg wp-block-kadence-rowlayout\"><div class=\"kt-row-column-wrap kt-has-2-columns kt-row-layout-equal kt-tab-layout-row kt-mobile-layout-row kt-row-valign-middle\">\n\n<div class=\"wp-block-kadence-column kadence-column333_ca2f2f-5f inner-column-1\"><div class=\"kt-inside-inner-col\">\n<h6 class=\"kt-adv-heading333_15660e-a6 wp-block-kadence-advancedheading has-theme-palette-1-color has-text-color\" data-kb-block=\"kb-adv-heading333_15660e-a6\">Tallinna \u00dclikooli Akadeemiline Raamatukogu<\/h6>\n\n\n\n<h2 class=\"kt-adv-heading333_899877-71 wp-block-kadence-advancedheading\" data-kb-block=\"kb-adv-heading333_899877-71\">Erialainfo spetsialist<\/h2>\n\n\n\n<p class=\"kt-adv-heading333_74acc1-6c wp-block-kadence-advancedheading\" data-kb-block=\"kb-adv-heading333_74acc1-6c\">Tambet n\u00f5ustab avatud teaduse, avatud juurdep\u00e4\u00e4suga publitseerimise ja andmehaldusplaanidega seotud k\u00fcsimustes.<\/p>\n\n\n\n<div class=\"wp-block-kadence-iconlist kt-svg-icon-list-items kt-svg-icon-list-items333_75ba65-96 kt-svg-icon-list-columns-1 alignnone\"><ul class=\"kt-svg-icon-list\">\n<li class=\"wp-block-kadence-listitem kt-svg-icon-list-item-wrap kt-svg-icon-list-item-333_1ffd79-c3\"><span class=\"kb-svg-icon-wrap kb-svg-icon-kb_email-solid kt-svg-icon-list-single\"><svg viewBox=\"0 0 24 24\"  fill=\"currentColor\" xmlns=\"http:\/\/www.w3.org\/2000\/svg\"  aria-hidden=\"true\"><path d=\"M12 12.5l9-5.06V6c0-1.1-.9-2-2-2H5c-1.1 0-2 .9-2 2v1.44l9 5.06z\"\/><path d=\"M12 13.5l-9-5.06V18c0 1.1.9 2 2 2h14c1.1 0 2-.9 2-2V8.44l-9 5.06z\"\/><\/svg><\/span><span class=\"kt-svg-icon-list-text\"><a href=\"mailto:tambet.teder@tlulib.ee\">tambet.teder[at]tlulib.ee<\/a><\/span><\/li>\n<\/ul><\/div>\n<\/div><\/div>\n\n\n\n<div class=\"wp-block-kadence-column kadence-column333_59f2fd-14 kb-section-dir-vertical inner-column-2\"><div class=\"kt-inside-inner-col\">\n<div class=\"wp-block-kadence-image kb-image333_5f982a-31\"><figure class=\"aligncenter kb-image-is-ratio-size\"><div class=\"kb-is-ratio-image kb-image-ratio-square\"><img loading=\"lazy\" decoding=\"async\" width=\"2560\" height=\"2560\" src=\"https:\/\/www.etkad.ee\/wp-content\/uploads\/2025\/10\/Tambet_Teder_Tambet-Teder-scaled-1.jpg\" alt=\"\" class=\"kb-img wp-image-334\" srcset=\"https:\/\/www.etkad.ee\/wp-content\/uploads\/2025\/10\/Tambet_Teder_Tambet-Teder-scaled-1.jpg 2560w, https:\/\/www.etkad.ee\/wp-content\/uploads\/2025\/10\/Tambet_Teder_Tambet-Teder-scaled-1-300x300.jpg 300w, https:\/\/www.etkad.ee\/wp-content\/uploads\/2025\/10\/Tambet_Teder_Tambet-Teder-scaled-1-1024x1024.jpg 1024w, https:\/\/www.etkad.ee\/wp-content\/uploads\/2025\/10\/Tambet_Teder_Tambet-Teder-scaled-1-150x150.jpg 150w, https:\/\/www.etkad.ee\/wp-content\/uploads\/2025\/10\/Tambet_Teder_Tambet-Teder-scaled-1-768x768.jpg 768w, https:\/\/www.etkad.ee\/wp-content\/uploads\/2025\/10\/Tambet_Teder_Tambet-Teder-scaled-1-1536x1536.jpg 1536w, https:\/\/www.etkad.ee\/wp-content\/uploads\/2025\/10\/Tambet_Teder_Tambet-Teder-scaled-1-2048x2048.jpg 2048w\" sizes=\"auto, (max-width: 2560px) 100vw, 2560px\" \/><\/div><\/figure><\/div>\n<\/div><\/div>\n\n<\/div><\/div>","protected":false},"excerpt":{"rendered":"<p>Tallinna \u00dclikooli Akadeemiline Raamatukogu Erialainfo spetsialist Tambet n\u00f5ustab avatud teaduse, avatud juurdep\u00e4\u00e4suga publitseerimise ja andmehaldusplaanidega seotud k\u00fcsimustes.<\/p>","protected":false},"author":1,"featured_media":0,"parent":909,"menu_order":0,"comment_status":"closed","ping_status":"closed","template":"","meta":{"footnotes":""},"class_list":["post-333","page","type-page","status-publish","hentry"],"_links":{"self":[{"href":"https:\/\/www.etkad.ee\/en\/wp-json\/wp\/v2\/pages\/333","targetHints":{"allow":["GET"]}}],"collection":[{"href":"https:\/\/www.etkad.ee\/en\/wp-json\/wp\/v2\/pages"}],"about":[{"href":"https:\/\/www.etkad.ee\/en\/wp-json\/wp\/v2\/types\/page"}],"author":[{"embeddable":true,"href":"https:\/\/www.etkad.ee\/en\/wp-json\/wp\/v2\/users\/1"}],"replies":[{"embeddable":true,"href":"https:\/\/www.etkad.ee\/en\/wp-json\/wp\/v2\/comments?post=333"}],"version-history":[{"count":2,"href":"https:\/\/www.etkad.ee\/en\/wp-json\/wp\/v2\/pages\/333\/revisions"}],"predecessor-version":[{"id":835,"href":"https:\/\/www.etkad.ee\/en\/wp-json\/wp\/v2\/pages\/333\/revisions\/835"}],"up":[{"embeddable":true,"href":"https:\/\/www.etkad.ee\/en\/wp-json\/wp\/v2\/pages\/909"}],"wp:attachment":[{"href":"https:\/\/www.etkad.ee\/en\/wp-json\/wp\/v2\/media?parent=333"}],"curies":[{"name":"wp","href":"https:\/\/api.w.org\/{rel}","templated":true}]}}