{"id":330,"date":"2025-10-22T18:47:06","date_gmt":"2025-10-22T15:47:06","guid":{"rendered":"https:\/\/www.etkad.ee\/?page_id=330"},"modified":"2026-02-03T14:40:17","modified_gmt":"2026-02-03T14:40:17","slug":"neeme-reest","status":"publish","type":"page","link":"https:\/\/www.etkad.ee\/en\/humal\/neeme-reest\/","title":{"rendered":"Neeme Reest"},"content":{"rendered":"<div class=\"kb-row-layout-wrap kb-row-layout-id330_f8f1b2-f7 alignfull has-light-beige-background-color kt-row-has-bg wp-block-kadence-rowlayout\"><div class=\"kt-row-column-wrap kt-has-2-columns kt-row-layout-equal kt-tab-layout-row kt-mobile-layout-row kt-row-valign-middle\">\n\n<div class=\"wp-block-kadence-column kadence-column330_577032-b8 inner-column-1\"><div class=\"kt-inside-inner-col\">\n<h6 class=\"kt-adv-heading330_a3cf6e-8d wp-block-kadence-advancedheading has-theme-palette-1-color has-text-color\" data-kb-block=\"kb-adv-heading330_a3cf6e-8d\">Cybernetica<\/h6>\n\n\n\n<h2 class=\"kt-adv-heading330_f865f1-6a wp-block-kadence-advancedheading\" data-kb-block=\"kb-adv-heading330_f865f1-6a\">Cybernetica anal\u00fc\u00fctik<\/h2>\n\n\n\n<p class=\"kt-adv-heading330_1ef52d-d7 wp-block-kadence-advancedheading\" data-kb-block=\"kb-adv-heading330_1ef52d-d7\">Neeme huviks on tehisarul p\u00f5hinevate lahenduste juurutamine Eesti teadus- ja kultuuriandmete digitaristus.<\/p>\n\n\n\n<div class=\"wp-block-kadence-iconlist kt-svg-icon-list-items kt-svg-icon-list-items330_465d8f-de kt-svg-icon-list-columns-1 alignnone\"><ul class=\"kt-svg-icon-list\">\n<li class=\"wp-block-kadence-listitem kt-svg-icon-list-item-wrap kt-svg-icon-list-item-330_ff7855-c4\"><span class=\"kb-svg-icon-wrap kb-svg-icon-kb_email-solid kt-svg-icon-list-single\"><svg viewBox=\"0 0 24 24\"  fill=\"currentColor\" xmlns=\"http:\/\/www.w3.org\/2000\/svg\"  aria-hidden=\"true\"><path d=\"M12 12.5l9-5.06V6c0-1.1-.9-2-2-2H5c-1.1 0-2 .9-2 2v1.44l9 5.06z\"\/><path d=\"M12 13.5l-9-5.06V18c0 1.1.9 2 2 2h14c1.1 0 2-.9 2-2V8.44l-9 5.06z\"\/><\/svg><\/span><span class=\"kt-svg-icon-list-text\"><a href=\"mailto:neeme.reest@cyber.ee\">neeme.reest[at]cyber.ee<\/a><\/span><\/li>\n<\/ul><\/div>\n<\/div><\/div>\n\n\n\n<div class=\"wp-block-kadence-column kadence-column330_05e693-f2 kb-section-dir-vertical inner-column-2\"><div class=\"kt-inside-inner-col\">\n<div class=\"wp-block-kadence-image kb-image330_d1577b-ad\"><figure class=\"aligncenter size-full kb-image-is-ratio-size\"><div class=\"kb-is-ratio-image kb-image-ratio-square\"><img loading=\"lazy\" decoding=\"async\" width=\"832\" height=\"718\" src=\"https:\/\/www.etkad.ee\/wp-content\/uploads\/2025\/10\/Neeme_Reest_Neeme-Reest-Cybernetica-AS.jpeg\" alt=\"\" class=\"kb-img wp-image-331\" srcset=\"https:\/\/www.etkad.ee\/wp-content\/uploads\/2025\/10\/Neeme_Reest_Neeme-Reest-Cybernetica-AS.jpeg 832w, https:\/\/www.etkad.ee\/wp-content\/uploads\/2025\/10\/Neeme_Reest_Neeme-Reest-Cybernetica-AS-300x259.jpeg 300w, https:\/\/www.etkad.ee\/wp-content\/uploads\/2025\/10\/Neeme_Reest_Neeme-Reest-Cybernetica-AS-768x663.jpeg 768w\" sizes=\"auto, (max-width: 832px) 100vw, 832px\" \/><\/div><\/figure><\/div>\n<\/div><\/div>\n\n<\/div><\/div>","protected":false},"excerpt":{"rendered":"<p>Cybernetica Cybernetica anal\u00fc\u00fctik Neeme huviks on tehisarul p\u00f5hinevate lahenduste juurutamine Eesti teadus- ja kultuuriandmete digitaristus.<\/p>","protected":false},"author":1,"featured_media":0,"parent":120,"menu_order":0,"comment_status":"closed","ping_status":"closed","template":"","meta":{"footnotes":""},"class_list":["post-330","page","type-page","status-publish","hentry"],"_links":{"self":[{"href":"https:\/\/www.etkad.ee\/en\/wp-json\/wp\/v2\/pages\/330","targetHints":{"allow":["GET"]}}],"collection":[{"href":"https:\/\/www.etkad.ee\/en\/wp-json\/wp\/v2\/pages"}],"about":[{"href":"https:\/\/www.etkad.ee\/en\/wp-json\/wp\/v2\/types\/page"}],"author":[{"embeddable":true,"href":"https:\/\/www.etkad.ee\/en\/wp-json\/wp\/v2\/users\/1"}],"replies":[{"embeddable":true,"href":"https:\/\/www.etkad.ee\/en\/wp-json\/wp\/v2\/comments?post=330"}],"version-history":[{"count":2,"href":"https:\/\/www.etkad.ee\/en\/wp-json\/wp\/v2\/pages\/330\/revisions"}],"predecessor-version":[{"id":832,"href":"https:\/\/www.etkad.ee\/en\/wp-json\/wp\/v2\/pages\/330\/revisions\/832"}],"up":[{"embeddable":true,"href":"https:\/\/www.etkad.ee\/en\/wp-json\/wp\/v2\/pages\/120"}],"wp:attachment":[{"href":"https:\/\/www.etkad.ee\/en\/wp-json\/wp\/v2\/media?parent=330"}],"curies":[{"name":"wp","href":"https:\/\/api.w.org\/{rel}","templated":true}]}}