{"id":271,"date":"2025-10-08T07:32:34","date_gmt":"2025-10-08T04:32:34","guid":{"rendered":"https:\/\/www.etkad.ee\/?page_id=271"},"modified":"2026-02-03T14:37:15","modified_gmt":"2026-02-03T14:37:15","slug":"mahendra-mahey","status":"publish","type":"page","link":"https:\/\/www.etkad.ee\/en\/humal\/mahendra-mahey\/","title":{"rendered":"Mahendra Mahey"},"content":{"rendered":"<div class=\"kb-row-layout-wrap kb-row-layout-id271_3b532e-b0 alignfull has-light-beige-background-color kt-row-has-bg wp-block-kadence-rowlayout\"><div class=\"kt-row-column-wrap kt-has-2-columns kt-row-layout-equal kt-tab-layout-row kt-mobile-layout-row kt-row-valign-middle\">\n\n<div class=\"wp-block-kadence-column kadence-column271_43a6b1-a0 inner-column-1\"><div class=\"kt-inside-inner-col\">\n<h6 class=\"kt-adv-heading271_eb2b09-c8 wp-block-kadence-advancedheading has-theme-palette-1-color has-text-color\" data-kb-block=\"kb-adv-heading271_eb2b09-c8\">Tallinna \u00dclikool, ERM, Strathclyde \u00dcLikool<\/h6>\n\n\n\n<h2 class=\"kt-adv-heading271_2f7752-60 wp-block-kadence-advancedheading\" data-kb-block=\"kb-adv-heading271_2f7752-60\">Uurimishuvid: Kultuurip\u00e4rand, infoteadus, digihumanitaaria,  andmekuraatori t\u00f6\u00f6 teoreetilised ja praktilised aspektid<\/h2>\n\n\n\n<p class=\"kt-adv-heading271_9e7ae3-a6 wp-block-kadence-advancedheading\" data-kb-block=\"kb-adv-heading271_9e7ae3-a6\">Mahendral on <a href=\"https:\/\/www.linkedin.com\/in\/mahendramahey\" target=\"_blank\" rel=\"noreferrer noopener\">kogemusi<\/a> innovatsioonilaborite (GLAM Labs) arendamises, eriti kultuurip\u00e4randi valdkonnas.<br>Ta aitas luua, juhtida ja hallata Briti Raamatukogu laborit (British Library Labs) ning on <a href=\"https:\/\/glamlabs.io\" target=\"_blank\" rel=\"noreferrer noopener\">GLAM Labs\u2019<\/a>i asutajaliige.<br>Mahendra on juhtiv autor meeskonnas, kes koostas raamatu <strong>\u201e<a href=\"https:\/\/www.glamlabs.io\/publications\/open-a-glam-lab\" target=\"_blank\" rel=\"noreferrer noopener\">Open a GLAM Lab<\/a>\u201c<\/strong>, mis selgitab, kuidas sellist laborit luua, juhtida ja \u00fclal pidada. Praegu on ta doktorantuuris<a href=\"https:\/\/pureportal.strath.ac.uk\/en\/persons\/mahendra-mahey\" target=\"_blank\" rel=\"noreferrer noopener\"> Strathclyde\u2019i \u00fclikoolis arvuti- ja infoteaduse osakonnas<\/a> ja uurib GLAM-laborite ajalugu, arengut ja tulevikku.<\/p>\n\n\n\n<div class=\"wp-block-kadence-iconlist kt-svg-icon-list-items kt-svg-icon-list-items271_1f9ff1-b5 kt-svg-icon-list-columns-1 alignnone\"><ul class=\"kt-svg-icon-list\">\n<li class=\"wp-block-kadence-listitem kt-svg-icon-list-item-wrap kt-svg-icon-list-item-271_ce707a-05\"><span class=\"kb-svg-icon-wrap kb-svg-icon-kb_email-solid kt-svg-icon-list-single\"><svg viewBox=\"0 0 24 24\"  fill=\"currentColor\" xmlns=\"http:\/\/www.w3.org\/2000\/svg\"  aria-hidden=\"true\"><path d=\"M12 12.5l9-5.06V6c0-1.1-.9-2-2-2H5c-1.1 0-2 .9-2 2v1.44l9 5.06z\"\/><path d=\"M12 13.5l-9-5.06V18c0 1.1.9 2 2 2h14c1.1 0 2-.9 2-2V8.44l-9 5.06z\"\/><\/svg><\/span><span class=\"kt-svg-icon-list-text\"><a href=\"mailto:mahendra.mahey@tlu.ee\">mahendra.mahey[at]tlu.ee<\/a><\/span><\/li>\n\n\n\n<li class=\"wp-block-kadence-listitem kt-svg-icon-list-item-wrap kt-svg-icon-list-item-271_d50a7b-25\"><span class=\"kb-svg-icon-wrap kb-svg-icon-fas_newspaper kt-svg-icon-list-single\"><svg viewBox=\"0 0 576 512\"  fill=\"currentColor\" xmlns=\"http:\/\/www.w3.org\/2000\/svg\"  aria-hidden=\"true\"><path d=\"M552 64H88c-13.255 0-24 10.745-24 24v8H24c-13.255 0-24 10.745-24 24v272c0 30.928 25.072 56 56 56h472c26.51 0 48-21.49 48-48V88c0-13.255-10.745-24-24-24zM56 400a8 8 0 0 1-8-8V144h16v248a8 8 0 0 1-8 8zm236-16H140c-6.627 0-12-5.373-12-12v-8c0-6.627 5.373-12 12-12h152c6.627 0 12 5.373 12 12v8c0 6.627-5.373 12-12 12zm208 0H348c-6.627 0-12-5.373-12-12v-8c0-6.627 5.373-12 12-12h152c6.627 0 12 5.373 12 12v8c0 6.627-5.373 12-12 12zm-208-96H140c-6.627 0-12-5.373-12-12v-8c0-6.627 5.373-12 12-12h152c6.627 0 12 5.373 12 12v8c0 6.627-5.373 12-12 12zm208 0H348c-6.627 0-12-5.373-12-12v-8c0-6.627 5.373-12 12-12h152c6.627 0 12 5.373 12 12v8c0 6.627-5.373 12-12 12zm0-96H140c-6.627 0-12-5.373-12-12v-40c0-6.627 5.373-12 12-12h360c6.627 0 12 5.373 12 12v40c0 6.627-5.373 12-12 12z\"\/><\/svg><\/span><span class=\"kt-svg-icon-list-text\"><a href=\"https:\/\/orcid.org\/0000-0001-7608-6152\" target=\"_blank\" rel=\"noreferrer noopener\">Orcid<\/a><\/span><\/li>\n<\/ul><\/div>\n<\/div><\/div>\n\n\n\n<div class=\"wp-block-kadence-column kadence-column271_456d73-65 kb-section-dir-vertical inner-column-2\"><div class=\"kt-inside-inner-col\">\n<div class=\"wp-block-kadence-image kb-image271_92aa49-e8\"><figure class=\"aligncenter kb-image-is-ratio-size\"><div class=\"kb-is-ratio-image kb-image-ratio-square\"><img loading=\"lazy\" decoding=\"async\" width=\"1152\" height=\"1536\" src=\"https:\/\/www.etkad.ee\/wp-content\/uploads\/2026\/02\/Mahendra_Mahey.jpg\" alt=\"\" class=\"kb-img wp-image-755\" srcset=\"https:\/\/www.etkad.ee\/wp-content\/uploads\/2026\/02\/Mahendra_Mahey.jpg 1152w, https:\/\/www.etkad.ee\/wp-content\/uploads\/2026\/02\/Mahendra_Mahey-225x300.jpg 225w, https:\/\/www.etkad.ee\/wp-content\/uploads\/2026\/02\/Mahendra_Mahey-768x1024.jpg 768w, https:\/\/www.etkad.ee\/wp-content\/uploads\/2026\/02\/Mahendra_Mahey-9x12.jpg 9w\" sizes=\"auto, (max-width: 1152px) 100vw, 1152px\" \/><\/div><\/figure><\/div>\n<\/div><\/div>\n\n<\/div><\/div>","protected":false},"excerpt":{"rendered":"<p>Tallinna \u00dclikool, ERM, Strathclyde \u00dcLikool Uurimishuvid: Kultuurip\u00e4rand, infoteadus, digihumanitaaria, andmekuraatori t\u00f6\u00f6 teoreetilised ja praktilised aspektid Mahendral on kogemusi innovatsioonilaborite (GLAM Labs) arendamises, eriti kultuurip\u00e4randi valdkonnas.Ta aitas luua, juhtida ja hallata Briti Raamatukogu laborit (British Library Labs) ning on GLAM Labs\u2019i asutajaliige.Mahendra on juhtiv autor meeskonnas, kes koostas raamatu \u201eOpen a GLAM Lab\u201c, mis selgitab, kuidas [&hellip;]<\/p>\n","protected":false},"author":1,"featured_media":0,"parent":120,"menu_order":0,"comment_status":"closed","ping_status":"closed","template":"","meta":{"footnotes":""},"class_list":["post-271","page","type-page","status-publish","hentry"],"_links":{"self":[{"href":"https:\/\/www.etkad.ee\/en\/wp-json\/wp\/v2\/pages\/271","targetHints":{"allow":["GET"]}}],"collection":[{"href":"https:\/\/www.etkad.ee\/en\/wp-json\/wp\/v2\/pages"}],"about":[{"href":"https:\/\/www.etkad.ee\/en\/wp-json\/wp\/v2\/types\/page"}],"author":[{"embeddable":true,"href":"https:\/\/www.etkad.ee\/en\/wp-json\/wp\/v2\/users\/1"}],"replies":[{"embeddable":true,"href":"https:\/\/www.etkad.ee\/en\/wp-json\/wp\/v2\/comments?post=271"}],"version-history":[{"count":5,"href":"https:\/\/www.etkad.ee\/en\/wp-json\/wp\/v2\/pages\/271\/revisions"}],"predecessor-version":[{"id":813,"href":"https:\/\/www.etkad.ee\/en\/wp-json\/wp\/v2\/pages\/271\/revisions\/813"}],"up":[{"embeddable":true,"href":"https:\/\/www.etkad.ee\/en\/wp-json\/wp\/v2\/pages\/120"}],"wp:attachment":[{"href":"https:\/\/www.etkad.ee\/en\/wp-json\/wp\/v2\/media?parent=271"}],"curies":[{"name":"wp","href":"https:\/\/api.w.org\/{rel}","templated":true}]}}