{"id":249,"date":"2025-10-02T11:23:48","date_gmt":"2025-10-02T08:23:48","guid":{"rendered":"https:\/\/www.etkad.ee\/?page_id=249"},"modified":"2026-02-03T14:40:38","modified_gmt":"2026-02-03T14:40:38","slug":"tiina-kull","status":"publish","type":"page","link":"https:\/\/www.etkad.ee\/en\/humal\/tiina-kull\/","title":{"rendered":"Tiina Kull"},"content":{"rendered":"<div class=\"kb-row-layout-wrap kb-row-layout-id249_dad9b8-b8 alignfull has-light-beige-background-color kt-row-has-bg wp-block-kadence-rowlayout\"><div class=\"kt-row-column-wrap kt-has-2-columns kt-row-layout-equal kt-tab-layout-row kt-mobile-layout-row kt-row-valign-middle\">\n\n<div class=\"wp-block-kadence-column kadence-column249_fac70e-fb inner-column-1\"><div class=\"kt-inside-inner-col\">\n<h6 class=\"kt-adv-heading249_46b24a-60 wp-block-kadence-advancedheading has-theme-palette-1-color has-text-color\" data-kb-block=\"kb-adv-heading249_46b24a-60\">eEsti Rahva Muuseum<\/h6>\n\n\n\n<h2 class=\"kt-adv-heading249_89ff15-a9 wp-block-kadence-advancedheading\" data-kb-block=\"kb-adv-heading249_89ff15-a9\">Uurimisvaldkond: etnoloogia, tekstiili ajalugu<\/h2>\n\n\n\n<p class=\"kt-adv-heading249_c4b872-a5 wp-block-kadence-advancedheading\" data-kb-block=\"kb-adv-heading249_c4b872-a5\">Tiina huviks on ajalooliste seelikute triibumustritest tehtud piltide anal\u00fc\u00fcsimine masin\u00f5ppe abil, selle t\u00f6\u00f6protsessi kaardistamine ja teistele tutvustamine. Samuti huvitab teda teiste teadlaste t\u00f6\u00f6st \u00f5ppimine ning omavahel parimate praktikate jagamine.<\/p>\n\n\n\n<div class=\"wp-block-kadence-iconlist kt-svg-icon-list-items kt-svg-icon-list-items249_d01ae8-70 kt-svg-icon-list-columns-1 alignnone\"><ul class=\"kt-svg-icon-list\">\n<li class=\"wp-block-kadence-listitem kt-svg-icon-list-item-wrap kt-svg-icon-list-item-249_96d0f3-24\"><span class=\"kb-svg-icon-wrap kb-svg-icon-kb_email-solid kt-svg-icon-list-single\"><svg viewBox=\"0 0 24 24\"  fill=\"currentColor\" xmlns=\"http:\/\/www.w3.org\/2000\/svg\"  aria-hidden=\"true\"><path d=\"M12 12.5l9-5.06V6c0-1.1-.9-2-2-2H5c-1.1 0-2 .9-2 2v1.44l9 5.06z\"\/><path d=\"M12 13.5l-9-5.06V18c0 1.1.9 2 2 2h14c1.1 0 2-.9 2-2V8.44l-9 5.06z\"\/><\/svg><\/span><span class=\"kt-svg-icon-list-text\"><a href=\"mailto:tiina.kull@erm.ee\">tiina.kull[at]erm.ee<\/a><\/span><\/li>\n\n\n\n<li class=\"wp-block-kadence-listitem kt-svg-icon-list-item-wrap kt-svg-icon-list-item-249_b10a5f-1c\"><span class=\"kb-svg-icon-wrap kb-svg-icon-fas_newspaper kt-svg-icon-list-single\"><svg viewBox=\"0 0 576 512\"  fill=\"currentColor\" xmlns=\"http:\/\/www.w3.org\/2000\/svg\"  aria-hidden=\"true\"><path d=\"M552 64H88c-13.255 0-24 10.745-24 24v8H24c-13.255 0-24 10.745-24 24v272c0 30.928 25.072 56 56 56h472c26.51 0 48-21.49 48-48V88c0-13.255-10.745-24-24-24zM56 400a8 8 0 0 1-8-8V144h16v248a8 8 0 0 1-8 8zm236-16H140c-6.627 0-12-5.373-12-12v-8c0-6.627 5.373-12 12-12h152c6.627 0 12 5.373 12 12v8c0 6.627-5.373 12-12 12zm208 0H348c-6.627 0-12-5.373-12-12v-8c0-6.627 5.373-12 12-12h152c6.627 0 12 5.373 12 12v8c0 6.627-5.373 12-12 12zm-208-96H140c-6.627 0-12-5.373-12-12v-8c0-6.627 5.373-12 12-12h152c6.627 0 12 5.373 12 12v8c0 6.627-5.373 12-12 12zm208 0H348c-6.627 0-12-5.373-12-12v-8c0-6.627 5.373-12 12-12h152c6.627 0 12 5.373 12 12v8c0 6.627-5.373 12-12 12zm0-96H140c-6.627 0-12-5.373-12-12v-40c0-6.627 5.373-12 12-12h360c6.627 0 12 5.373 12 12v40c0 6.627-5.373 12-12 12z\"\/><\/svg><\/span><span class=\"kt-svg-icon-list-text\"><a href=\"https:\/\/www.etis.ee\/CV\/Tiina_Kull001\/est\/\" target=\"_blank\" rel=\"noreferrer noopener\">Etis<\/a><\/span><\/li>\n<\/ul><\/div>\n<\/div><\/div>\n\n\n\n<div class=\"wp-block-kadence-column kadence-column249_dd9fce-83 kb-section-dir-vertical inner-column-2\"><div class=\"kt-inside-inner-col\">\n<div class=\"wp-block-kadence-image kb-image249_a9de63-24\"><figure class=\"aligncenter kb-image-is-ratio-size\"><div class=\"kb-is-ratio-image kb-image-ratio-square\"><img loading=\"lazy\" decoding=\"async\" width=\"2560\" height=\"2454\" src=\"https:\/\/www.etkad.ee\/wp-content\/uploads\/2025\/10\/Tiina_Kull_IMG_0790-2-scaled-1.jpg\" alt=\"\" class=\"kb-img wp-image-250\" srcset=\"https:\/\/www.etkad.ee\/wp-content\/uploads\/2025\/10\/Tiina_Kull_IMG_0790-2-scaled-1.jpg 2560w, https:\/\/www.etkad.ee\/wp-content\/uploads\/2025\/10\/Tiina_Kull_IMG_0790-2-scaled-1-300x288.jpg 300w, https:\/\/www.etkad.ee\/wp-content\/uploads\/2025\/10\/Tiina_Kull_IMG_0790-2-scaled-1-1024x982.jpg 1024w, https:\/\/www.etkad.ee\/wp-content\/uploads\/2025\/10\/Tiina_Kull_IMG_0790-2-scaled-1-768x736.jpg 768w, https:\/\/www.etkad.ee\/wp-content\/uploads\/2025\/10\/Tiina_Kull_IMG_0790-2-scaled-1-1536x1472.jpg 1536w, https:\/\/www.etkad.ee\/wp-content\/uploads\/2025\/10\/Tiina_Kull_IMG_0790-2-scaled-1-2048x1963.jpg 2048w\" sizes=\"auto, (max-width: 2560px) 100vw, 2560px\" \/><\/div><\/figure><\/div>\n<\/div><\/div>\n\n<\/div><\/div>","protected":false},"excerpt":{"rendered":"<p>eEsti Rahva Muuseum Uurimisvaldkond: etnoloogia, tekstiili ajalugu Tiina huviks on ajalooliste seelikute triibumustritest tehtud piltide anal\u00fc\u00fcsimine masin\u00f5ppe abil, selle t\u00f6\u00f6protsessi kaardistamine ja teistele tutvustamine. Samuti huvitab teda teiste teadlaste t\u00f6\u00f6st \u00f5ppimine ning omavahel parimate praktikate jagamine.<\/p>","protected":false},"author":1,"featured_media":0,"parent":120,"menu_order":0,"comment_status":"closed","ping_status":"closed","template":"","meta":{"footnotes":""},"class_list":["post-249","page","type-page","status-publish","hentry"],"_links":{"self":[{"href":"https:\/\/www.etkad.ee\/en\/wp-json\/wp\/v2\/pages\/249","targetHints":{"allow":["GET"]}}],"collection":[{"href":"https:\/\/www.etkad.ee\/en\/wp-json\/wp\/v2\/pages"}],"about":[{"href":"https:\/\/www.etkad.ee\/en\/wp-json\/wp\/v2\/types\/page"}],"author":[{"embeddable":true,"href":"https:\/\/www.etkad.ee\/en\/wp-json\/wp\/v2\/users\/1"}],"replies":[{"embeddable":true,"href":"https:\/\/www.etkad.ee\/en\/wp-json\/wp\/v2\/comments?post=249"}],"version-history":[{"count":2,"href":"https:\/\/www.etkad.ee\/en\/wp-json\/wp\/v2\/pages\/249\/revisions"}],"predecessor-version":[{"id":836,"href":"https:\/\/www.etkad.ee\/en\/wp-json\/wp\/v2\/pages\/249\/revisions\/836"}],"up":[{"embeddable":true,"href":"https:\/\/www.etkad.ee\/en\/wp-json\/wp\/v2\/pages\/120"}],"wp:attachment":[{"href":"https:\/\/www.etkad.ee\/en\/wp-json\/wp\/v2\/media?parent=249"}],"curies":[{"name":"wp","href":"https:\/\/api.w.org\/{rel}","templated":true}]}}