{"id":197,"date":"2025-09-04T14:47:55","date_gmt":"2025-09-04T11:47:55","guid":{"rendered":"https:\/\/www.etkad.ee\/?page_id=127"},"modified":"2026-02-03T14:38:58","modified_gmt":"2026-02-03T14:38:58","slug":"evgeniia-vdovichenko","status":"publish","type":"page","link":"https:\/\/www.etkad.ee\/en\/humal\/evgeniia-vdovichenko\/","title":{"rendered":"Evgeniia Vdovichenko"},"content":{"rendered":"<div class=\"kb-row-layout-wrap kb-row-layout-id197_a48406-b2 alignfull has-light-beige-background-color kt-row-has-bg wp-block-kadence-rowlayout\"><div class=\"kt-row-column-wrap kt-has-2-columns kt-row-layout-equal kt-tab-layout-row kt-mobile-layout-row kt-row-valign-middle\">\n\n<div class=\"wp-block-kadence-column kadence-column197_53f92d-f9 inner-column-1\"><div class=\"kt-inside-inner-col\">\n<h6 class=\"kt-adv-heading197_4e5350-dc wp-block-kadence-advancedheading has-theme-palette-1-color has-text-color\" data-kb-block=\"kb-adv-heading197_4e5350-dc\">Bologna \u00dclikool<\/h6>\n\n\n\n<h2 class=\"kt-adv-heading197_03af9f-55 wp-block-kadence-advancedheading\" data-kb-block=\"kb-adv-heading197_03af9f-55\">Uurimisvaldkond: digihumanitaaria<\/h2>\n\n\n\n<p class=\"kt-adv-heading197_1d35e1-ea wp-block-kadence-advancedheading\" data-kb-block=\"kb-adv-heading197_1d35e1-ea\">N\u00e4en laborit kui v\u00f5imalust s\u00fcvendada oma metodoloogilist oskusteavet, panustades samal ajal uuenduslikesse projektidesse, mis muudavad p\u00e4randi k\u00e4ttesaadavamaks ja t\u00f5lgendatavamaks. See v\u00f5imaldaks mul \u00fchendada oma praktilised oskused akadeemilise uurimist\u00f6\u00f6ga kultuuriandmete valdkonnas.<\/p>\n\n\n\n<div class=\"wp-block-kadence-iconlist kt-svg-icon-list-items kt-svg-icon-list-items197_1ada80-ed kt-svg-icon-list-columns-1 alignnone\"><ul class=\"kt-svg-icon-list\">\n<li class=\"wp-block-kadence-listitem kt-svg-icon-list-item-wrap kt-svg-icon-list-item-197_7eedf6-a7\"><span class=\"kb-svg-icon-wrap kb-svg-icon-kb_email-solid kt-svg-icon-list-single\"><svg viewBox=\"0 0 24 24\"  fill=\"currentColor\" xmlns=\"http:\/\/www.w3.org\/2000\/svg\"  aria-hidden=\"true\"><path d=\"M12 12.5l9-5.06V6c0-1.1-.9-2-2-2H5c-1.1 0-2 .9-2 2v1.44l9 5.06z\"\/><path d=\"M12 13.5l-9-5.06V18c0 1.1.9 2 2 2h14c1.1 0 2-.9 2-2V8.44l-9 5.06z\"\/><\/svg><\/span><span class=\"kt-svg-icon-list-text\"><a href=\"mailto: evgeniia.vdovichenko@studio.unibo.it\">evgeniia.vdovichenko [at] studio.unibo.it<\/a><\/span><\/li>\n\n\n\n<li class=\"wp-block-kadence-listitem kt-svg-icon-list-item-wrap kt-svg-icon-list-item-197_1028d1-db\"><span class=\"kb-svg-icon-wrap kb-svg-icon-fas_newspaper kt-svg-icon-list-single\"><svg viewBox=\"0 0 576 512\"  fill=\"currentColor\" xmlns=\"http:\/\/www.w3.org\/2000\/svg\"  aria-hidden=\"true\"><path d=\"M552 64H88c-13.255 0-24 10.745-24 24v8H24c-13.255 0-24 10.745-24 24v272c0 30.928 25.072 56 56 56h472c26.51 0 48-21.49 48-48V88c0-13.255-10.745-24-24-24zM56 400a8 8 0 0 1-8-8V144h16v248a8 8 0 0 1-8 8zm236-16H140c-6.627 0-12-5.373-12-12v-8c0-6.627 5.373-12 12-12h152c6.627 0 12 5.373 12 12v8c0 6.627-5.373 12-12 12zm208 0H348c-6.627 0-12-5.373-12-12v-8c0-6.627 5.373-12 12-12h152c6.627 0 12 5.373 12 12v8c0 6.627-5.373 12-12 12zm-208-96H140c-6.627 0-12-5.373-12-12v-8c0-6.627 5.373-12 12-12h152c6.627 0 12 5.373 12 12v8c0 6.627-5.373 12-12 12zm208 0H348c-6.627 0-12-5.373-12-12v-8c0-6.627 5.373-12 12-12h152c6.627 0 12 5.373 12 12v8c0 6.627-5.373 12-12 12zm0-96H140c-6.627 0-12-5.373-12-12v-40c0-6.627 5.373-12 12-12h360c6.627 0 12 5.373 12 12v40c0 6.627-5.373 12-12 12z\"\/><\/svg><\/span><span class=\"kt-svg-icon-list-text\"><a href=\"https:\/\/orcid.org\/0009-0003-0695-3910\" target=\"_blank\" rel=\"noreferrer noopener\">Orcid<\/a><\/span><\/li>\n<\/ul><\/div>\n<\/div><\/div>\n\n\n\n<div class=\"wp-block-kadence-column kadence-column197_5ca128-97 kb-section-dir-vertical inner-column-2\"><div class=\"kt-inside-inner-col\">\n<div class=\"wp-block-kadence-image kb-image197_4823e8-ed\"><figure class=\"aligncenter size-large kb-image-is-ratio-size\"><div class=\"kb-is-ratio-image kb-image-ratio-square\"><img decoding=\"async\" src=\"https:\/\/www.etkad.ee\/wp-content\/uploads\/2025\/09\/Evgeniia-_Vdovichenko_photo_2023-11-29_22-58-22-768x1024.jpg\" alt=\"\" class=\"kb-img wp-image-136\"\/><\/div><\/figure><\/div>\n<\/div><\/div>\n\n<\/div><\/div>","protected":false},"excerpt":{"rendered":"<p>Bologna \u00dclikool Uurimisvaldkond: digihumanitaaria N\u00e4en laborit kui v\u00f5imalust s\u00fcvendada oma metodoloogilist oskusteavet, panustades samal ajal uuenduslikesse projektidesse, mis muudavad p\u00e4randi k\u00e4ttesaadavamaks ja t\u00f5lgendatavamaks. See v\u00f5imaldaks mul \u00fchendada oma praktilised oskused akadeemilise uurimist\u00f6\u00f6ga kultuuriandmete valdkonnas.<\/p>","protected":false},"author":1,"featured_media":0,"parent":120,"menu_order":0,"comment_status":"closed","ping_status":"closed","template":"","meta":{"footnotes":""},"class_list":["post-197","page","type-page","status-publish","hentry"],"_links":{"self":[{"href":"https:\/\/www.etkad.ee\/en\/wp-json\/wp\/v2\/pages\/197","targetHints":{"allow":["GET"]}}],"collection":[{"href":"https:\/\/www.etkad.ee\/en\/wp-json\/wp\/v2\/pages"}],"about":[{"href":"https:\/\/www.etkad.ee\/en\/wp-json\/wp\/v2\/types\/page"}],"author":[{"embeddable":true,"href":"https:\/\/www.etkad.ee\/en\/wp-json\/wp\/v2\/users\/1"}],"replies":[{"embeddable":true,"href":"https:\/\/www.etkad.ee\/en\/wp-json\/wp\/v2\/comments?post=197"}],"version-history":[{"count":3,"href":"https:\/\/www.etkad.ee\/en\/wp-json\/wp\/v2\/pages\/197\/revisions"}],"predecessor-version":[{"id":822,"href":"https:\/\/www.etkad.ee\/en\/wp-json\/wp\/v2\/pages\/197\/revisions\/822"}],"up":[{"embeddable":true,"href":"https:\/\/www.etkad.ee\/en\/wp-json\/wp\/v2\/pages\/120"}],"wp:attachment":[{"href":"https:\/\/www.etkad.ee\/en\/wp-json\/wp\/v2\/media?parent=197"}],"curies":[{"name":"wp","href":"https:\/\/api.w.org\/{rel}","templated":true}]}}