{"id":196,"date":"2025-09-04T14:40:11","date_gmt":"2025-09-04T11:40:11","guid":{"rendered":"https:\/\/www.etkad.ee\/?page_id=125"},"modified":"2026-02-03T14:39:20","modified_gmt":"2026-02-03T14:39:20","slug":"aare-tool","status":"publish","type":"page","link":"https:\/\/www.etkad.ee\/en\/humal\/aare-tool\/","title":{"rendered":"Aare Tool"},"content":{"rendered":"<div class=\"kb-row-layout-wrap kb-row-layout-id196_f000f9-bc alignfull has-light-beige-background-color kt-row-has-bg wp-block-kadence-rowlayout\"><div class=\"kt-row-column-wrap kt-has-2-columns kt-row-layout-equal kt-tab-layout-row kt-mobile-layout-row kt-row-valign-middle\">\n\n<div class=\"wp-block-kadence-column kadence-column196_323e17-61 inner-column-1\"><div class=\"kt-inside-inner-col\">\n<h6 class=\"kt-adv-heading196_9f43bd-41 wp-block-kadence-advancedheading has-theme-palette-1-color has-text-color\" data-kb-block=\"kb-adv-heading196_9f43bd-41\">Eesti Muusika- ja Teatriakadeemia<\/h6>\n\n\n\n<h2 class=\"kt-adv-heading196_8b6eb9-c7 wp-block-kadence-advancedheading\" data-kb-block=\"kb-adv-heading196_8b6eb9-c7\">Uurimisvaldkond: muusikateooria ja -anal\u00fc\u00fcs<\/h2>\n\n\n\n<p class=\"kt-adv-heading196_dd329b-3f wp-block-kadence-advancedheading\" data-kb-block=\"kb-adv-heading196_dd329b-3f\">Digihumanitaaria r\u00fcpes esile kerkinud uued v\u00f5imalused t\u00f5otavad paljuski muuta seda, kuidas muusikat m\u00f5testatakse. Oluline on, et nii uurijatele kui ka laiemale huviliste ringile oleksid heliteoste andmed k\u00e4ttesaadavad usaldusv\u00e4\u00e4rsel, kergesti t\u00f6\u00f6deldaval ja viidataval kujul. Kultuurip\u00e4randi digiteerimise l\u00e4bim\u00f5eldud meetod loob eeldused selleks, et m\u00f5ista muusika rolli andmestunud maailmas.<\/p>\n\n\n\n<div class=\"wp-block-kadence-iconlist kt-svg-icon-list-items kt-svg-icon-list-items196_882e76-d9 kt-svg-icon-list-columns-1 alignnone\"><ul class=\"kt-svg-icon-list\">\n<li class=\"wp-block-kadence-listitem kt-svg-icon-list-item-wrap kt-svg-icon-list-item-196_3143c7-52\"><span class=\"kb-svg-icon-wrap kb-svg-icon-fas_envelope kt-svg-icon-list-single\"><svg viewBox=\"0 0 512 512\"  fill=\"currentColor\" xmlns=\"http:\/\/www.w3.org\/2000\/svg\"  aria-hidden=\"true\"><path d=\"M502.3 190.8c3.9-3.1 9.7-.2 9.7 4.7V400c0 26.5-21.5 48-48 48H48c-26.5 0-48-21.5-48-48V195.6c0-5 5.7-7.8 9.7-4.7 22.4 17.4 52.1 39.5 154.1 113.6 21.1 15.4 56.7 47.8 92.2 47.6 35.7.3 72-32.8 92.3-47.6 102-74.1 131.6-96.3 154-113.7zM256 320c23.2.4 56.6-29.2 73.4-41.4 132.7-96.3 142.8-104.7 173.4-128.7 5.8-4.5 9.2-11.5 9.2-18.9v-19c0-26.5-21.5-48-48-48H48C21.5 64 0 85.5 0 112v19c0 7.4 3.4 14.3 9.2 18.9 30.6 23.9 40.7 32.4 173.4 128.7 16.8 12.2 50.2 41.8 73.4 41.4z\"\/><\/svg><\/span><span class=\"kt-svg-icon-list-text\"><a href=\"mailto: aare.tool@eamt.ee\">aare.tool [at] eamt.ee<\/a><\/span><\/li>\n\n\n\n<li class=\"wp-block-kadence-listitem kt-svg-icon-list-item-wrap kt-svg-icon-list-item-196_76e6d1-01\"><span class=\"kb-svg-icon-wrap kb-svg-icon-fas_newspaper kt-svg-icon-list-single\"><svg viewBox=\"0 0 576 512\"  fill=\"currentColor\" xmlns=\"http:\/\/www.w3.org\/2000\/svg\"  aria-hidden=\"true\"><path d=\"M552 64H88c-13.255 0-24 10.745-24 24v8H24c-13.255 0-24 10.745-24 24v272c0 30.928 25.072 56 56 56h472c26.51 0 48-21.49 48-48V88c0-13.255-10.745-24-24-24zM56 400a8 8 0 0 1-8-8V144h16v248a8 8 0 0 1-8 8zm236-16H140c-6.627 0-12-5.373-12-12v-8c0-6.627 5.373-12 12-12h152c6.627 0 12 5.373 12 12v8c0 6.627-5.373 12-12 12zm208 0H348c-6.627 0-12-5.373-12-12v-8c0-6.627 5.373-12 12-12h152c6.627 0 12 5.373 12 12v8c0 6.627-5.373 12-12 12zm-208-96H140c-6.627 0-12-5.373-12-12v-8c0-6.627 5.373-12 12-12h152c6.627 0 12 5.373 12 12v8c0 6.627-5.373 12-12 12zm208 0H348c-6.627 0-12-5.373-12-12v-8c0-6.627 5.373-12 12-12h152c6.627 0 12 5.373 12 12v8c0 6.627-5.373 12-12 12zm0-96H140c-6.627 0-12-5.373-12-12v-40c0-6.627 5.373-12 12-12h360c6.627 0 12 5.373 12 12v40c0 6.627-5.373 12-12 12z\"\/><\/svg><\/span><span class=\"kt-svg-icon-list-text\"><a href=\"https:\/\/www.etis.ee\/CV\/Aare_Tool\" target=\"_blank\" rel=\"noreferrer noopener\">Etis<\/a><\/span><\/li>\n<\/ul><\/div>\n<\/div><\/div>\n\n\n\n<div class=\"wp-block-kadence-column kadence-column196_7e3aa2-24 kb-section-dir-vertical inner-column-2\"><div class=\"kt-inside-inner-col\">\n<div class=\"wp-block-kadence-image kb-image196_c07090-68\"><figure class=\"aligncenter size-large kb-image-is-ratio-size\"><div class=\"kb-is-ratio-image kb-image-ratio-square\"><img decoding=\"async\" src=\"https:\/\/www.etkad.ee\/wp-content\/uploads\/2025\/09\/Aare_Tool_Portree_Tool-696x1024.jpg\" alt=\"\" class=\"kb-img wp-image-134\"\/><\/div><\/figure><\/div>\n<\/div><\/div>\n\n<\/div><\/div>","protected":false},"excerpt":{"rendered":"<p>Eesti Muusika- ja Teatriakadeemia Uurimisvaldkond: muusikateooria ja -anal\u00fc\u00fcs Digihumanitaaria r\u00fcpes esile kerkinud uued v\u00f5imalused t\u00f5otavad paljuski muuta seda, kuidas muusikat m\u00f5testatakse. Oluline on, et nii uurijatele kui ka laiemale huviliste ringile oleksid heliteoste andmed k\u00e4ttesaadavad usaldusv\u00e4\u00e4rsel, kergesti t\u00f6\u00f6deldaval ja viidataval kujul. Kultuurip\u00e4randi digiteerimise l\u00e4bim\u00f5eldud meetod loob eeldused selleks, et m\u00f5ista muusika rolli andmestunud maailmas.<\/p>","protected":false},"author":1,"featured_media":0,"parent":120,"menu_order":0,"comment_status":"closed","ping_status":"closed","template":"","meta":{"footnotes":""},"class_list":["post-196","page","type-page","status-publish","hentry"],"_links":{"self":[{"href":"https:\/\/www.etkad.ee\/en\/wp-json\/wp\/v2\/pages\/196","targetHints":{"allow":["GET"]}}],"collection":[{"href":"https:\/\/www.etkad.ee\/en\/wp-json\/wp\/v2\/pages"}],"about":[{"href":"https:\/\/www.etkad.ee\/en\/wp-json\/wp\/v2\/types\/page"}],"author":[{"embeddable":true,"href":"https:\/\/www.etkad.ee\/en\/wp-json\/wp\/v2\/users\/1"}],"replies":[{"embeddable":true,"href":"https:\/\/www.etkad.ee\/en\/wp-json\/wp\/v2\/comments?post=196"}],"version-history":[{"count":5,"href":"https:\/\/www.etkad.ee\/en\/wp-json\/wp\/v2\/pages\/196\/revisions"}],"predecessor-version":[{"id":827,"href":"https:\/\/www.etkad.ee\/en\/wp-json\/wp\/v2\/pages\/196\/revisions\/827"}],"up":[{"embeddable":true,"href":"https:\/\/www.etkad.ee\/en\/wp-json\/wp\/v2\/pages\/120"}],"wp:attachment":[{"href":"https:\/\/www.etkad.ee\/en\/wp-json\/wp\/v2\/media?parent=196"}],"curies":[{"name":"wp","href":"https:\/\/api.w.org\/{rel}","templated":true}]}}