{"id":194,"date":"2025-09-04T14:38:45","date_gmt":"2025-09-04T11:38:45","guid":{"rendered":"https:\/\/www.etkad.ee\/?page_id=121"},"modified":"2026-02-24T11:36:24","modified_gmt":"2026-02-24T11:36:24","slug":"kata-maria-metsar","status":"publish","type":"page","link":"https:\/\/www.etkad.ee\/en\/humal\/kata-maria-metsar\/","title":{"rendered":"Kata Maria Metsar"},"content":{"rendered":"<div class=\"kb-row-layout-wrap kb-row-layout-id194_958153-1c alignfull has-light-beige-background-color kt-row-has-bg wp-block-kadence-rowlayout\"><div class=\"kt-row-column-wrap kt-has-2-columns kt-row-layout-equal kt-tab-layout-row kt-mobile-layout-row kt-row-valign-middle\">\n\n<div class=\"wp-block-kadence-column kadence-column194_ac0440-b4 inner-column-1\"><div class=\"kt-inside-inner-col\">\n<h6 class=\"kt-adv-heading194_550f90-cd wp-block-kadence-advancedheading has-theme-palette-1-color has-text-color\" data-kb-block=\"kb-adv-heading194_550f90-cd\">eEsti Rahva Muuseum<\/h6>\n\n\n\n<h2 class=\"kt-adv-heading194_89d3e5-3b wp-block-kadence-advancedheading\" data-kb-block=\"kb-adv-heading194_89d3e5-3b\">Uurimisvaldkond: Andmeteadused<\/h2>\n\n\n\n<p class=\"kt-adv-heading194_fe83e7-d3 wp-block-kadence-advancedheading\" data-kb-block=\"kb-adv-heading194_fe83e7-d3\">Kata Maria on v\u00e4ga huvitatud erinevate masin\u00f5ppe ja andmeteaduse v\u00f5imaluste kasutamisest humanitaarteaduses. Tal on taust etnoloogias ja antropoloogias ning n\u00fc\u00fcd \u00f5pib ta Tartu \u00dclikoolis IT-d.<\/p>\n\n\n\n<div class=\"wp-block-kadence-iconlist kt-svg-icon-list-items kt-svg-icon-list-items194_9c7010-12 kt-svg-icon-list-columns-1 alignnone\"><ul class=\"kt-svg-icon-list\">\n<li class=\"wp-block-kadence-listitem kt-svg-icon-list-item-wrap kt-svg-icon-list-item-194_fef3ac-68\"><span class=\"kb-svg-icon-wrap kb-svg-icon-kb_email-solid kt-svg-icon-list-single\"><svg viewBox=\"0 0 24 24\"  fill=\"currentColor\" xmlns=\"http:\/\/www.w3.org\/2000\/svg\"  aria-hidden=\"true\"><path d=\"M12 12.5l9-5.06V6c0-1.1-.9-2-2-2H5c-1.1 0-2 .9-2 2v1.44l9 5.06z\"\/><path d=\"M12 13.5l-9-5.06V18c0 1.1.9 2 2 2h14c1.1 0 2-.9 2-2V8.44l-9 5.06z\"\/><\/svg><\/span><span class=\"kt-svg-icon-list-text\"><a href=\"mailto:kata.maria.metsar@erm.ee.\">kata.maria.metsar[at]erm.ee<\/a><\/span><\/li>\n<\/ul><\/div>\n<\/div><\/div>\n\n\n\n<div class=\"wp-block-kadence-column kadence-column194_d94bb3-b5 kb-section-dir-vertical inner-column-2\"><div class=\"kt-inside-inner-col\">\n<div class=\"wp-block-kadence-image kb-image194_f0c119-c9\"><figure class=\"aligncenter kb-image-is-ratio-size\"><div class=\"kb-is-ratio-image kb-image-ratio-square\"><img loading=\"lazy\" decoding=\"async\" width=\"2560\" height=\"2167\" src=\"https:\/\/www.etkad.ee\/wp-content\/uploads\/2025\/10\/Kata-Maria_Metsar_Kata_Maria_Metsar-scaled-1.jpg\" alt=\"\" class=\"kb-img wp-image-246\" srcset=\"https:\/\/www.etkad.ee\/wp-content\/uploads\/2025\/10\/Kata-Maria_Metsar_Kata_Maria_Metsar-scaled-1.jpg 2560w, https:\/\/www.etkad.ee\/wp-content\/uploads\/2025\/10\/Kata-Maria_Metsar_Kata_Maria_Metsar-scaled-1-300x254.jpg 300w, https:\/\/www.etkad.ee\/wp-content\/uploads\/2025\/10\/Kata-Maria_Metsar_Kata_Maria_Metsar-scaled-1-1024x867.jpg 1024w, https:\/\/www.etkad.ee\/wp-content\/uploads\/2025\/10\/Kata-Maria_Metsar_Kata_Maria_Metsar-scaled-1-768x650.jpg 768w, https:\/\/www.etkad.ee\/wp-content\/uploads\/2025\/10\/Kata-Maria_Metsar_Kata_Maria_Metsar-scaled-1-1536x1300.jpg 1536w, https:\/\/www.etkad.ee\/wp-content\/uploads\/2025\/10\/Kata-Maria_Metsar_Kata_Maria_Metsar-scaled-1-2048x1734.jpg 2048w\" sizes=\"auto, (max-width: 2560px) 100vw, 2560px\" \/><\/div><\/figure><\/div>\n<\/div><\/div>\n\n<\/div><\/div>","protected":false},"excerpt":{"rendered":"<p>eEsti Rahva Muuseum Uurimisvaldkond: Andmeteadused Kata Maria on v\u00e4ga huvitatud erinevate masin\u00f5ppe ja andmeteaduse v\u00f5imaluste kasutamisest humanitaarteaduses. Tal on taust etnoloogias ja antropoloogias ning n\u00fc\u00fcd \u00f5pib ta Tartu \u00dclikoolis IT-d.<\/p>","protected":false},"author":1,"featured_media":0,"parent":120,"menu_order":0,"comment_status":"closed","ping_status":"closed","template":"","meta":{"footnotes":""},"class_list":["post-194","page","type-page","status-publish","hentry"],"_links":{"self":[{"href":"https:\/\/www.etkad.ee\/en\/wp-json\/wp\/v2\/pages\/194","targetHints":{"allow":["GET"]}}],"collection":[{"href":"https:\/\/www.etkad.ee\/en\/wp-json\/wp\/v2\/pages"}],"about":[{"href":"https:\/\/www.etkad.ee\/en\/wp-json\/wp\/v2\/types\/page"}],"author":[{"embeddable":true,"href":"https:\/\/www.etkad.ee\/en\/wp-json\/wp\/v2\/users\/1"}],"replies":[{"embeddable":true,"href":"https:\/\/www.etkad.ee\/en\/wp-json\/wp\/v2\/comments?post=194"}],"version-history":[{"count":3,"href":"https:\/\/www.etkad.ee\/en\/wp-json\/wp\/v2\/pages\/194\/revisions"}],"predecessor-version":[{"id":1411,"href":"https:\/\/www.etkad.ee\/en\/wp-json\/wp\/v2\/pages\/194\/revisions\/1411"}],"up":[{"embeddable":true,"href":"https:\/\/www.etkad.ee\/en\/wp-json\/wp\/v2\/pages\/120"}],"wp:attachment":[{"href":"https:\/\/www.etkad.ee\/en\/wp-json\/wp\/v2\/media?parent=194"}],"curies":[{"name":"wp","href":"https:\/\/api.w.org\/{rel}","templated":true}]}}