{"id":193,"date":"2025-09-04T14:36:52","date_gmt":"2025-09-04T11:36:52","guid":{"rendered":"https:\/\/www.etkad.ee\/?page_id=119"},"modified":"2026-02-03T14:39:54","modified_gmt":"2026-02-03T14:39:54","slug":"mari-torv","status":"publish","type":"page","link":"https:\/\/www.etkad.ee\/en\/humal\/mari-torv\/","title":{"rendered":"Mari T\u00f5rv"},"content":{"rendered":"<div class=\"kb-row-layout-wrap kb-row-layout-id193_41fbda-da alignfull has-light-beige-background-color kt-row-has-bg wp-block-kadence-rowlayout\"><div class=\"kt-row-column-wrap kt-has-2-columns kt-row-layout-equal kt-tab-layout-row kt-mobile-layout-row kt-row-valign-middle\">\n\n<div class=\"wp-block-kadence-column kadence-column193_249836-37 inner-column-1\"><div class=\"kt-inside-inner-col\">\n<h6 class=\"kt-adv-heading193_669bc5-9f wp-block-kadence-advancedheading has-theme-palette-1-color has-text-color\" data-kb-block=\"kb-adv-heading193_669bc5-9f\">Tartu \u00dclikool<\/h6>\n\n\n\n<h2 class=\"kt-adv-heading193_b34d62-60 wp-block-kadence-advancedheading\" data-kb-block=\"kb-adv-heading193_b34d62-60\">Uurimisvaldkond: Arheoloogia ja ajalugu<\/h2>\n\n\n\n<p class=\"kt-adv-heading193_d1027d-54 wp-block-kadence-advancedheading\" data-kb-block=\"kb-adv-heading193_d1027d-54\">Mari k\u00fcsib laboris, kuidas senisest paremini toime tulla andmestuvas maailmas? Kuidas korrastada ja muuta m\u00f5istetavaks bioarheoloogia andmestikud, mis kobineerivad endas nii arvulisi v\u00e4\u00e4rtusi kui ka tekste?<\/p>\n\n\n\n<div class=\"wp-block-kadence-iconlist kt-svg-icon-list-items kt-svg-icon-list-items193_285a0a-87 kt-svg-icon-list-columns-1 alignnone\"><ul class=\"kt-svg-icon-list\">\n<li class=\"wp-block-kadence-listitem kt-svg-icon-list-item-wrap kt-svg-icon-list-item-193_00e7e5-1b\"><span class=\"kb-svg-icon-wrap kb-svg-icon-kb_email-solid kt-svg-icon-list-single\"><svg viewBox=\"0 0 24 24\"  fill=\"currentColor\" xmlns=\"http:\/\/www.w3.org\/2000\/svg\"  aria-hidden=\"true\"><path d=\"M12 12.5l9-5.06V6c0-1.1-.9-2-2-2H5c-1.1 0-2 .9-2 2v1.44l9 5.06z\"\/><path d=\"M12 13.5l-9-5.06V18c0 1.1.9 2 2 2h14c1.1 0 2-.9 2-2V8.44l-9 5.06z\"\/><\/svg><\/span><span class=\"kt-svg-icon-list-text\"><a href=\"mailto:mari.torv@ut.ee\">mari.torv[at]ut.ee<\/a><\/span><\/li>\n\n\n\n<li class=\"wp-block-kadence-listitem kt-svg-icon-list-item-wrap kt-svg-icon-list-item-193_8584b0-a9\"><span class=\"kb-svg-icon-wrap kb-svg-icon-fas_newspaper kt-svg-icon-list-single\"><svg viewBox=\"0 0 576 512\"  fill=\"currentColor\" xmlns=\"http:\/\/www.w3.org\/2000\/svg\"  aria-hidden=\"true\"><path d=\"M552 64H88c-13.255 0-24 10.745-24 24v8H24c-13.255 0-24 10.745-24 24v272c0 30.928 25.072 56 56 56h472c26.51 0 48-21.49 48-48V88c0-13.255-10.745-24-24-24zM56 400a8 8 0 0 1-8-8V144h16v248a8 8 0 0 1-8 8zm236-16H140c-6.627 0-12-5.373-12-12v-8c0-6.627 5.373-12 12-12h152c6.627 0 12 5.373 12 12v8c0 6.627-5.373 12-12 12zm208 0H348c-6.627 0-12-5.373-12-12v-8c0-6.627 5.373-12 12-12h152c6.627 0 12 5.373 12 12v8c0 6.627-5.373 12-12 12zm-208-96H140c-6.627 0-12-5.373-12-12v-8c0-6.627 5.373-12 12-12h152c6.627 0 12 5.373 12 12v8c0 6.627-5.373 12-12 12zm208 0H348c-6.627 0-12-5.373-12-12v-8c0-6.627 5.373-12 12-12h152c6.627 0 12 5.373 12 12v8c0 6.627-5.373 12-12 12zm0-96H140c-6.627 0-12-5.373-12-12v-40c0-6.627 5.373-12 12-12h360c6.627 0 12 5.373 12 12v40c0 6.627-5.373 12-12 12z\"\/><\/svg><\/span><span class=\"kt-svg-icon-list-text\"><a href=\"https:\/\/www.etis.ee\/CV\/Mari_T\u00f5rv\" target=\"_blank\" rel=\"noreferrer noopener\">Etis<\/a><\/span><\/li>\n<\/ul><\/div>\n<\/div><\/div>\n\n\n\n<div class=\"wp-block-kadence-column kadence-column193_d11457-92 kb-section-dir-vertical inner-column-2\"><div class=\"kt-inside-inner-col\">\n<div class=\"wp-block-kadence-image kb-image193_b2aebf-e3\"><figure class=\"aligncenter kb-image-is-ratio-size\"><div class=\"kb-is-ratio-image kb-image-ratio-square\"><img loading=\"lazy\" decoding=\"async\" width=\"720\" height=\"1015\" src=\"https:\/\/www.etkad.ee\/wp-content\/uploads\/2025\/11\/Mari_Torv-1.jpg\" alt=\"\" class=\"kb-img wp-image-417\" srcset=\"https:\/\/www.etkad.ee\/wp-content\/uploads\/2025\/11\/Mari_Torv-1.jpg 720w, https:\/\/www.etkad.ee\/wp-content\/uploads\/2025\/11\/Mari_Torv-1-213x300.jpg 213w\" sizes=\"auto, (max-width: 720px) 100vw, 720px\" \/><\/div><\/figure><\/div>\n<\/div><\/div>\n\n<\/div><\/div>","protected":false},"excerpt":{"rendered":"<p>Tartu \u00dclikool Uurimisvaldkond: Arheoloogia ja ajalugu Mari k\u00fcsib laboris, kuidas senisest paremini toime tulla andmestuvas maailmas? Kuidas korrastada ja muuta m\u00f5istetavaks bioarheoloogia andmestikud, mis kobineerivad endas nii arvulisi v\u00e4\u00e4rtusi kui ka tekste?<\/p>","protected":false},"author":1,"featured_media":0,"parent":120,"menu_order":0,"comment_status":"closed","ping_status":"closed","template":"","meta":{"footnotes":""},"class_list":["post-193","page","type-page","status-publish","hentry"],"_links":{"self":[{"href":"https:\/\/www.etkad.ee\/en\/wp-json\/wp\/v2\/pages\/193","targetHints":{"allow":["GET"]}}],"collection":[{"href":"https:\/\/www.etkad.ee\/en\/wp-json\/wp\/v2\/pages"}],"about":[{"href":"https:\/\/www.etkad.ee\/en\/wp-json\/wp\/v2\/types\/page"}],"author":[{"embeddable":true,"href":"https:\/\/www.etkad.ee\/en\/wp-json\/wp\/v2\/users\/1"}],"replies":[{"embeddable":true,"href":"https:\/\/www.etkad.ee\/en\/wp-json\/wp\/v2\/comments?post=193"}],"version-history":[{"count":4,"href":"https:\/\/www.etkad.ee\/en\/wp-json\/wp\/v2\/pages\/193\/revisions"}],"predecessor-version":[{"id":828,"href":"https:\/\/www.etkad.ee\/en\/wp-json\/wp\/v2\/pages\/193\/revisions\/828"}],"up":[{"embeddable":true,"href":"https:\/\/www.etkad.ee\/en\/wp-json\/wp\/v2\/pages\/120"}],"wp:attachment":[{"href":"https:\/\/www.etkad.ee\/en\/wp-json\/wp\/v2\/media?parent=193"}],"curies":[{"name":"wp","href":"https:\/\/api.w.org\/{rel}","templated":true}]}}