{"id":192,"date":"2025-09-04T14:35:46","date_gmt":"2025-09-04T11:35:46","guid":{"rendered":"https:\/\/www.etkad.ee\/?page_id=117"},"modified":"2026-02-03T14:46:30","modified_gmt":"2026-02-03T14:46:30","slug":"mark-mets","status":"publish","type":"page","link":"https:\/\/www.etkad.ee\/en\/humal\/mark-mets\/","title":{"rendered":"Mark Mets"},"content":{"rendered":"<div class=\"kb-row-layout-wrap kb-row-layout-id192_38c733-e2 alignfull has-light-beige-background-color kt-row-has-bg wp-block-kadence-rowlayout\"><div class=\"kt-row-column-wrap kt-has-2-columns kt-row-layout-equal kt-tab-layout-row kt-mobile-layout-row kt-row-valign-middle\">\n\n<div class=\"wp-block-kadence-column kadence-column192_19aae8-56 inner-column-1\"><div class=\"kt-inside-inner-col\">\n<h6 class=\"kt-adv-heading192_b25c5a-a5 wp-block-kadence-advancedheading has-theme-palette-1-color has-text-color\" data-kb-block=\"kb-adv-heading192_b25c5a-a5\">Eesti Kirjandusmuuseum<\/h6>\n\n\n\n<h2 class=\"kt-adv-heading192_3e63f3-1a wp-block-kadence-advancedheading\" data-kb-block=\"kb-adv-heading192_3e63f3-1a\">Uurimishuvid: Kultuuriandmete anal\u00fc\u00fcs, arvutuslik sotsiaalteadus, digihumanitaaria<\/h2>\n\n\n\n<p class=\"kt-adv-heading192_502ca5-61 wp-block-kadence-advancedheading\" data-kb-block=\"kb-adv-heading192_502ca5-61\">HUMALis on Marki huviks arvutuslike meetodite tutvustamine ja populariseerimine humanitaarias. Andmeanal\u00fc\u00fcsi v\u00f5imaluste ja t\u00f6\u00f6voogude n\u00e4itlustamine interdistsiplinaarsetes uurimisgruppides.<\/p>\n\n\n\n<div class=\"wp-block-kadence-iconlist kt-svg-icon-list-items kt-svg-icon-list-items192_acb922-c1 kt-svg-icon-list-columns-1 alignnone\"><ul class=\"kt-svg-icon-list\">\n<li class=\"wp-block-kadence-listitem kt-svg-icon-list-item-wrap kt-svg-icon-list-item-192_df2626-e9\"><span class=\"kb-svg-icon-wrap kb-svg-icon-kb_email-solid kt-svg-icon-list-single\"><svg viewBox=\"0 0 24 24\"  fill=\"currentColor\" xmlns=\"http:\/\/www.w3.org\/2000\/svg\"  aria-hidden=\"true\"><path d=\"M12 12.5l9-5.06V6c0-1.1-.9-2-2-2H5c-1.1 0-2 .9-2 2v1.44l9 5.06z\"\/><path d=\"M12 13.5l-9-5.06V18c0 1.1.9 2 2 2h14c1.1 0 2-.9 2-2V8.44l-9 5.06z\"\/><\/svg><\/span><span class=\"kt-svg-icon-list-text\"><a href=\"mailto: mark.mets@kirmus.ee\">mark.mets [at] kirmus.ee<\/a><\/span><\/li>\n\n\n\n<li class=\"wp-block-kadence-listitem kt-svg-icon-list-item-wrap kt-svg-icon-list-item-192_e0a5b4-02\"><span class=\"kb-svg-icon-wrap kb-svg-icon-fe_checkCircle kt-svg-icon-list-single\"><svg viewBox=\"0 0 24 24\"  fill=\"none\" stroke=\"currentColor\" stroke-width=\"2\" stroke-linecap=\"round\" stroke-linejoin=\"round\" xmlns=\"http:\/\/www.w3.org\/2000\/svg\"  aria-hidden=\"true\"><path d=\"M22 11.08V12a10 10 0 1 1-5.93-9.14\"\/><polyline points=\"22 4 12 14.01 9 11.01\"\/><\/svg><\/span><span class=\"kt-svg-icon-list-text\"><a href=\"https:\/\/www.etis.ee\/CV\/Mark_Mets\/est\" data-type=\"link\" data-id=\"https:\/\/www.etis.ee\/CV\/Mark_Mets\/est\" target=\"_blank\" rel=\"noreferrer noopener\">Etis<\/a><\/span><\/li>\n<\/ul><\/div>\n<\/div><\/div>\n\n\n\n<div class=\"wp-block-kadence-column kadence-column192_7e6e64-c9 kb-section-dir-vertical inner-column-2\"><div class=\"kt-inside-inner-col\">\n<div class=\"wp-block-kadence-image kb-image192_cd0379-8f\"><figure class=\"aligncenter size-full kb-image-is-ratio-size\"><div class=\"kb-is-ratio-image kb-image-ratio-square\"><img decoding=\"async\" src=\"https:\/\/www.etkad.ee\/wp-content\/uploads\/2025\/09\/Mark_Mets_mark-Portrait.jpg\" alt=\"\" class=\"kb-img wp-image-176\"\/><\/div><\/figure><\/div>\n<\/div><\/div>\n\n<\/div><\/div>","protected":false},"excerpt":{"rendered":"<p>Eesti Kirjandusmuuseum Uurimishuvid: Kultuuriandmete anal\u00fc\u00fcs, arvutuslik sotsiaalteadus, digihumanitaaria HUMALis on Marki huviks arvutuslike meetodite tutvustamine ja populariseerimine humanitaarias. Andmeanal\u00fc\u00fcsi v\u00f5imaluste ja t\u00f6\u00f6voogude n\u00e4itlustamine interdistsiplinaarsetes uurimisgruppides.<\/p>","protected":false},"author":1,"featured_media":0,"parent":120,"menu_order":0,"comment_status":"closed","ping_status":"closed","template":"","meta":{"footnotes":""},"class_list":["post-192","page","type-page","status-publish","hentry"],"_links":{"self":[{"href":"https:\/\/www.etkad.ee\/en\/wp-json\/wp\/v2\/pages\/192","targetHints":{"allow":["GET"]}}],"collection":[{"href":"https:\/\/www.etkad.ee\/en\/wp-json\/wp\/v2\/pages"}],"about":[{"href":"https:\/\/www.etkad.ee\/en\/wp-json\/wp\/v2\/types\/page"}],"author":[{"embeddable":true,"href":"https:\/\/www.etkad.ee\/en\/wp-json\/wp\/v2\/users\/1"}],"replies":[{"embeddable":true,"href":"https:\/\/www.etkad.ee\/en\/wp-json\/wp\/v2\/comments?post=192"}],"version-history":[{"count":6,"href":"https:\/\/www.etkad.ee\/en\/wp-json\/wp\/v2\/pages\/192\/revisions"}],"predecessor-version":[{"id":841,"href":"https:\/\/www.etkad.ee\/en\/wp-json\/wp\/v2\/pages\/192\/revisions\/841"}],"up":[{"embeddable":true,"href":"https:\/\/www.etkad.ee\/en\/wp-json\/wp\/v2\/pages\/120"}],"wp:attachment":[{"href":"https:\/\/www.etkad.ee\/en\/wp-json\/wp\/v2\/media?parent=192"}],"curies":[{"name":"wp","href":"https:\/\/api.w.org\/{rel}","templated":true}]}}