{"id":191,"date":"2025-09-04T14:33:57","date_gmt":"2025-09-04T11:33:57","guid":{"rendered":"https:\/\/www.etkad.ee\/?page_id=107"},"modified":"2026-02-03T14:40:13","modified_gmt":"2026-02-03T14:40:13","slug":"monika-reppo","status":"publish","type":"page","link":"https:\/\/www.etkad.ee\/en\/humal\/monika-reppo\/","title":{"rendered":"Monika Reppo"},"content":{"rendered":"<div class=\"kb-row-layout-wrap kb-row-layout-id191_ce4240-aa alignfull has-light-beige-background-color kt-row-has-bg wp-block-kadence-rowlayout\"><div class=\"kt-row-column-wrap kt-has-2-columns kt-row-layout-equal kt-tab-layout-row kt-mobile-layout-row kt-row-valign-middle\">\n\n<div class=\"wp-block-kadence-column kadence-column191_cefe71-3a inner-column-1\"><div class=\"kt-inside-inner-col\">\n<h6 class=\"kt-adv-heading191_0d7d60-d9 wp-block-kadence-advancedheading has-theme-palette-1-color has-text-color\" data-kb-block=\"kb-adv-heading191_0d7d60-d9\">Tallinna \u00dclikool<\/h6>\n\n\n\n<h2 class=\"kt-adv-heading191_a630d7-6f wp-block-kadence-advancedheading\" data-kb-block=\"kb-adv-heading191_a630d7-6f\">Uurimisvaldkond: arheoloogia<\/h2>\n\n\n\n<p class=\"kt-adv-heading191_1b44ea-63 wp-block-kadence-advancedheading\" data-kb-block=\"kb-adv-heading191_1b44ea-63\">Kuigi iga projekti raames v\u00f5ib koguda tuhandeid andmepunkte, puudub Eesti arheoloogias kokkulepitud raamistik nende andmete s\u00e4ilitamiseks, avaldamiseks ega taaskasutamiseks. Monika on huvitatud digitaalsete vahendite ja meetodite katsetamisest, et leida viise varasemate arheoloogiaprojektide halli kirjanduse ja toorandmete (andmekogud, fotod) taaskasutamiseks, kasutades l\u00e4htepunktina oma doktorit\u00f6\u00f6 andmeid.<\/p>\n\n\n\n<div class=\"wp-block-kadence-iconlist kt-svg-icon-list-items kt-svg-icon-list-items191_d3a949-6d kt-svg-icon-list-columns-1 alignnone\"><ul class=\"kt-svg-icon-list\">\n<li class=\"wp-block-kadence-listitem kt-svg-icon-list-item-wrap kt-svg-icon-list-item-191_8181a7-ae\"><span class=\"kb-svg-icon-wrap kb-svg-icon-kb_email-solid kt-svg-icon-list-single\"><svg viewBox=\"0 0 24 24\"  fill=\"currentColor\" xmlns=\"http:\/\/www.w3.org\/2000\/svg\"  aria-hidden=\"true\"><path d=\"M12 12.5l9-5.06V6c0-1.1-.9-2-2-2H5c-1.1 0-2 .9-2 2v1.44l9 5.06z\"\/><path d=\"M12 13.5l-9-5.06V18c0 1.1.9 2 2 2h14c1.1 0 2-.9 2-2V8.44l-9 5.06z\"\/><\/svg><\/span><span class=\"kt-svg-icon-list-text\"><a href=\"mailto:monika.reppo@tlu.ee\">monika.reppo[at]tlu.ee<\/a><\/span><\/li>\n\n\n\n<li class=\"wp-block-kadence-listitem kt-svg-icon-list-item-wrap kt-svg-icon-list-item-191_99d6ff-7a\"><span class=\"kb-svg-icon-wrap kb-svg-icon-fas_newspaper kt-svg-icon-list-single\"><svg viewBox=\"0 0 576 512\"  fill=\"currentColor\" xmlns=\"http:\/\/www.w3.org\/2000\/svg\"  aria-hidden=\"true\"><path d=\"M552 64H88c-13.255 0-24 10.745-24 24v8H24c-13.255 0-24 10.745-24 24v272c0 30.928 25.072 56 56 56h472c26.51 0 48-21.49 48-48V88c0-13.255-10.745-24-24-24zM56 400a8 8 0 0 1-8-8V144h16v248a8 8 0 0 1-8 8zm236-16H140c-6.627 0-12-5.373-12-12v-8c0-6.627 5.373-12 12-12h152c6.627 0 12 5.373 12 12v8c0 6.627-5.373 12-12 12zm208 0H348c-6.627 0-12-5.373-12-12v-8c0-6.627 5.373-12 12-12h152c6.627 0 12 5.373 12 12v8c0 6.627-5.373 12-12 12zm-208-96H140c-6.627 0-12-5.373-12-12v-8c0-6.627 5.373-12 12-12h152c6.627 0 12 5.373 12 12v8c0 6.627-5.373 12-12 12zm208 0H348c-6.627 0-12-5.373-12-12v-8c0-6.627 5.373-12 12-12h152c6.627 0 12 5.373 12 12v8c0 6.627-5.373 12-12 12zm0-96H140c-6.627 0-12-5.373-12-12v-40c0-6.627 5.373-12 12-12h360c6.627 0 12 5.373 12 12v40c0 6.627-5.373 12-12 12z\"\/><\/svg><\/span><span class=\"kt-svg-icon-list-text\"><a href=\"https:\/\/www.etis.ee\/CV\/Monika_Reppo\/est\" target=\"_blank\" rel=\"noreferrer noopener\">Etis<\/a><\/span><\/li>\n<\/ul><\/div>\n<\/div><\/div>\n\n\n\n<div class=\"wp-block-kadence-column kadence-column191_327176-f6 kb-section-dir-vertical inner-column-2\"><div class=\"kt-inside-inner-col\">\n<div class=\"wp-block-kadence-image kb-image191_07c1aa-2a\"><figure class=\"aligncenter kb-image-is-ratio-size\"><div class=\"kb-is-ratio-image kb-image-ratio-square\"><img loading=\"lazy\" decoding=\"async\" width=\"1707\" height=\"2560\" src=\"https:\/\/www.etkad.ee\/wp-content\/uploads\/2025\/09\/Monika_Reppo_DSC_3420-scaled-1.jpg\" alt=\"\" class=\"kb-img wp-image-509\" srcset=\"https:\/\/www.etkad.ee\/wp-content\/uploads\/2025\/09\/Monika_Reppo_DSC_3420-scaled-1.jpg 1707w, https:\/\/www.etkad.ee\/wp-content\/uploads\/2025\/09\/Monika_Reppo_DSC_3420-scaled-1-200x300.jpg 200w, https:\/\/www.etkad.ee\/wp-content\/uploads\/2025\/09\/Monika_Reppo_DSC_3420-scaled-1-683x1024.jpg 683w, https:\/\/www.etkad.ee\/wp-content\/uploads\/2025\/09\/Monika_Reppo_DSC_3420-scaled-1-768x1152.jpg 768w, https:\/\/www.etkad.ee\/wp-content\/uploads\/2025\/09\/Monika_Reppo_DSC_3420-scaled-1-1024x1536.jpg 1024w, https:\/\/www.etkad.ee\/wp-content\/uploads\/2025\/09\/Monika_Reppo_DSC_3420-scaled-1-1366x2048.jpg 1366w\" sizes=\"auto, (max-width: 1707px) 100vw, 1707px\" \/><\/div><\/figure><\/div>\n<\/div><\/div>\n\n<\/div><\/div>","protected":false},"excerpt":{"rendered":"<p>Tallinna \u00dclikool Uurimisvaldkond: arheoloogia Kuigi iga projekti raames v\u00f5ib koguda tuhandeid andmepunkte, puudub Eesti arheoloogias kokkulepitud raamistik nende andmete s\u00e4ilitamiseks, avaldamiseks ega taaskasutamiseks. Monika on huvitatud digitaalsete vahendite ja meetodite katsetamisest, et leida viise varasemate arheoloogiaprojektide halli kirjanduse ja toorandmete (andmekogud, fotod) taaskasutamiseks, kasutades l\u00e4htepunktina oma doktorit\u00f6\u00f6 andmeid.<\/p>","protected":false},"author":1,"featured_media":0,"parent":120,"menu_order":0,"comment_status":"closed","ping_status":"closed","template":"","meta":{"footnotes":""},"class_list":["post-191","page","type-page","status-publish","hentry"],"_links":{"self":[{"href":"https:\/\/www.etkad.ee\/en\/wp-json\/wp\/v2\/pages\/191","targetHints":{"allow":["GET"]}}],"collection":[{"href":"https:\/\/www.etkad.ee\/en\/wp-json\/wp\/v2\/pages"}],"about":[{"href":"https:\/\/www.etkad.ee\/en\/wp-json\/wp\/v2\/types\/page"}],"author":[{"embeddable":true,"href":"https:\/\/www.etkad.ee\/en\/wp-json\/wp\/v2\/users\/1"}],"replies":[{"embeddable":true,"href":"https:\/\/www.etkad.ee\/en\/wp-json\/wp\/v2\/comments?post=191"}],"version-history":[{"count":2,"href":"https:\/\/www.etkad.ee\/en\/wp-json\/wp\/v2\/pages\/191\/revisions"}],"predecessor-version":[{"id":831,"href":"https:\/\/www.etkad.ee\/en\/wp-json\/wp\/v2\/pages\/191\/revisions\/831"}],"up":[{"embeddable":true,"href":"https:\/\/www.etkad.ee\/en\/wp-json\/wp\/v2\/pages\/120"}],"wp:attachment":[{"href":"https:\/\/www.etkad.ee\/en\/wp-json\/wp\/v2\/media?parent=191"}],"curies":[{"name":"wp","href":"https:\/\/api.w.org\/{rel}","templated":true}]}}