{"id":190,"date":"2025-09-04T10:55:24","date_gmt":"2025-09-04T07:55:24","guid":{"rendered":"https:\/\/www.etkad.ee\/?page_id=101"},"modified":"2026-02-03T14:38:49","modified_gmt":"2026-02-03T14:38:49","slug":"kaarel-veskis","status":"publish","type":"page","link":"https:\/\/www.etkad.ee\/en\/humal\/kaarel-veskis\/","title":{"rendered":"Kaarel Veskis"},"content":{"rendered":"<div class=\"kb-row-layout-wrap kb-row-layout-id190_709722-cd alignfull has-light-beige-background-color kt-row-has-bg wp-block-kadence-rowlayout\"><div class=\"kt-row-column-wrap kt-has-2-columns kt-row-layout-equal kt-tab-layout-row kt-mobile-layout-row kt-row-valign-middle\">\n\n<div class=\"wp-block-kadence-column kadence-column190_4a2da6-98 inner-column-1\"><div class=\"kt-inside-inner-col\">\n<h6 class=\"kt-adv-heading190_0ea38e-b7 wp-block-kadence-advancedheading has-theme-palette-1-color has-text-color\" data-kb-block=\"kb-adv-heading190_0ea38e-b7\">Tartu \u00dclikool\/Eesti Kirjandusmuuseum<\/h6>\n\n\n\n<h2 class=\"wp-block-heading has--font-size\">Uurimisvaldkond: l\u00e4\u00e4nemeresoome regilaulutekstide kvantitatiivne anal\u00fc\u00fcs<\/h2>\n\n\n\n<p class=\"kt-adv-heading190_7671e7-82 wp-block-kadence-advancedheading\" data-kb-block=\"kb-adv-heading190_7671e7-82\">Eesti Kirjandusmuuseumi mitmesuguste projektide raames olen omal k\u00e4el \u00f5ppinud, et humanitaarteaduste ja tehnoloogia \u00fchendamine on parimatest pingutustest hoolimata endiselt v\u00e4ga keeruline. HUMAL  pakub praktilist lahendust, luues struktureeritud raamistikud, mis muudavad arvutuslikud l\u00e4henemisviisid t\u00f5eliselt k\u00e4ttesaadavaks. Nende raamistike kujundamisele kaasaaitamine on kasulik ka minu enda uurimist\u00f6\u00f6le, aidates mul paremini struktureerida ja dokumenteerida oma keeleteaduslikku uurimist\u00f6\u00f6d rahvaluule tekstide alal.<\/p>\n\n\n\n<div class=\"wp-block-kadence-iconlist kt-svg-icon-list-items kt-svg-icon-list-items190_3db971-78 kt-svg-icon-list-columns-1 alignnone\"><ul class=\"kt-svg-icon-list\">\n<li class=\"wp-block-kadence-listitem kt-svg-icon-list-item-wrap kt-svg-icon-list-item-190_2de06f-55\"><span class=\"kb-svg-icon-wrap kb-svg-icon-kb_email-solid kt-svg-icon-list-single\"><svg viewBox=\"0 0 24 24\"  fill=\"currentColor\" xmlns=\"http:\/\/www.w3.org\/2000\/svg\"  aria-hidden=\"true\"><path d=\"M12 12.5l9-5.06V6c0-1.1-.9-2-2-2H5c-1.1 0-2 .9-2 2v1.44l9 5.06z\"\/><path d=\"M12 13.5l-9-5.06V18c0 1.1.9 2 2 2h14c1.1 0 2-.9 2-2V8.44l-9 5.06z\"\/><\/svg><\/span><span class=\"kt-svg-icon-list-text\"><a href=\"mailto:kaarel.veskis@kirmus.ee\">kaarel.veskis[at]kirmus.ee<\/a><\/span><\/li>\n\n\n\n<li class=\"wp-block-kadence-listitem kt-svg-icon-list-item-wrap kt-svg-icon-list-item-190_c0e28a-55\"><span class=\"kb-svg-icon-wrap kb-svg-icon-fas_newspaper kt-svg-icon-list-single\"><svg viewBox=\"0 0 576 512\"  fill=\"currentColor\" xmlns=\"http:\/\/www.w3.org\/2000\/svg\"  aria-hidden=\"true\"><path d=\"M552 64H88c-13.255 0-24 10.745-24 24v8H24c-13.255 0-24 10.745-24 24v272c0 30.928 25.072 56 56 56h472c26.51 0 48-21.49 48-48V88c0-13.255-10.745-24-24-24zM56 400a8 8 0 0 1-8-8V144h16v248a8 8 0 0 1-8 8zm236-16H140c-6.627 0-12-5.373-12-12v-8c0-6.627 5.373-12 12-12h152c6.627 0 12 5.373 12 12v8c0 6.627-5.373 12-12 12zm208 0H348c-6.627 0-12-5.373-12-12v-8c0-6.627 5.373-12 12-12h152c6.627 0 12 5.373 12 12v8c0 6.627-5.373 12-12 12zm-208-96H140c-6.627 0-12-5.373-12-12v-8c0-6.627 5.373-12 12-12h152c6.627 0 12 5.373 12 12v8c0 6.627-5.373 12-12 12zm208 0H348c-6.627 0-12-5.373-12-12v-8c0-6.627 5.373-12 12-12h152c6.627 0 12 5.373 12 12v8c0 6.627-5.373 12-12 12zm0-96H140c-6.627 0-12-5.373-12-12v-40c0-6.627 5.373-12 12-12h360c6.627 0 12 5.373 12 12v40c0 6.627-5.373 12-12 12z\"\/><\/svg><\/span><span class=\"kt-svg-icon-list-text\"><a href=\"https:\/\/www.etis.ee\/Portal\/Persons\/Display\/af76fdd2-07a6-4670-a3d9-aac710a081db\" target=\"_blank\" rel=\"noreferrer noopener\">Etis<\/a><\/span><\/li>\n<\/ul><\/div>\n<\/div><\/div>\n\n\n\n<div class=\"wp-block-kadence-column kadence-column190_94ec2d-6a kb-section-dir-vertical inner-column-2\"><div class=\"kt-inside-inner-col\">\n<div class=\"wp-block-kadence-image kb-image190_38aa22-a0\"><figure class=\"aligncenter size-full kb-image-is-ratio-size\"><div class=\"kb-is-ratio-image kb-image-ratio-square\"><img decoding=\"async\" src=\"https:\/\/www.etkad.ee\/wp-content\/uploads\/2025\/09\/Kaarel_Veskis_Kaarel_Veskis.jpg\" alt=\"\" class=\"kb-img wp-image-100\"\/><\/div><\/figure><\/div>\n<\/div><\/div>\n\n<\/div><\/div>","protected":false},"excerpt":{"rendered":"<p>Tartu \u00dclikool\/Eesti Kirjandusmuuseum Uurimisvaldkond: l\u00e4\u00e4nemeresoome regilaulutekstide kvantitatiivne anal\u00fc\u00fcs Eesti Kirjandusmuuseumi mitmesuguste projektide raames olen omal k\u00e4el \u00f5ppinud, et humanitaarteaduste ja tehnoloogia \u00fchendamine on parimatest pingutustest hoolimata endiselt v\u00e4ga keeruline. HUMAL pakub praktilist lahendust, luues struktureeritud raamistikud, mis muudavad arvutuslikud l\u00e4henemisviisid t\u00f5eliselt k\u00e4ttesaadavaks. Nende raamistike kujundamisele kaasaaitamine on kasulik ka minu enda uurimist\u00f6\u00f6le, aidates mul paremini [&hellip;]<\/p>\n","protected":false},"author":1,"featured_media":0,"parent":120,"menu_order":0,"comment_status":"closed","ping_status":"closed","template":"","meta":{"footnotes":""},"class_list":["post-190","page","type-page","status-publish","hentry"],"_links":{"self":[{"href":"https:\/\/www.etkad.ee\/en\/wp-json\/wp\/v2\/pages\/190","targetHints":{"allow":["GET"]}}],"collection":[{"href":"https:\/\/www.etkad.ee\/en\/wp-json\/wp\/v2\/pages"}],"about":[{"href":"https:\/\/www.etkad.ee\/en\/wp-json\/wp\/v2\/types\/page"}],"author":[{"embeddable":true,"href":"https:\/\/www.etkad.ee\/en\/wp-json\/wp\/v2\/users\/1"}],"replies":[{"embeddable":true,"href":"https:\/\/www.etkad.ee\/en\/wp-json\/wp\/v2\/comments?post=190"}],"version-history":[{"count":5,"href":"https:\/\/www.etkad.ee\/en\/wp-json\/wp\/v2\/pages\/190\/revisions"}],"predecessor-version":[{"id":820,"href":"https:\/\/www.etkad.ee\/en\/wp-json\/wp\/v2\/pages\/190\/revisions\/820"}],"up":[{"embeddable":true,"href":"https:\/\/www.etkad.ee\/en\/wp-json\/wp\/v2\/pages\/120"}],"wp:attachment":[{"href":"https:\/\/www.etkad.ee\/en\/wp-json\/wp\/v2\/media?parent=190"}],"curies":[{"name":"wp","href":"https:\/\/api.w.org\/{rel}","templated":true}]}}