{"id":1569,"date":"2026-03-21T06:54:33","date_gmt":"2026-03-21T06:54:33","guid":{"rendered":"https:\/\/www.etkad.ee\/?page_id=1569"},"modified":"2026-03-21T06:54:33","modified_gmt":"2026-03-21T06:54:33","slug":"hum-andmelabor-skeemide-koostamise-juhend","status":"publish","type":"page","link":"https:\/\/www.etkad.ee\/en\/hum-andmelabor-skeemide-koostamise-juhend\/","title":{"rendered":"HUM data lab: Guidelines for Creating Diagrams"},"content":{"rendered":"<p><br>These guidelines will help you create process and methodology diagrams based on a consistent design system.<br>The goal is not always complete uniformity, but rather a recognizable, logical, and consistent structure.<br>The diagrams are created <a href=\"https:\/\/app.diagrams.net\/\">draw.io (diagrams.net<\/a>) software.<\/p>\n\n\n\n<h2 class=\"wp-block-heading\"><strong>General Principles<\/strong><\/h2>\n\n\n\n<p><br>\u25cf    The diagram should be readable without additional explanations<br>\u25cf    The flow of the diagram runs from left to right and\/or top to bottom<br>\u25cf    Each box represents a single action, decision, or output<br>\u25cf    Each selected color represents a specific stage of the process<\/p>\n\n\n\n<h2 class=\"wp-block-heading\"><br><strong>Recommended logic for the diagram structure<\/strong><\/h2>\n\n\n\n<p><br>The diagram does not always have to include all stages, but the general logic is as follows:<br>\u25cf Study planning and starting points<br>\u25cf  Data collection<br>\u25cf    Data preparation and cleaning<br>\u25cf    Analysis and\/or modeling<br>\u25cf    Integration and linking<br>\u25cf    Results and their dissemination<\/p>\n\n\n\n<h2 class=\"wp-block-heading\"><br><strong>Guide to Creating a Diagram<\/strong><\/h2>\n\n\n\n<p><strong>1. Creating a File<\/strong><br>1.1. Ava fail <a href=\"https:\/\/viewer.diagrams.net\/?tags=%7B%7D&amp;lightbox=1&amp;highlight=0000ff&amp;edit=_blank&amp;layers=1&amp;nav=1&amp;title=ETKAD%20skeemide%20teek.drawio&amp;dark=0#R%3Cmxfile%20pages%3D%222%22%3E%3Cdiagram%20name%3D%22Page%201%22%20id%3D%223tMnzB-anpcf0JSZww3O%22%3E7Vxbc5s6EP41nmke4kES18fUSdrOaU9zJp3T9qmjgAzEGFEQvvTXVzLCgMEJToDYbcJMghbd2O9jtSuWjNBkvnoX48j7RB0SjKDirEbocgQhMC3I%2FwjJWkqgpWQSN%2FYdKSsEt%2F4vIoV5tdR3SFKpyCgNmB9VhTYNQ2KzigzHMV1Wq01pUB01wi6pCW5tHNSlX32HeZnUhEYhf09818tHBrqVXZnjvLK8k8TDDl2WROhqhCYxpSw7m68mJBDay%2FWStbvec3U7sZiErE0D5H6%2F%2BXSJwNfZ5J078aYfFt8vzwHUs36IU9ND0bEUJWydq0VUv5VFGjOPujTEwVUhfRvTNHSIGFvhpaLOR0ojLgRceE8YW0vIccooF3lsHsirZOWzb6Xz76KrsSZLlyvZ86awloWtWjkhCZ0TFq%2F5vGMSYOYvqveHJTHcbb1t0xvq8zuHimQxBJbOx920kjQ%2BN3JU824Yjl3CZMsCBX5Smkoh2mBzEE7mn4QTn3G8%2FlYulFqJYtFsU%2BoXX6SiF8cXKa%2F49oWvalpjq%2FQzHNQ%2Fb3%2Fc3Ny73%2Fy7zzT6b%2Bn40eIcaW2ALWATel96PiO3EbbF1SVfaqsQTf0gmNCAxrwciMXo3MHx7M0IIutOHCPIp8rvEhFHHGe8ScJiOiN5o5CGgitTGrLmfqbGVJvChn5Ek2s89wOhzvckWBDm21heyJm5mWPgR%2F%2FL8%2BxuFzhI5d1%2BIbOESSmJGVmV1FLng1decHP0lsXqvJXJbnSlgjgAyn4KVdA%2BGFp9QGiJJY7nQwtUMBGrC%2B8HXV2K4wBcd4EcQT1gspZw%2BzDD5%2BL8PIntTQ39ZyocHn6LTHhwF0Lh8FpUScYupW5AcOQnY5vOudhOeJXraT6Nj5jbpm0PFaUWwtKZK%2F9uZpREOGzZRLIxa8enkTWtdicnXYh74i6wzKHIawxJXs2ZOviFyfuIUapyuYlNx0eXHVOHIOyLLeaAbNm7%2BhyPqTsNeuxakx75YQ3ID8BjX%2BFAP9vL0cTRm5dziozZMSgaUnsijKoM6hbbJlFbE4aD%2Bj7vs0SewqI824h05p0MZDh65EGruLcrw4HQhuEnZThevequrZqhan2xGQ7IZlsj%2BvSgiLAPi2Vnw1yIjRv37g2Uj5f0uxRVOTtes9YjEdCgZk1TAdr1c4%2FZpp2kM2RpRl9sUYc0G5DotvFqNp5uNnokwpCbxcR2dEfvmAgtzcAfwYvaRnP%2BMrh7Xgy504wdRVOaVoJHV5QOI6SX8n1L%2FCtpZUNFVRpNqGr5CTzLzjbXUX69dHLWTNdjX%2Fnq29D9Ufu496GfROEnoAJ1o45KvhzssTd6vonSPShDbvcC%2FdDtvGMCBSI0GCryGZTJT%2FguB6LVXprL4YqOUIGqYgylQK1BUQ9qunuyQ1Pjd3hyZO8eiiH3%2FYjpGJ17uoM9IJo5mN3XWm1bZFrL8yNBFYXEw5GoN1%2B5Ikd0PA3o0vZwzMY4DCnDzKfhD1ERc4xCARWZCl8mEgk4JL5a8IGT%2FeHDUxwepe7waFV%2Fh6tjrCnFD6zadKgYZl8al6H%2FoYlgoXMh0l15yQ5wkvh2FYVqGlijHh9WWq6gxmSsBkW2z88y4U72HQTGTicJTWOb1FKyal1xz%2BFh2KydjnvO9dJahe%2Bcu6yKVpNhazZNJRMnRTuPkXg2uLUKLqR47jtOQ2JgAyOyCONuN%2BSQgVg9Usqisk0aoYiWgBGtGmOdmwCHhMT%2B3Ofzhco9FqHVaIJGF6rHyIx62Nkb3mzFd88KeVDdAEDjwVje7M3Ctorkj5oie%2Fdu2jKixrWL0OHaFeyYUTctEyXxE27qfKeZCt1t9xzOEJh%2F69A9RVrlUvy1FCGMET7k3E9YmuQ8iVIPJwxn1BmcKqryIFU0BfVEFR2%2BUqWBKnizvrydZL%2B3JJmL75WCYi06Np4YoK9oSz99x6R7nnzg8YYb77omGWc8vuocqTWxYF9vn%2FRWu35%2FGUu%2BpAGZpwkfWhJkkfmuwX36Qo7JI%2FwAAPUVrOqvnkmdIP9QGjpRQGezI%2BSC3tv3A7l3%2FMqFEhf%2BpTQgR2gT%2BD30ZROM6hfZJ%2FBSAsDq94EI1tS5%2FT5zz2O1VXf36mzw6B%2FUew%2Fv41Rg5%2FkWj%2B%2BWx3JPl0tU8b2nR2P%2FFwcNbwcaEFoLjC2ITBNomgo1kPvTJWT31Ni%2B9x4ryFQ0iz8ypoGs%2FHP5ddNl1chn2T0LGvbh27KgH5NrE7E7397odpP%2B8Xh%2BUHNSRpsUoWcnUqja2NKBpSqGYQCoaWa3ZFPhWAGWAvkYQEWG1tcegtEq%2BfAvW8g%2FsyQV%2B0tRGs7Y8a3nABmHmx5eLP79SPbKo%2FgvLujqNw%3D%3D%3C%2Fdiagram%3E%3Cdiagram%20id%3D%22ZSpVJX9ZUQ6tF-dpJmBq%22%20name%3D%22Page%202%22%3EddHBDsIgDADQr%2BHOqCbe59SLpx08k1EHCVsXhtn0690Cc5LpifJaKCkM8mY8O9npKym0THA1MjgyIUTGxbTM8gyS7QCC1M6oaCuU5oURedSHUdgnhZ7IetOlWFHbYuUTk87RkJbdyaZdO1njBspK2q3ejPI66GHPV7%2BgqfXSOeMx08ilOEKvpaLhi6BgkDsiH6JmzNHO01vmEs6d%2FmQ%2FD3PY%2Bh8HpmC9e9okXwTFGw%3D%3D%3C%2Fdiagram%3E%3C%2Fmxfile%3E\">ETKAD diagrams.<\/a><br>1.2. On the page that opens, click the pencil icon on the right side of the bottom bar.<br><\/p>\n\n\n\n<figure data-wp-context=\"{&quot;imageId&quot;:&quot;69deae4b9b111&quot;}\" data-wp-interactive=\"core\/image\" data-wp-key=\"69deae4b9b111\" class=\"wp-block-image size-full wp-lightbox-container\"><img loading=\"lazy\" decoding=\"async\" width=\"301\" height=\"264\" data-wp-class--hide=\"state.isContentHidden\" data-wp-class--show=\"state.isContentVisible\" data-wp-init=\"callbacks.setButtonStyles\" data-wp-on--click=\"actions.showLightbox\" data-wp-on--load=\"callbacks.setButtonStyles\" data-wp-on-window--resize=\"callbacks.setButtonStyles\" src=\"https:\/\/www.etkad.ee\/wp-content\/uploads\/2026\/03\/skeem_1.png\" alt=\"\" class=\"wp-image-1570\" srcset=\"https:\/\/www.etkad.ee\/wp-content\/uploads\/2026\/03\/skeem_1.png 301w, https:\/\/www.etkad.ee\/wp-content\/uploads\/2026\/03\/skeem_1-14x12.png 14w\" sizes=\"auto, (max-width: 301px) 100vw, 301px\" \/><button\n\t\t\tclass=\"lightbox-trigger\"\n\t\t\ttype=\"button\"\n\t\t\taria-haspopup=\"dialog\"\n\t\t\taria-label=\"Enlarge\"\n\t\t\tdata-wp-init=\"callbacks.initTriggerButton\"\n\t\t\tdata-wp-on--click=\"actions.showLightbox\"\n\t\t\tdata-wp-style--right=\"state.imageButtonRight\"\n\t\t\tdata-wp-style--top=\"state.imageButtonTop\"\n\t\t>\n\t\t\t<svg xmlns=\"http:\/\/www.w3.org\/2000\/svg\" width=\"12\" height=\"12\" fill=\"none\" viewbox=\"0 0 12 12\">\n\t\t\t\t<path fill=\"#fff\" d=\"M2 0a2 2 0 0 0-2 2v2h1.5V2a.5.5 0 0 1 .5-.5h2V0H2Zm2 10.5H2a.5.5 0 0 1-.5-.5V8H0v2a2 2 0 0 0 2 2h2v-1.5ZM8 12v-1.5h2a.5.5 0 0 0 .5-.5V8H12v2a2 2 0 0 1-2 2H8Zm2-12a2 2 0 0 1 2 2v2h-1.5V2a.5.5 0 0 0-.5-.5H8V0h2Z\" \/>\n\t\t\t<\/svg>\n\t\t<\/button><\/figure>\n\n\n\n<p>1.3. A file will open where you can begin creating your diagram.<\/p>\n\n\n\n<figure data-wp-context=\"{&quot;imageId&quot;:&quot;69deae4b9b7ae&quot;}\" data-wp-interactive=\"core\/image\" data-wp-key=\"69deae4b9b7ae\" class=\"wp-block-image size-full wp-lightbox-container\"><img loading=\"lazy\" decoding=\"async\" width=\"399\" height=\"226\" data-wp-class--hide=\"state.isContentHidden\" data-wp-class--show=\"state.isContentVisible\" data-wp-init=\"callbacks.setButtonStyles\" data-wp-on--click=\"actions.showLightbox\" data-wp-on--load=\"callbacks.setButtonStyles\" data-wp-on-window--resize=\"callbacks.setButtonStyles\" src=\"https:\/\/www.etkad.ee\/wp-content\/uploads\/2026\/03\/skeem_2.png\" alt=\"\" class=\"wp-image-1571\" srcset=\"https:\/\/www.etkad.ee\/wp-content\/uploads\/2026\/03\/skeem_2.png 399w, https:\/\/www.etkad.ee\/wp-content\/uploads\/2026\/03\/skeem_2-300x170.png 300w, https:\/\/www.etkad.ee\/wp-content\/uploads\/2026\/03\/skeem_2-18x10.png 18w\" sizes=\"auto, (max-width: 399px) 100vw, 399px\" \/><button\n\t\t\tclass=\"lightbox-trigger\"\n\t\t\ttype=\"button\"\n\t\t\taria-haspopup=\"dialog\"\n\t\t\taria-label=\"Enlarge\"\n\t\t\tdata-wp-init=\"callbacks.initTriggerButton\"\n\t\t\tdata-wp-on--click=\"actions.showLightbox\"\n\t\t\tdata-wp-style--right=\"state.imageButtonRight\"\n\t\t\tdata-wp-style--top=\"state.imageButtonTop\"\n\t\t>\n\t\t\t<svg xmlns=\"http:\/\/www.w3.org\/2000\/svg\" width=\"12\" height=\"12\" fill=\"none\" viewbox=\"0 0 12 12\">\n\t\t\t\t<path fill=\"#fff\" d=\"M2 0a2 2 0 0 0-2 2v2h1.5V2a.5.5 0 0 1 .5-.5h2V0H2Zm2 10.5H2a.5.5 0 0 1-.5-.5V8H0v2a2 2 0 0 0 2 2h2v-1.5ZM8 12v-1.5h2a.5.5 0 0 0 .5-.5V8H12v2a2 2 0 0 1-2 2H8Zm2-12a2 2 0 0 1 2 2v2h-1.5V2a.5.5 0 0 0-.5-.5H8V0h2Z\" \/>\n\t\t\t<\/svg>\n\t\t<\/button><\/figure>\n\n\n\n<p><strong>2. Creating a diagram<\/strong><br>2.1 The first page of the document contains the elements needed to create diagrams. To find<br>To find\na blank page on which to create a diagram, click the <strong>Page 2 <\/strong>button in the lower-left corner of the page.<\/p>\n\n\n\n<figure data-wp-context=\"{&quot;imageId&quot;:&quot;69deae4b9bdf3&quot;}\" data-wp-interactive=\"core\/image\" data-wp-key=\"69deae4b9bdf3\" class=\"wp-block-image size-full wp-lightbox-container\"><img loading=\"lazy\" decoding=\"async\" width=\"399\" height=\"226\" data-wp-class--hide=\"state.isContentHidden\" data-wp-class--show=\"state.isContentVisible\" data-wp-init=\"callbacks.setButtonStyles\" data-wp-on--click=\"actions.showLightbox\" data-wp-on--load=\"callbacks.setButtonStyles\" data-wp-on-window--resize=\"callbacks.setButtonStyles\" src=\"https:\/\/www.etkad.ee\/wp-content\/uploads\/2026\/03\/skeem_3.png\" alt=\"\" class=\"wp-image-1572\" srcset=\"https:\/\/www.etkad.ee\/wp-content\/uploads\/2026\/03\/skeem_3.png 399w, https:\/\/www.etkad.ee\/wp-content\/uploads\/2026\/03\/skeem_3-300x170.png 300w, https:\/\/www.etkad.ee\/wp-content\/uploads\/2026\/03\/skeem_3-18x10.png 18w\" sizes=\"auto, (max-width: 399px) 100vw, 399px\" \/><button\n\t\t\tclass=\"lightbox-trigger\"\n\t\t\ttype=\"button\"\n\t\t\taria-haspopup=\"dialog\"\n\t\t\taria-label=\"Enlarge\"\n\t\t\tdata-wp-init=\"callbacks.initTriggerButton\"\n\t\t\tdata-wp-on--click=\"actions.showLightbox\"\n\t\t\tdata-wp-style--right=\"state.imageButtonRight\"\n\t\t\tdata-wp-style--top=\"state.imageButtonTop\"\n\t\t>\n\t\t\t<svg xmlns=\"http:\/\/www.w3.org\/2000\/svg\" width=\"12\" height=\"12\" fill=\"none\" viewbox=\"0 0 12 12\">\n\t\t\t\t<path fill=\"#fff\" d=\"M2 0a2 2 0 0 0-2 2v2h1.5V2a.5.5 0 0 1 .5-.5h2V0H2Zm2 10.5H2a.5.5 0 0 1-.5-.5V8H0v2a2 2 0 0 0 2 2h2v-1.5ZM8 12v-1.5h2a.5.5 0 0 0 .5-.5V8H12v2a2 2 0 0 1-2 2H8Zm2-12a2 2 0 0 1 2 2v2h-1.5V2a.5.5 0 0 0-.5-.5H8V0h2Z\" \/>\n\t\t\t<\/svg>\n\t\t<\/button><\/figure>\n\n\n\n<figure class=\"wp-block-image size-full\"><img loading=\"lazy\" decoding=\"async\" width=\"402\" height=\"227\" src=\"https:\/\/www.etkad.ee\/wp-content\/uploads\/2026\/03\/skeem_4.png\" alt=\"\" class=\"wp-image-1573\" srcset=\"https:\/\/www.etkad.ee\/wp-content\/uploads\/2026\/03\/skeem_4.png 402w, https:\/\/www.etkad.ee\/wp-content\/uploads\/2026\/03\/skeem_4-300x169.png 300w, https:\/\/www.etkad.ee\/wp-content\/uploads\/2026\/03\/skeem_4-18x10.png 18w\" sizes=\"auto, (max-width: 402px) 100vw, 402px\" \/><\/figure>\n\n\n\n<p><br>2.2 <strong>The shapes on Page 1<\/strong> are divided into sections corresponding to the parts of the process.<br>The colors are intended as a guide rather than strict requirements, so you can adjust the use of shades\nif necessary.<br>However, adding new colors is not recommended, as the colors are based on the ERCTI visual identity:<\/p>\n\n\n\n<ul class=\"wp-block-list\">\n<li>Planning and starting points: gray tones (#9B9B9B and #E9E9E9)<\/li>\n<\/ul>\n\n\n\n<ul class=\"wp-block-list\">\n<li>Data collection and inputs: beige tones (#E5DFDA and #F7F5F2)<\/li>\n<\/ul>\n\n\n\n<ul class=\"wp-block-list\">\n<li>Data preparation and cleaning: dark blue tones (#122030 and #9BC8E4)<\/li>\n<\/ul>\n\n\n\n<ul class=\"wp-block-list\">\n<li>Analysis and modeling: light blue tones (#133260 and #C5E6F9)<\/li>\n<\/ul>\n\n\n\n<ul class=\"wp-block-list\">\n<li>Integration and connection: green tones (#135413 and #C2E6C7)<\/li>\n<\/ul>\n\n\n\n<ul class=\"wp-block-list\">\n<li>Results and outputs: red tones (#ECD6D6 and #AD0505)<br><\/li>\n<\/ul>\n\n\n\n<p>Additionally, you will also find:<\/p>\n\n\n\n<ul class=\"wp-block-list\">\n<li>Decision Point<\/li>\n<\/ul>\n\n\n\n<ul class=\"wp-block-list\">\n<li>A summary block to use when you need to group multiple elements at the same level<br>without emphasizing the temporal sequence between them<\/li>\n<\/ul>\n\n\n\n<ul class=\"wp-block-list\">\n<li>Arrows<\/li>\n<\/ul>\n\n\n\n<p>2.3 <strong>The shapes on Page 1<\/strong> you can copy elements to <strong>Page 2<\/strong>and start creating the diagram there.<br>Once you have copied an element, double-click it to add text.<br>2.4 If you want to connect elements with an arrow, you can copy an arrow from <strong>Page 1<br>1<\/strong>, but an even simpler option is to move the mouse to the point on the element where the arrow originates, and<br>drag from there when the green button appears.<\/p>\n\n\n\n<figure class=\"wp-block-image size-full\"><img loading=\"lazy\" decoding=\"async\" width=\"195\" height=\"118\" src=\"https:\/\/www.etkad.ee\/wp-content\/uploads\/2026\/03\/skeem_5a.png\" alt=\"\" class=\"wp-image-1574\" srcset=\"https:\/\/www.etkad.ee\/wp-content\/uploads\/2026\/03\/skeem_5a.png 195w, https:\/\/www.etkad.ee\/wp-content\/uploads\/2026\/03\/skeem_5a-18x12.png 18w\" sizes=\"auto, (max-width: 195px) 100vw, 195px\" \/><\/figure>\n\n\n\n<figure class=\"wp-block-image size-full\"><img loading=\"lazy\" decoding=\"async\" width=\"211\" height=\"117\" src=\"https:\/\/www.etkad.ee\/wp-content\/uploads\/2026\/03\/skeem_5b.png\" alt=\"\" class=\"wp-image-1575\" srcset=\"https:\/\/www.etkad.ee\/wp-content\/uploads\/2026\/03\/skeem_5b.png 211w, https:\/\/www.etkad.ee\/wp-content\/uploads\/2026\/03\/skeem_5b-18x10.png 18w\" sizes=\"auto, (max-width: 211px) 100vw, 211px\" \/><\/figure>\n\n\n\n<p><br>2.5 If your diagrams have multiple layers and the arrows are positioned incorrectly,<br>you can\nadjust them by selecting the arrow and dragging the blue dots to the correct location.<\/p>\n\n\n\n<figure class=\"wp-block-image size-full\"><img loading=\"lazy\" decoding=\"async\" width=\"273\" height=\"121\" src=\"https:\/\/www.etkad.ee\/wp-content\/uploads\/2026\/03\/skeem_6a.png\" alt=\"\" class=\"wp-image-1576\" srcset=\"https:\/\/www.etkad.ee\/wp-content\/uploads\/2026\/03\/skeem_6a.png 273w, https:\/\/www.etkad.ee\/wp-content\/uploads\/2026\/03\/skeem_6a-18x8.png 18w\" sizes=\"auto, (max-width: 273px) 100vw, 273px\" \/><\/figure>\n\n\n\n<p><br><\/p>\n\n\n\n<figure class=\"wp-block-image size-full\"><img loading=\"lazy\" decoding=\"async\" width=\"296\" height=\"131\" src=\"https:\/\/www.etkad.ee\/wp-content\/uploads\/2026\/03\/skeem_6b.png\" alt=\"\" class=\"wp-image-1577\" srcset=\"https:\/\/www.etkad.ee\/wp-content\/uploads\/2026\/03\/skeem_6b.png 296w, https:\/\/www.etkad.ee\/wp-content\/uploads\/2026\/03\/skeem_6b-18x8.png 18w\" sizes=\"auto, (max-width: 296px) 100vw, 296px\" \/><\/figure>\n\n\n\n<p>2.6 The workspace automatically expands when you place a design element<br>beyond the edge of the workspace.<\/p>\n\n\n\n<figure class=\"wp-block-image size-full\"><img loading=\"lazy\" decoding=\"async\" width=\"277\" height=\"156\" src=\"https:\/\/www.etkad.ee\/wp-content\/uploads\/2026\/03\/skeem_7a.png\" alt=\"\" class=\"wp-image-1578\" srcset=\"https:\/\/www.etkad.ee\/wp-content\/uploads\/2026\/03\/skeem_7a.png 277w, https:\/\/www.etkad.ee\/wp-content\/uploads\/2026\/03\/skeem_7a-18x10.png 18w\" sizes=\"auto, (max-width: 277px) 100vw, 277px\" \/><\/figure>\n\n\n\n<figure class=\"wp-block-image size-full\"><img loading=\"lazy\" decoding=\"async\" width=\"278\" height=\"157\" src=\"https:\/\/www.etkad.ee\/wp-content\/uploads\/2026\/03\/skeem_7b.png\" alt=\"\" class=\"wp-image-1579\" srcset=\"https:\/\/www.etkad.ee\/wp-content\/uploads\/2026\/03\/skeem_7b.png 278w, https:\/\/www.etkad.ee\/wp-content\/uploads\/2026\/03\/skeem_7b-18x10.png 18w\" sizes=\"auto, (max-width: 278px) 100vw, 278px\" \/><\/figure>\n\n\n\n<p>3. Exporting and Sharing<br>3.1 Once the diagram is ready, you can export it by selecting File<br>\u2192 Export as from the top left corner of the screen and selecting the file format of your choice.<\/p>\n\n\n\n<figure class=\"wp-block-image size-full\"><img loading=\"lazy\" decoding=\"async\" width=\"206\" height=\"264\" src=\"https:\/\/www.etkad.ee\/wp-content\/uploads\/2026\/03\/skeem_8.png\" alt=\"\" class=\"wp-image-1580\" srcset=\"https:\/\/www.etkad.ee\/wp-content\/uploads\/2026\/03\/skeem_8.png 206w, https:\/\/www.etkad.ee\/wp-content\/uploads\/2026\/03\/skeem_8-9x12.png 9w\" sizes=\"auto, (max-width: 206px) 100vw, 206px\" \/><\/figure>\n\n\n\n<p><br>3.2 To export only the page containing the diagram (Page 2) and not the entire collection of design elements<br>(Page 1), make sure you are on Page 2 when exporting and select Page from the Size dropdown.<\/p>\n\n\n\n<figure class=\"wp-block-image size-full\"><img loading=\"lazy\" decoding=\"async\" width=\"259\" height=\"289\" src=\"https:\/\/www.etkad.ee\/wp-content\/uploads\/2026\/03\/skeem_9.png\" alt=\"\" class=\"wp-image-1581\" srcset=\"https:\/\/www.etkad.ee\/wp-content\/uploads\/2026\/03\/skeem_9.png 259w, https:\/\/www.etkad.ee\/wp-content\/uploads\/2026\/03\/skeem_9-11x12.png 11w\" sizes=\"auto, (max-width: 259px) 100vw, 259px\" \/><\/figure>\n\n\n\n<p><br>3.3 If you are exporting the file in SVG, WebP, HTML, or URL format, make sure that Appearance<br>is set to Light.<\/p>\n\n\n\n<figure class=\"wp-block-image size-full\"><img loading=\"lazy\" decoding=\"async\" width=\"197\" height=\"248\" src=\"https:\/\/www.etkad.ee\/wp-content\/uploads\/2026\/03\/skeem_10.png\" alt=\"\" class=\"wp-image-1582\" srcset=\"https:\/\/www.etkad.ee\/wp-content\/uploads\/2026\/03\/skeem_10.png 197w, https:\/\/www.etkad.ee\/wp-content\/uploads\/2026\/03\/skeem_10-10x12.png 10w\" sizes=\"auto, (max-width: 197px) 100vw, 197px\" \/><\/figure>\n\n\n\n<p><br>3.4 Save the finished file to a location of your choice.<\/p>","protected":false},"excerpt":{"rendered":"<p>Juhend aitab koostada protsessi- ja metoodikaskeeme \u00fchtse disainis\u00fcsteemi alusel.Eesm\u00e4rk ei ole alati t\u00e4ielik \u00fchtsus, vaid \u00e4ratuntav, loogiline ja korduv struktuur.Skeemid luuakse draw.io (diagrams.net) vabavara abil. \u00dcldp\u00f5him\u00f5tted \u25cf Skeem v\u00f5iks olla loetav ilma t\u00e4iendava selgituseta\u25cf Liikumine skeemis on vasakult paremale ja\/v\u00f5i \u00fclevalt alla\u25cf Iga kast t\u00e4histab \u00fchte tegevust, otsust v\u00f5i v\u00e4ljundit\u25cf Iga valitud v\u00e4rv t\u00e4histab teatud [&hellip;]<\/p>\n","protected":false},"author":3,"featured_media":0,"parent":0,"menu_order":0,"comment_status":"closed","ping_status":"closed","template":"","meta":{"footnotes":""},"class_list":["post-1569","page","type-page","status-publish","hentry"],"_links":{"self":[{"href":"https:\/\/www.etkad.ee\/en\/wp-json\/wp\/v2\/pages\/1569","targetHints":{"allow":["GET"]}}],"collection":[{"href":"https:\/\/www.etkad.ee\/en\/wp-json\/wp\/v2\/pages"}],"about":[{"href":"https:\/\/www.etkad.ee\/en\/wp-json\/wp\/v2\/types\/page"}],"author":[{"embeddable":true,"href":"https:\/\/www.etkad.ee\/en\/wp-json\/wp\/v2\/users\/3"}],"replies":[{"embeddable":true,"href":"https:\/\/www.etkad.ee\/en\/wp-json\/wp\/v2\/comments?post=1569"}],"version-history":[{"count":2,"href":"https:\/\/www.etkad.ee\/en\/wp-json\/wp\/v2\/pages\/1569\/revisions"}],"predecessor-version":[{"id":1584,"href":"https:\/\/www.etkad.ee\/en\/wp-json\/wp\/v2\/pages\/1569\/revisions\/1584"}],"wp:attachment":[{"href":"https:\/\/www.etkad.ee\/en\/wp-json\/wp\/v2\/media?parent=1569"}],"curies":[{"name":"wp","href":"https:\/\/api.w.org\/{rel}","templated":true}]}}