{"id":1563,"date":"2026-03-21T09:29:22","date_gmt":"2026-03-21T09:29:22","guid":{"rendered":"https:\/\/www.etkad.ee\/?page_id=1563"},"modified":"2026-03-21T09:29:23","modified_gmt":"2026-03-21T09:29:23","slug":"tadirah-eesti-marksonastik","status":"publish","type":"page","link":"https:\/\/www.etkad.ee\/en\/tadirah-eesti-marksonastik\/","title":{"rendered":"TaDiRah vocabulary"},"content":{"rendered":"<p>The TADIRAH keywords help to describe the activities, methods, and processes used in workflows.<br>Use these keywords to describe both the workflow as a whole and its individual steps.<\/p>\n\n\n\n<p><a href=\"https:\/\/www.tadirah.info\/\">TADIRAH<\/a> is an international taxonomy of digital humanities research activities that enables the description of work processes, methods, and activities in a more consistent manner. It is a community-based initiative aimed at supporting the visibility and clearer description of work in the digital humanities. The Estonian translation was completed in 2025 and is available exclusively on the ETKAD website.<\/p>\n\n\n\n<p>The purpose of this page is to help you choose keywords that are as accurate as possible and reflect what you actually do in your work process.<\/p>\n\n\n\n<h2 class=\"wp-block-heading\">How to use the keywords?<\/h2>\n\n\n\n<ul class=\"wp-block-list\">\n<li>For the desribing the whole workflow, pick 3-8 keywords<\/li>\n\n\n\n<li>Pick 1\u20133 keywords for each step.<\/li>\n\n\n\n<li>Try to use precise and meaningful keywords.<\/li>\n\n\n\n<li>Choose keywords based on what you\u2019re doing at this stage, not just on the topic or dataset you\u2019re working with.<\/li>\n\n\n\n<li>The general keywords for the workflow and the keywords for individual stages do not have to be the same.<\/li>\n<\/ul>\n\n\n\n<p><strong>Recommendation:<\/strong> If you are unsure which keyword to choose, opt for the term that most specifically describes your activity.<\/p>\n\n\n\n<h2 class=\"wp-block-heading\">TaDiRah website<\/h2>\n\n\n\n<p>Use the taxonomy on the <a href=\"https:\/\/vocabs.dariah.eu\/tadirah\/en\/index\">TADIRAH<\/a> website.<br>You can browse the keywords alphabetically or hierarchically.<\/p>\n\n\n\n<div class=\"wp-block-group alignfull is-layout-constrained wp-block-group-is-layout-constrained\"><\/div>","protected":false},"excerpt":{"rendered":"<p>TADIRAH m\u00e4rks\u00f5nastik aitab kirjeldada t\u00f6\u00f6voogudes kasutatud tegevusi, meetodeid ja protsesse.Kasuta neid m\u00e4rks\u00f5nu nii t\u00f6\u00f6voo terviku kui ka \u00fcksikute etappide kirjeldamiseks. TADIRAH on digihumanitaaria uurimistegevuste rahvusvaheline taksonoomia, mille abil saab kirjeldada t\u00f6\u00f6protsesse, meetodeid ja tegevusi \u00fchtsemal viisil. See on kogukonnap\u00f5hine algatus, mille eesm\u00e4rk on toetada digihumanitaaria t\u00f6\u00f6 n\u00e4htavust ja selgemat kirjeldamist. Eestikeelne t\u00f5lge valmis 2025. aastal [&hellip;]<\/p>\n","protected":false},"author":3,"featured_media":0,"parent":0,"menu_order":0,"comment_status":"closed","ping_status":"closed","template":"","meta":{"footnotes":""},"class_list":["post-1563","page","type-page","status-publish","hentry"],"_links":{"self":[{"href":"https:\/\/www.etkad.ee\/en\/wp-json\/wp\/v2\/pages\/1563","targetHints":{"allow":["GET"]}}],"collection":[{"href":"https:\/\/www.etkad.ee\/en\/wp-json\/wp\/v2\/pages"}],"about":[{"href":"https:\/\/www.etkad.ee\/en\/wp-json\/wp\/v2\/types\/page"}],"author":[{"embeddable":true,"href":"https:\/\/www.etkad.ee\/en\/wp-json\/wp\/v2\/users\/3"}],"replies":[{"embeddable":true,"href":"https:\/\/www.etkad.ee\/en\/wp-json\/wp\/v2\/comments?post=1563"}],"version-history":[{"count":17,"href":"https:\/\/www.etkad.ee\/en\/wp-json\/wp\/v2\/pages\/1563\/revisions"}],"predecessor-version":[{"id":1617,"href":"https:\/\/www.etkad.ee\/en\/wp-json\/wp\/v2\/pages\/1563\/revisions\/1617"}],"wp:attachment":[{"href":"https:\/\/www.etkad.ee\/en\/wp-json\/wp\/v2\/media?parent=1563"}],"curies":[{"name":"wp","href":"https:\/\/api.w.org\/{rel}","templated":true}]}}