{"id":1555,"date":"2026-03-21T09:34:03","date_gmt":"2026-03-21T09:34:03","guid":{"rendered":"https:\/\/www.etkad.ee\/?page_id=1555"},"modified":"2026-03-24T07:23:51","modified_gmt":"2026-03-24T07:23:51","slug":"toovoo-kirjeldamise-vorm","status":"publish","type":"page","link":"https:\/\/www.etkad.ee\/en\/toovoo-kirjeldamise-vorm\/","title":{"rendered":"Worklflow description in HUM data lab\u00a0"},"content":{"rendered":"<p>To publish a workflow on the HUM Data Lab website, fill out the workflow description either as a downloadable file or copy the instructions below into your preferred word processor. Each submitted workflow is sent to two reviewers, who assess its research quality and make suggestions for improving the clarity and structure of the text. Reviews are completed within two weeks of the workflow\u2019s submission. Authors then have two weeks to finalize the final version.<\/p>\n\n\n\n<div class=\"wp-block-buttons is-layout-flex wp-block-buttons-is-layout-flex\">\n<div class=\"wp-block-button\"><a class=\"wp-block-button__link wp-element-button\" href=\"https:\/\/www.etkad.ee\/wp-content\/uploads\/2026\/03\/Toovoo_kirjeldamise_juhend_Workflow_description_guide.docx\">Workflow description template<\/a><\/div>\n\n\n\n<div class=\"wp-block-button\"><a class=\"wp-block-button__link wp-element-button\" href=\"https:\/\/www.etkad.ee\/en\/hum-andmelabor-skeemide-koostamise-juhend\/\">Guide to Creating a Diagram<\/a><\/div>\n\n\n\n<div class=\"wp-block-button\"><a class=\"wp-block-button__link wp-element-button\" href=\"mailto:etkad@kirmus.ee\">Send the workflow for publishing<\/a><\/div>\n<\/div>\n\n\n\n<div style=\"height:55px\" aria-hidden=\"true\" class=\"wp-block-spacer\"><\/div>\n\n\n\n<p><strong>1. General information<\/strong>&nbsp;<\/p>\n\n\n\n<ul class=\"wp-block-list\">\n<li><strong>Name(s) of the workflow author(s) (or authoring collective):<\/strong>&nbsp;<\/li>\n<\/ul>\n\n\n\n<ul class=\"wp-block-list\">\n<li><strong>Institution \/ department:<\/strong>&nbsp;<\/li>\n<\/ul>\n\n\n\n<ul class=\"wp-block-list\">\n<li><strong>Workflow title:<\/strong>&nbsp;<\/li>\n<\/ul>\n\n\n\n<ul class=\"wp-block-list\">\n<li><strong>Date \/ version:<\/strong>&nbsp;<\/li>\n<\/ul>\n\n\n\n<ul class=\"wp-block-list\">\n<li><strong>License (preferably a&nbsp;<a href=\"https:\/\/creativecommons.org\/chooser\/\">Creative Commons<\/a>&nbsp;licence that allows reuse):<\/strong>&nbsp;<\/li>\n<\/ul>\n\n\n\n<ul class=\"wp-block-list\">\n<li><strong>Keywords (subject keywords  based on the <a href=\"https:\/\/ems.elnet.ee\/index.php\">Estonian Subject Thesaurus<\/a>; DH keywords based on&nbsp;<a href=\"https:\/\/www.etkad.ee\/en\/tadirah-eesti-marksonastik\/\">TaDiRah <\/a>taxonomy):<\/strong>&nbsp;<\/li>\n<\/ul>\n\n\n\n<ul class=\"wp-block-list\">\n<li><strong>The disciplinary context of the process described in the workflow (e.g., literary studies, archaeology):<\/strong>&nbsp;<\/li>\n<\/ul>\n\n\n\n<ul class=\"wp-block-list\">\n<li><strong>Media type of the data used (select from the list):&nbsp;<\/strong>text, image, audio, video, metadata, music notation, spatial data.&nbsp;<\/li>\n<\/ul>\n\n\n\n<ul class=\"wp-block-list\">\n<li><strong>Output (select from the list):&nbsp;<\/strong>scholarly article, dataset, catalogue \/ register, visualization, application \/ tool, learning material.&nbsp;<\/li>\n<\/ul>\n\n\n\n<ul class=\"wp-block-list\">\n<li><strong>Short description (two paragraphs):<\/strong>&nbsp;<br>What does this workflow do? For which research question was it created?&nbsp;<\/li>\n<\/ul>\n\n\n\n<p><strong>2. Diagram<\/strong>&nbsp;<\/p>\n\n\n\n<p>Koosta draw.io keskkonnas skeem,&nbsp;kasutates&nbsp;<a href=\"https:\/\/www.etkad.ee\/en\/hum-andmelabor-skeemide-koostamise-juhend\/\">workflow diagram guidelines.<\/a>&nbsp;<\/p>\n\n\n\n<p><strong>3. Workflow structure as steps<\/strong>&nbsp;<\/p>\n\n\n\n<p>Describe the main steps or phases of your research.&nbsp;<\/p>\n\n\n\n<p>For each phase, please write a text of approximately two paragraphs that helps others (including non-technical readers) understand what you do at this stage and why it is important.&nbsp;<\/p>\n\n\n\n<p>You don't need to describe exact tool versions or publish your code - rather, describe the goals and reasoned decisions. In the future, the HUM data lab environment will have options for more technical descriptions of the workflow.<\/p>\n\n\n\n<p><strong>Step description (repeat for each step)<\/strong>&nbsp;<\/p>\n\n\n\n<p><strong>Step name:<\/strong>&nbsp;<br>(e.g. \u201cSource selection\u201d)&nbsp;<\/p>\n\n\n\n<p><strong>Description (two paragraphs per workflow step):<\/strong>&nbsp;<\/p>\n\n\n\n<ul class=\"wp-block-list\">\n<li>What is the purpose of this step?&nbsp;<\/li>\n<\/ul>\n\n\n\n<ul class=\"wp-block-list\">\n<li>Which methods do you use and why?&nbsp;<\/li>\n<\/ul>\n\n\n\n<ul class=\"wp-block-list\">\n<li>How does this stage relate to the other steps in the workflow?&nbsp;<\/li>\n<\/ul>\n\n\n\n<p>Add keywords for each step according to the&nbsp;<a href=\"https:\/\/www.etkad.ee\/en\/tadirah-eesti-marksonastik\/\">TaDiRah<\/a> taxonomy.<\/p>\n\n\n\n<p>Describe each workflow step by answering these questions.&nbsp;<br>&nbsp;<br>&nbsp;<\/p>\n\n\n\n<p><strong>4. Related materials<\/strong>&nbsp;<\/p>\n\n\n\n<ul class=\"wp-block-list\">\n<li><strong>Publications or projects that use this workflow:<\/strong>&nbsp;<br><\/li>\n<\/ul>\n\n\n\n<ul class=\"wp-block-list\">\n<li><strong>References \/ DOI \/ links:<\/strong>&nbsp;<\/li>\n<\/ul>\n\n\n\n<div style=\"height:100px\" aria-hidden=\"true\" class=\"wp-block-spacer\"><\/div>","protected":false},"excerpt":{"rendered":"<p>HUM andmelabori veebilehel t\u00f6\u00f6voo avaldamiseks t\u00e4ida t\u00f6\u00f6voo kirjelduse p\u00f5hi kas allalaaditava failina v\u00f5i kopeeri allpool olev juhend oma eelistatud tekstit\u00f6\u00f6tluskeskkonda. Iga esitatud t\u00f6\u00f6voog saadetakse kahele retsensendile, kes hindavad selle uurimuslikku kvaliteeti ning teevad ettepanekuid teksti selguse ja \u00fclesehituse parandamiseks. Retsensioonid valmivad kahe n\u00e4dala jooksul p\u00e4rast t\u00f6\u00f6voo esitamist. Seej\u00e4rel on autoritel kaks n\u00e4dalat aega l\u00f5ppversiooni viimistlemiseks. [&hellip;]<\/p>\n","protected":false},"author":3,"featured_media":0,"parent":0,"menu_order":0,"comment_status":"closed","ping_status":"closed","template":"","meta":{"footnotes":""},"class_list":["post-1555","page","type-page","status-publish","hentry"],"_links":{"self":[{"href":"https:\/\/www.etkad.ee\/en\/wp-json\/wp\/v2\/pages\/1555","targetHints":{"allow":["GET"]}}],"collection":[{"href":"https:\/\/www.etkad.ee\/en\/wp-json\/wp\/v2\/pages"}],"about":[{"href":"https:\/\/www.etkad.ee\/en\/wp-json\/wp\/v2\/types\/page"}],"author":[{"embeddable":true,"href":"https:\/\/www.etkad.ee\/en\/wp-json\/wp\/v2\/users\/3"}],"replies":[{"embeddable":true,"href":"https:\/\/www.etkad.ee\/en\/wp-json\/wp\/v2\/comments?post=1555"}],"version-history":[{"count":7,"href":"https:\/\/www.etkad.ee\/en\/wp-json\/wp\/v2\/pages\/1555\/revisions"}],"predecessor-version":[{"id":1633,"href":"https:\/\/www.etkad.ee\/en\/wp-json\/wp\/v2\/pages\/1555\/revisions\/1633"}],"wp:attachment":[{"href":"https:\/\/www.etkad.ee\/en\/wp-json\/wp\/v2\/media?parent=1555"}],"curies":[{"name":"wp","href":"https:\/\/api.w.org\/{rel}","templated":true}]}}