{"id":1538,"date":"2026-03-04T21:35:05","date_gmt":"2026-03-04T21:35:05","guid":{"rendered":"https:\/\/www.etkad.ee\/?page_id=1538"},"modified":"2026-03-04T21:35:05","modified_gmt":"2026-03-04T21:35:05","slug":"al-matthews","status":"publish","type":"page","link":"https:\/\/www.etkad.ee\/en\/humal\/al-matthews\/","title":{"rendered":"Al Matthews"},"content":{"rendered":"<div class=\"kb-row-layout-wrap kb-row-layout-id1538_5dba27-eb alignfull has-light-beige-background-color kt-row-has-bg wp-block-kadence-rowlayout\"><div class=\"kt-row-column-wrap kt-has-2-columns kt-row-layout-equal kt-tab-layout-row kt-mobile-layout-row kt-row-valign-middle\">\n\n<div class=\"wp-block-kadence-column kadence-column1538_39272d-c3 inner-column-1\"><div class=\"kt-inside-inner-col\">\n<h6 class=\"kt-adv-heading1538_5edfa0-6c wp-block-kadence-advancedheading has-theme-palette-1-color has-text-color\" data-kb-block=\"kb-adv-heading1538_5edfa0-6c\">Tartu \u00dclikool<\/h6>\n\n\n\n<h2 class=\"kt-adv-heading1538_82bf15-4d wp-block-kadence-advancedheading\" data-kb-block=\"kb-adv-heading1538_82bf15-4d\">Uurimisvaldkond: Arvutiteadus ja andmeanal\u00fc\u00fcs humanitaarteadustes<\/h2>\n\n\n\n<p class=\"kt-adv-heading1538_1445e1-c9 wp-block-kadence-advancedheading\" data-kb-block=\"kb-adv-heading1538_1445e1-c9\">Al on huvitatud arvutuslike meetodite ja statistika rakendamisest humanitaarteaduste uurimist\u00f6\u00f6s. Selle v\u00f5imaldamiseks t\u00f6\u00f6tab ta andmetega, et neid korrastada ja salvestada, et need oleksid uurimisotstarbel h\u00f5lpsasti k\u00e4ttesaadavad. Ali huvitab ka, kuidas k\u00f5ige paremini visualiseerida teavet akadeemilise publiku ja laiema avalikkuse jaoks.<\/p>\n\n\n\n<div class=\"wp-block-kadence-iconlist kt-svg-icon-list-items kt-svg-icon-list-items1538_7f4dcb-27 kt-svg-icon-list-columns-1 alignnone\"><ul class=\"kt-svg-icon-list\">\n<li class=\"wp-block-kadence-listitem kt-svg-icon-list-item-wrap kt-svg-icon-list-item-1538_a53bbc-75\"><span class=\"kb-svg-icon-wrap kb-svg-icon-fas_envelope kt-svg-icon-list-single\"><svg viewBox=\"0 0 512 512\"  fill=\"currentColor\" xmlns=\"http:\/\/www.w3.org\/2000\/svg\"  aria-hidden=\"true\"><path d=\"M502.3 190.8c3.9-3.1 9.7-.2 9.7 4.7V400c0 26.5-21.5 48-48 48H48c-26.5 0-48-21.5-48-48V195.6c0-5 5.7-7.8 9.7-4.7 22.4 17.4 52.1 39.5 154.1 113.6 21.1 15.4 56.7 47.8 92.2 47.6 35.7.3 72-32.8 92.3-47.6 102-74.1 131.6-96.3 154-113.7zM256 320c23.2.4 56.6-29.2 73.4-41.4 132.7-96.3 142.8-104.7 173.4-128.7 5.8-4.5 9.2-11.5 9.2-18.9v-19c0-26.5-21.5-48-48-48H48C21.5 64 0 85.5 0 112v19c0 7.4 3.4 14.3 9.2 18.9 30.6 23.9 40.7 32.4 173.4 128.7 16.8 12.2 50.2 41.8 73.4 41.4z\"\/><\/svg><\/span><span class=\"kt-svg-icon-list-text\"><a href=\"mailto:john.alphonsus.matthews@ut.ee\">john.alphonsus.matthews[at]ut.ee<\/a><\/span><\/li>\n\n\n\n<li class=\"wp-block-kadence-listitem kt-svg-icon-list-item-wrap kt-svg-icon-list-item-1538_46fd44-db\"><span class=\"kb-svg-icon-wrap kb-svg-icon-fas_newspaper kt-svg-icon-list-single\"><svg viewBox=\"0 0 576 512\"  fill=\"currentColor\" xmlns=\"http:\/\/www.w3.org\/2000\/svg\"  aria-hidden=\"true\"><path d=\"M552 64H88c-13.255 0-24 10.745-24 24v8H24c-13.255 0-24 10.745-24 24v272c0 30.928 25.072 56 56 56h472c26.51 0 48-21.49 48-48V88c0-13.255-10.745-24-24-24zM56 400a8 8 0 0 1-8-8V144h16v248a8 8 0 0 1-8 8zm236-16H140c-6.627 0-12-5.373-12-12v-8c0-6.627 5.373-12 12-12h152c6.627 0 12 5.373 12 12v8c0 6.627-5.373 12-12 12zm208 0H348c-6.627 0-12-5.373-12-12v-8c0-6.627 5.373-12 12-12h152c6.627 0 12 5.373 12 12v8c0 6.627-5.373 12-12 12zm-208-96H140c-6.627 0-12-5.373-12-12v-8c0-6.627 5.373-12 12-12h152c6.627 0 12 5.373 12 12v8c0 6.627-5.373 12-12 12zm208 0H348c-6.627 0-12-5.373-12-12v-8c0-6.627 5.373-12 12-12h152c6.627 0 12 5.373 12 12v8c0 6.627-5.373 12-12 12zm0-96H140c-6.627 0-12-5.373-12-12v-40c0-6.627 5.373-12 12-12h360c6.627 0 12 5.373 12 12v40c0 6.627-5.373 12-12 12z\"\/><\/svg><\/span><span class=\"kt-svg-icon-list-text\"><a href=\"https:\/\/www.etis.ee\/CV\/John_Alphonsus_Matthews\">Etis<\/a><\/span><\/li>\n\n\n\n<li class=\"wp-block-kadence-listitem kt-svg-icon-list-item-wrap kt-svg-icon-list-item-1538_9847e6-aa\"><span class=\"kb-svg-icon-wrap kb-svg-icon-fas_newspaper kt-svg-icon-list-single\"><svg viewBox=\"0 0 576 512\"  fill=\"currentColor\" xmlns=\"http:\/\/www.w3.org\/2000\/svg\"  aria-hidden=\"true\"><path d=\"M552 64H88c-13.255 0-24 10.745-24 24v8H24c-13.255 0-24 10.745-24 24v272c0 30.928 25.072 56 56 56h472c26.51 0 48-21.49 48-48V88c0-13.255-10.745-24-24-24zM56 400a8 8 0 0 1-8-8V144h16v248a8 8 0 0 1-8 8zm236-16H140c-6.627 0-12-5.373-12-12v-8c0-6.627 5.373-12 12-12h152c6.627 0 12 5.373 12 12v8c0 6.627-5.373 12-12 12zm208 0H348c-6.627 0-12-5.373-12-12v-8c0-6.627 5.373-12 12-12h152c6.627 0 12 5.373 12 12v8c0 6.627-5.373 12-12 12zm-208-96H140c-6.627 0-12-5.373-12-12v-8c0-6.627 5.373-12 12-12h152c6.627 0 12 5.373 12 12v8c0 6.627-5.373 12-12 12zm208 0H348c-6.627 0-12-5.373-12-12v-8c0-6.627 5.373-12 12-12h152c6.627 0 12 5.373 12 12v8c0 6.627-5.373 12-12 12zm0-96H140c-6.627 0-12-5.373-12-12v-40c0-6.627 5.373-12 12-12h360c6.627 0 12 5.373 12 12v40c0 6.627-5.373 12-12 12z\"\/><\/svg><\/span><span class=\"kt-svg-icon-list-text\"><a href=\"https:\/\/orcid.org\/0000-0002-1553-393X\">ORCID<\/a><\/span><\/li>\n\n\n\n<li class=\"wp-block-kadence-listitem kt-svg-icon-list-item-wrap kt-svg-icon-list-item-1538_722277-f7\"><span class=\"kb-svg-icon-wrap kb-svg-icon-fas_newspaper kt-svg-icon-list-single\"><svg viewBox=\"0 0 576 512\"  fill=\"currentColor\" xmlns=\"http:\/\/www.w3.org\/2000\/svg\"  aria-hidden=\"true\"><path d=\"M552 64H88c-13.255 0-24 10.745-24 24v8H24c-13.255 0-24 10.745-24 24v272c0 30.928 25.072 56 56 56h472c26.51 0 48-21.49 48-48V88c0-13.255-10.745-24-24-24zM56 400a8 8 0 0 1-8-8V144h16v248a8 8 0 0 1-8 8zm236-16H140c-6.627 0-12-5.373-12-12v-8c0-6.627 5.373-12 12-12h152c6.627 0 12 5.373 12 12v8c0 6.627-5.373 12-12 12zm208 0H348c-6.627 0-12-5.373-12-12v-8c0-6.627 5.373-12 12-12h152c6.627 0 12 5.373 12 12v8c0 6.627-5.373 12-12 12zm-208-96H140c-6.627 0-12-5.373-12-12v-8c0-6.627 5.373-12 12-12h152c6.627 0 12 5.373 12 12v8c0 6.627-5.373 12-12 12zm208 0H348c-6.627 0-12-5.373-12-12v-8c0-6.627 5.373-12 12-12h152c6.627 0 12 5.373 12 12v8c0 6.627-5.373 12-12 12zm0-96H140c-6.627 0-12-5.373-12-12v-40c0-6.627 5.373-12 12-12h360c6.627 0 12 5.373 12 12v40c0 6.627-5.373 12-12 12z\"\/><\/svg><\/span><span class=\"kt-svg-icon-list-text\"><a href=\"https:\/\/scholar.google.com\/citations?user=GJilTc8AAAAJ&amp;hl=en\">Google Scholar<\/a><\/span><\/li>\n<\/ul><\/div>\n<\/div><\/div>\n\n\n\n<div class=\"wp-block-kadence-column kadence-column1538_04874a-3c kb-section-dir-vertical inner-column-2\"><div class=\"kt-inside-inner-col\">\n<div class=\"wp-block-kadence-image kb-image1538_bf05f7-30\"><figure class=\"aligncenter size-large kb-image-is-ratio-size\"><div class=\"kb-is-ratio-image kb-image-ratio-square\"><img loading=\"lazy\" decoding=\"async\" width=\"846\" height=\"1024\" src=\"https:\/\/www.etkad.ee\/wp-content\/uploads\/2026\/03\/John_Matthews_V1-846x1024.jpg\" alt=\"\" class=\"kb-img wp-image-1539\" srcset=\"https:\/\/www.etkad.ee\/wp-content\/uploads\/2026\/03\/John_Matthews_V1-846x1024.jpg 846w, https:\/\/www.etkad.ee\/wp-content\/uploads\/2026\/03\/John_Matthews_V1-248x300.jpg 248w, https:\/\/www.etkad.ee\/wp-content\/uploads\/2026\/03\/John_Matthews_V1-768x930.jpg 768w, https:\/\/www.etkad.ee\/wp-content\/uploads\/2026\/03\/John_Matthews_V1-1269x1536.jpg 1269w, https:\/\/www.etkad.ee\/wp-content\/uploads\/2026\/03\/John_Matthews_V1-10x12.jpg 10w, https:\/\/www.etkad.ee\/wp-content\/uploads\/2026\/03\/John_Matthews_V1.jpg 1511w\" sizes=\"auto, (max-width: 846px) 100vw, 846px\" \/><\/div><\/figure><\/div>\n<\/div><\/div>\n\n<\/div><\/div>","protected":false},"excerpt":{"rendered":"<p>Tartu \u00dclikool Uurimisvaldkond: Arvutiteadus ja andmeanal\u00fc\u00fcs humanitaarteadustes Al on huvitatud arvutuslike meetodite ja statistika rakendamisest humanitaarteaduste uurimist\u00f6\u00f6s. Selle v\u00f5imaldamiseks t\u00f6\u00f6tab ta andmetega, et neid korrastada ja salvestada, et need oleksid uurimisotstarbel h\u00f5lpsasti k\u00e4ttesaadavad. Ali huvitab ka, kuidas k\u00f5ige paremini visualiseerida teavet akadeemilise publiku ja laiema avalikkuse jaoks.<\/p>","protected":false},"author":3,"featured_media":0,"parent":120,"menu_order":0,"comment_status":"closed","ping_status":"closed","template":"","meta":{"footnotes":""},"class_list":["post-1538","page","type-page","status-publish","hentry"],"_links":{"self":[{"href":"https:\/\/www.etkad.ee\/en\/wp-json\/wp\/v2\/pages\/1538","targetHints":{"allow":["GET"]}}],"collection":[{"href":"https:\/\/www.etkad.ee\/en\/wp-json\/wp\/v2\/pages"}],"about":[{"href":"https:\/\/www.etkad.ee\/en\/wp-json\/wp\/v2\/types\/page"}],"author":[{"embeddable":true,"href":"https:\/\/www.etkad.ee\/en\/wp-json\/wp\/v2\/users\/3"}],"replies":[{"embeddable":true,"href":"https:\/\/www.etkad.ee\/en\/wp-json\/wp\/v2\/comments?post=1538"}],"version-history":[{"count":1,"href":"https:\/\/www.etkad.ee\/en\/wp-json\/wp\/v2\/pages\/1538\/revisions"}],"predecessor-version":[{"id":1540,"href":"https:\/\/www.etkad.ee\/en\/wp-json\/wp\/v2\/pages\/1538\/revisions\/1540"}],"up":[{"embeddable":true,"href":"https:\/\/www.etkad.ee\/en\/wp-json\/wp\/v2\/pages\/120"}],"wp:attachment":[{"href":"https:\/\/www.etkad.ee\/en\/wp-json\/wp\/v2\/media?parent=1538"}],"curies":[{"name":"wp","href":"https:\/\/api.w.org\/{rel}","templated":true}]}}