{"id":1497,"date":"2026-02-26T18:43:15","date_gmt":"2026-02-26T18:43:15","guid":{"rendered":"https:\/\/www.etkad.ee\/?page_id=1497"},"modified":"2026-03-02T08:13:41","modified_gmt":"2026-03-02T08:13:41","slug":"moodulid","status":"publish","type":"page","link":"https:\/\/www.etkad.ee\/en\/moodulid\/","title":{"rendered":"Modules"},"content":{"rendered":"<div class=\"wp-block-group alignwide is-layout-constrained wp-block-group-is-layout-constrained\">\n\n<div class=\"kb-row-layout-wrap kb-row-layout-id1497_a18c2a-48 alignnone three-blocks-front wp-block-kadence-rowlayout\"><div class=\"kt-row-column-wrap kt-has-3-columns kt-row-layout-equal kt-tab-layout-row kt-mobile-layout-row kt-row-valign-top\">\n\n<div class=\"wp-block-kadence-column kadence-column1497_4b6b87-0f kb-section-has-link\"><div class=\"kt-inside-inner-col\">\n<div class=\"wp-block-kadence-image kb-image1497_95aea8-32\"><figure class=\"aligncenter size-full\"><img loading=\"lazy\" decoding=\"async\" width=\"500\" height=\"107\" src=\"https:\/\/www.etkad.ee\/wp-content\/uploads\/2026\/01\/evaramu_logo.png\" alt=\"\" class=\"kb-img wp-image-107\" srcset=\"https:\/\/www.etkad.ee\/wp-content\/uploads\/2026\/01\/evaramu_logo.png 500w, https:\/\/www.etkad.ee\/wp-content\/uploads\/2026\/01\/evaramu_logo-300x64.png 300w\" sizes=\"auto, (max-width: 500px) 100vw, 500px\" \/><\/figure><\/div>\n\n\n\n<h3 class=\"wp-block-heading has-text-align-center has-red-dark-color has-text-color has-link-color wp-elements-4fa9876e3daa902fd2a61d524132f2d8\">Estonian cultural heritage<br>in one place, with one search<\/h3>\n\n\n\n<p class=\"has-text-align-center\">E-Varamu brings together the digitized collections of Estonian memory institutions, allowing you to search, find and use digitized cultural and scientific materials in one portal.<\/p>\n<\/div><a href=\"\/en\/e-varamu\/\" class=\"kb-section-link-overlay\"><\/a><\/div>\n\n\n\n<div class=\"wp-block-kadence-column kadence-column1497_257fce-80 kb-section-has-link\"><div class=\"kt-inside-inner-col\">\n<div class=\"wp-block-kadence-image kb-image1497_ec5458-37\"><figure class=\"aligncenter size-full\"><img loading=\"lazy\" decoding=\"async\" width=\"2560\" height=\"1406\" src=\"https:\/\/www.etkad.ee\/wp-content\/uploads\/2026\/02\/HUMAL_logo_tume_ingliskeelne-scaled.png\" alt=\"\" class=\"kb-img wp-image-906\" srcset=\"https:\/\/www.etkad.ee\/wp-content\/uploads\/2026\/02\/HUMAL_logo_tume_ingliskeelne-scaled.png 2560w, https:\/\/www.etkad.ee\/wp-content\/uploads\/2026\/02\/HUMAL_logo_tume_ingliskeelne-300x165.png 300w, https:\/\/www.etkad.ee\/wp-content\/uploads\/2026\/02\/HUMAL_logo_tume_ingliskeelne-1024x562.png 1024w, https:\/\/www.etkad.ee\/wp-content\/uploads\/2026\/02\/HUMAL_logo_tume_ingliskeelne-768x422.png 768w, https:\/\/www.etkad.ee\/wp-content\/uploads\/2026\/02\/HUMAL_logo_tume_ingliskeelne-1536x844.png 1536w, https:\/\/www.etkad.ee\/wp-content\/uploads\/2026\/02\/HUMAL_logo_tume_ingliskeelne-2048x1125.png 2048w, https:\/\/www.etkad.ee\/wp-content\/uploads\/2026\/02\/HUMAL_logo_tume_ingliskeelne-18x10.png 18w\" sizes=\"auto, (max-width: 2560px) 100vw, 2560px\" \/><\/figure><\/div>\n\n\n\n<h3 class=\"wp-block-heading has-text-align-center has-red-dark-color has-text-color has-link-color wp-elements-1490dc0682083484086e3404386bd322\">Learn from others\u2019 workflows<\/h3>\n\n\n\n<p class=\"has-text-align-center\">The HUM Data Lab supports researchers and interested parties who can learn from the experiences of others and manage, analyze, and share their research process.<\/p>\n<\/div><a href=\"\/en\/humal\/\" class=\"kb-section-link-overlay\"><\/a><\/div>\n\n\n\n<div class=\"wp-block-kadence-column kadence-column1497_e6f88e-49 kb-section-has-link\"><div class=\"kt-inside-inner-col\">\n<div class=\"wp-block-kadence-image kb-image1497_57de92-26\"><figure class=\"aligncenter size-large\"><img loading=\"lazy\" decoding=\"async\" width=\"1024\" height=\"188\" src=\"https:\/\/www.etkad.ee\/wp-content\/uploads\/2026\/01\/DataCite_logo-1024x188.png\" alt=\"\" class=\"kb-img wp-image-108\" srcset=\"https:\/\/www.etkad.ee\/wp-content\/uploads\/2026\/01\/DataCite_logo-1024x188.png 1024w, https:\/\/www.etkad.ee\/wp-content\/uploads\/2026\/01\/DataCite_logo-300x55.png 300w, https:\/\/www.etkad.ee\/wp-content\/uploads\/2026\/01\/DataCite_logo-768x141.png 768w, https:\/\/www.etkad.ee\/wp-content\/uploads\/2026\/01\/DataCite_logo-1536x282.png 1536w, https:\/\/www.etkad.ee\/wp-content\/uploads\/2026\/01\/DataCite_logo-2048x376.png 2048w\" sizes=\"auto, (max-width: 1024px) 100vw, 1024px\" \/><\/figure><\/div>\n\n\n\n<h3 class=\"wp-block-heading has-text-align-center has-red-dark-color has-text-color has-link-color wp-elements-bdda687ac2a67210e44f3d996c9de9f6\">Find and share research data<\/h3>\n\n\n\n<p class=\"has-text-align-center\">DataCite Estonia helps researchers assign DOIs to their datasets so that they are permanently findable, citationable, and internationally usable.<br><\/p>\n<\/div><a href=\"\/en\/datacite-eesti\/\" class=\"kb-section-link-overlay\"><\/a><\/div>\n\n<\/div><\/div><\/div>","protected":false},"excerpt":{"rendered":"<p>Eesti kultuurip\u00e4rand \u00fches kohas, \u00fche otsinguga E-varamu koondab Eesti m\u00e4luasutuste digiteeritud ja digiteeritavaid kogusid, v\u00f5imaldades otsida digiteeritud kultuuri- ja teadusmaterjale \u00fches portaalis. \u00d5pi teiste t\u00f6\u00f6voogudest HUM andmelabor toetab teadlasi ja asjahuvilisi, kes saavad \u00f5ppida teiste kogemustest ning hallata, anal\u00fc\u00fcsida ja jagada oma uurimisprotsessi. Jaga ja leia teadusandmeid DataCite Eesti aitab teadlastel anda oma andmestikele DOI-id, [&hellip;]<\/p>\n","protected":false},"author":3,"featured_media":0,"parent":0,"menu_order":0,"comment_status":"closed","ping_status":"closed","template":"","meta":{"footnotes":""},"class_list":["post-1497","page","type-page","status-publish","hentry"],"_links":{"self":[{"href":"https:\/\/www.etkad.ee\/en\/wp-json\/wp\/v2\/pages\/1497","targetHints":{"allow":["GET"]}}],"collection":[{"href":"https:\/\/www.etkad.ee\/en\/wp-json\/wp\/v2\/pages"}],"about":[{"href":"https:\/\/www.etkad.ee\/en\/wp-json\/wp\/v2\/types\/page"}],"author":[{"embeddable":true,"href":"https:\/\/www.etkad.ee\/en\/wp-json\/wp\/v2\/users\/3"}],"replies":[{"embeddable":true,"href":"https:\/\/www.etkad.ee\/en\/wp-json\/wp\/v2\/comments?post=1497"}],"version-history":[{"count":3,"href":"https:\/\/www.etkad.ee\/en\/wp-json\/wp\/v2\/pages\/1497\/revisions"}],"predecessor-version":[{"id":1509,"href":"https:\/\/www.etkad.ee\/en\/wp-json\/wp\/v2\/pages\/1497\/revisions\/1509"}],"wp:attachment":[{"href":"https:\/\/www.etkad.ee\/en\/wp-json\/wp\/v2\/media?parent=1497"}],"curies":[{"name":"wp","href":"https:\/\/api.w.org\/{rel}","templated":true}]}}