{"id":1311,"date":"2026-02-22T15:52:38","date_gmt":"2026-02-22T15:52:38","guid":{"rendered":"https:\/\/www.etkad.ee\/?page_id=1311"},"modified":"2026-02-23T08:28:39","modified_gmt":"2026-02-23T08:28:39","slug":"mari-vaina","status":"publish","type":"page","link":"https:\/\/www.etkad.ee\/en\/humal\/mari-vaina\/","title":{"rendered":"Mari V\u00e4ina"},"content":{"rendered":"<div class=\"kb-row-layout-wrap kb-row-layout-id1311_291957-5d alignfull has-light-beige-background-color kt-row-has-bg wp-block-kadence-rowlayout\"><div class=\"kt-row-column-wrap kt-has-2-columns kt-row-layout-equal kt-tab-layout-row kt-mobile-layout-row kt-row-valign-middle\">\n\n<div class=\"wp-block-kadence-column kadence-column1311_f29876-bb inner-column-1\"><div class=\"kt-inside-inner-col\">\n<h6 class=\"kt-adv-heading1311_8738db-7d wp-block-kadence-advancedheading has-theme-palette-1-color has-text-color\" data-kb-block=\"kb-adv-heading1311_8738db-7d\">Eesti Kirjandusmuuseum <\/h6>\n\n\n\n<h2 class=\"kt-adv-heading1311_c090d5-08 wp-block-kadence-advancedheading\" data-kb-block=\"kb-adv-heading1311_c090d5-08\">Taristu juht<\/h2>\n\n\n\n<p class=\"kt-adv-heading1311_66b260-69 wp-block-kadence-advancedheading\" data-kb-block=\"kb-adv-heading1311_66b260-69\">Kultuurim\u00e4lu kogud on rahva veevarud, mis toetavad kultuurilist j\u00e4rjepidevust ning on kollektiivse identiteedi, j\u00e4tkusuutlikkuse ja turvatunde oluliseks aluseks. Selle varamu s\u00e4ilimine, k\u00e4ttesaadavus ning mitmekesine kasutus on oluline nii Eesti \u00fchiskonna jaoks kui ka maailma kultuurilise mitmekesisuse hoidmiseks. Taristu juhina annan oma panuse, et meie rikkalik kultuurip\u00e4rand j\u00f5uaks paremini teadus- ja avalikku kasutusse ning et humanitaarteadlastel oleks lihtsam j\u00f5uda arvutuslike meetodite rakendamiseni selle ainese teaduslikul t\u00f5lgendamisel.<\/p>\n\n\n\n<div class=\"wp-block-kadence-iconlist kt-svg-icon-list-items kt-svg-icon-list-items1311_585e72-c7 kt-svg-icon-list-columns-1 alignnone\"><ul class=\"kt-svg-icon-list\">\n<li class=\"wp-block-kadence-listitem kt-svg-icon-list-item-wrap kt-svg-icon-list-item-1311_d36094-a1\"><span class=\"kb-svg-icon-wrap kb-svg-icon-kb_email-solid kt-svg-icon-list-single\"><svg viewBox=\"0 0 24 24\"  fill=\"currentColor\" xmlns=\"http:\/\/www.w3.org\/2000\/svg\"  aria-hidden=\"true\"><path d=\"M12 12.5l9-5.06V6c0-1.1-.9-2-2-2H5c-1.1 0-2 .9-2 2v1.44l9 5.06z\"\/><path d=\"M12 13.5l-9-5.06V18c0 1.1.9 2 2 2h14c1.1 0 2-.9 2-2V8.44l-9 5.06z\"\/><\/svg><\/span><span class=\"kt-svg-icon-list-text\"><a href=\"mari.vaina@kirmus.ee\">mari.vaina[at]kirmus.ee<\/a><\/span><\/li>\n\n\n\n<li class=\"wp-block-kadence-listitem kt-svg-icon-list-item-wrap kt-svg-icon-list-item-1311_fd414e-39\"><span class=\"kb-svg-icon-wrap kb-svg-icon-fas_newspaper kt-svg-icon-list-single\"><svg viewBox=\"0 0 576 512\"  fill=\"currentColor\" xmlns=\"http:\/\/www.w3.org\/2000\/svg\"  aria-hidden=\"true\"><path d=\"M552 64H88c-13.255 0-24 10.745-24 24v8H24c-13.255 0-24 10.745-24 24v272c0 30.928 25.072 56 56 56h472c26.51 0 48-21.49 48-48V88c0-13.255-10.745-24-24-24zM56 400a8 8 0 0 1-8-8V144h16v248a8 8 0 0 1-8 8zm236-16H140c-6.627 0-12-5.373-12-12v-8c0-6.627 5.373-12 12-12h152c6.627 0 12 5.373 12 12v8c0 6.627-5.373 12-12 12zm208 0H348c-6.627 0-12-5.373-12-12v-8c0-6.627 5.373-12 12-12h152c6.627 0 12 5.373 12 12v8c0 6.627-5.373 12-12 12zm-208-96H140c-6.627 0-12-5.373-12-12v-8c0-6.627 5.373-12 12-12h152c6.627 0 12 5.373 12 12v8c0 6.627-5.373 12-12 12zm208 0H348c-6.627 0-12-5.373-12-12v-8c0-6.627 5.373-12 12-12h152c6.627 0 12 5.373 12 12v8c0 6.627-5.373 12-12 12zm0-96H140c-6.627 0-12-5.373-12-12v-40c0-6.627 5.373-12 12-12h360c6.627 0 12 5.373 12 12v40c0 6.627-5.373 12-12 12z\"\/><\/svg><\/span><span class=\"kt-svg-icon-list-text\"><a href=\"https:\/\/www.etis.ee\/CV\/Mari_Sarv\/\">Etis<\/a><\/span><\/li>\n\n\n\n<li class=\"wp-block-kadence-listitem kt-svg-icon-list-item-wrap kt-svg-icon-list-item-1311_7c8613-d4\"><span class=\"kb-svg-icon-wrap kb-svg-icon-fas_newspaper kt-svg-icon-list-single\"><svg viewBox=\"0 0 576 512\"  fill=\"currentColor\" xmlns=\"http:\/\/www.w3.org\/2000\/svg\"  aria-hidden=\"true\"><path d=\"M552 64H88c-13.255 0-24 10.745-24 24v8H24c-13.255 0-24 10.745-24 24v272c0 30.928 25.072 56 56 56h472c26.51 0 48-21.49 48-48V88c0-13.255-10.745-24-24-24zM56 400a8 8 0 0 1-8-8V144h16v248a8 8 0 0 1-8 8zm236-16H140c-6.627 0-12-5.373-12-12v-8c0-6.627 5.373-12 12-12h152c6.627 0 12 5.373 12 12v8c0 6.627-5.373 12-12 12zm208 0H348c-6.627 0-12-5.373-12-12v-8c0-6.627 5.373-12 12-12h152c6.627 0 12 5.373 12 12v8c0 6.627-5.373 12-12 12zm-208-96H140c-6.627 0-12-5.373-12-12v-8c0-6.627 5.373-12 12-12h152c6.627 0 12 5.373 12 12v8c0 6.627-5.373 12-12 12zm208 0H348c-6.627 0-12-5.373-12-12v-8c0-6.627 5.373-12 12-12h152c6.627 0 12 5.373 12 12v8c0 6.627-5.373 12-12 12zm0-96H140c-6.627 0-12-5.373-12-12v-40c0-6.627 5.373-12 12-12h360c6.627 0 12 5.373 12 12v40c0 6.627-5.373 12-12 12z\"\/><\/svg><\/span><span class=\"kt-svg-icon-list-text\"><a href=\"https:\/\/orcid.org\/0000-0001-5309-2357\">Orcid<\/a><\/span><\/li>\n<\/ul><\/div>\n<\/div><\/div>\n\n\n\n<div class=\"wp-block-kadence-column kadence-column1311_ade635-7d kb-section-dir-vertical inner-column-2\"><div class=\"kt-inside-inner-col\">\n<div class=\"wp-block-kadence-image kb-image1311_becf68-e1\"><figure class=\"aligncenter size-large kb-image-is-ratio-size\"><div class=\"kb-is-ratio-image kb-image-ratio-square\"><img loading=\"lazy\" decoding=\"async\" width=\"1024\" height=\"683\" src=\"https:\/\/www.etkad.ee\/wp-content\/uploads\/2025\/12\/Mari_Vaina_DF_47496_2023_Keerdus_Kadakas_EKTarto-1-1024x683.jpg\" alt=\"\" class=\"kb-img wp-image-561\" srcset=\"https:\/\/www.etkad.ee\/wp-content\/uploads\/2025\/12\/Mari_Vaina_DF_47496_2023_Keerdus_Kadakas_EKTarto-1-1024x683.jpg 1024w, https:\/\/www.etkad.ee\/wp-content\/uploads\/2025\/12\/Mari_Vaina_DF_47496_2023_Keerdus_Kadakas_EKTarto-1-300x200.jpg 300w, https:\/\/www.etkad.ee\/wp-content\/uploads\/2025\/12\/Mari_Vaina_DF_47496_2023_Keerdus_Kadakas_EKTarto-1-768x512.jpg 768w, https:\/\/www.etkad.ee\/wp-content\/uploads\/2025\/12\/Mari_Vaina_DF_47496_2023_Keerdus_Kadakas_EKTarto-1-1536x1024.jpg 1536w, https:\/\/www.etkad.ee\/wp-content\/uploads\/2025\/12\/Mari_Vaina_DF_47496_2023_Keerdus_Kadakas_EKTarto-1.jpg 1920w\" sizes=\"auto, (max-width: 1024px) 100vw, 1024px\" \/><\/div><\/figure><\/div>\n<\/div><\/div>\n\n<\/div><\/div>\n\n\n<p><\/p>\n","protected":false},"excerpt":{"rendered":"<p>Eesti Kirjandusmuuseum Taristu juht Kultuurim\u00e4lu kogud on rahva veevarud, mis toetavad kultuurilist j\u00e4rjepidevust ning on kollektiivse identiteedi, j\u00e4tkusuutlikkuse ja turvatunde oluliseks aluseks. Selle varamu s\u00e4ilimine, k\u00e4ttesaadavus ning mitmekesine kasutus on oluline nii Eesti \u00fchiskonna jaoks kui ka maailma kultuurilise mitmekesisuse hoidmiseks. Taristu juhina annan oma panuse, et meie rikkalik kultuurip\u00e4rand j\u00f5uaks paremini teadus- ja avalikku [&hellip;]<\/p>\n","protected":false},"author":3,"featured_media":0,"parent":120,"menu_order":0,"comment_status":"closed","ping_status":"closed","template":"","meta":{"footnotes":""},"class_list":["post-1311","page","type-page","status-publish","hentry"],"_links":{"self":[{"href":"https:\/\/www.etkad.ee\/en\/wp-json\/wp\/v2\/pages\/1311","targetHints":{"allow":["GET"]}}],"collection":[{"href":"https:\/\/www.etkad.ee\/en\/wp-json\/wp\/v2\/pages"}],"about":[{"href":"https:\/\/www.etkad.ee\/en\/wp-json\/wp\/v2\/types\/page"}],"author":[{"embeddable":true,"href":"https:\/\/www.etkad.ee\/en\/wp-json\/wp\/v2\/users\/3"}],"replies":[{"embeddable":true,"href":"https:\/\/www.etkad.ee\/en\/wp-json\/wp\/v2\/comments?post=1311"}],"version-history":[{"count":5,"href":"https:\/\/www.etkad.ee\/en\/wp-json\/wp\/v2\/pages\/1311\/revisions"}],"predecessor-version":[{"id":1332,"href":"https:\/\/www.etkad.ee\/en\/wp-json\/wp\/v2\/pages\/1311\/revisions\/1332"}],"up":[{"embeddable":true,"href":"https:\/\/www.etkad.ee\/en\/wp-json\/wp\/v2\/pages\/120"}],"wp:attachment":[{"href":"https:\/\/www.etkad.ee\/en\/wp-json\/wp\/v2\/media?parent=1311"}],"curies":[{"name":"wp","href":"https:\/\/api.w.org\/{rel}","templated":true}]}}