{"id":129,"date":"2025-09-04T14:48:45","date_gmt":"2025-09-04T11:48:45","guid":{"rendered":"https:\/\/www.etkad.ee\/?page_id=129"},"modified":"2026-02-26T12:36:22","modified_gmt":"2026-02-26T12:36:22","slug":"olha-petrovych","status":"publish","type":"page","link":"https:\/\/www.etkad.ee\/en\/humal\/olha-petrovych\/","title":{"rendered":"Olha Petrovych"},"content":{"rendered":"<div class=\"kb-row-layout-wrap kb-row-layout-id129_f4b0b1-62 alignfull has-light-beige-background-color kt-row-has-bg wp-block-kadence-rowlayout\"><div class=\"kt-row-column-wrap kt-has-2-columns kt-row-layout-equal kt-tab-layout-row kt-mobile-layout-row kt-row-valign-middle\">\n\n<div class=\"wp-block-kadence-column kadence-column129_0b3848-bb inner-column-1\"><div class=\"kt-inside-inner-col\">\n<h6 class=\"kt-adv-heading129_fa6b8c-6a wp-block-kadence-advancedheading has-theme-palette-1-color has-text-color\" data-kb-block=\"kb-adv-heading129_fa6b8c-6a\">Eesti Kirjandusmuuseum<\/h6>\n\n\n\n<h2 class=\"kt-adv-heading129_7d23d3-3f wp-block-kadence-advancedheading\" data-kb-block=\"kb-adv-heading129_7d23d3-3f\">Uurimisvaldkond: Doktorikraad pedagoogikateadustes, t\u00f6\u00f6tab praegu kultuuriuuringute, folkloori ja digitaalse folkloristika valdkonnas<\/h2>\n\n\n\n<p class=\"kt-adv-heading129_9e64a0-48 wp-block-kadence-advancedheading\" data-kb-block=\"kb-adv-heading129_9e64a0-48\">Olha on HUMALis koos kolleegidega huvitatud kogemuste jagamisest teemade modelleerimise rakendamisel Ukraina ja Eesti rahvalaulude t\u00f5lgitud korpuste v\u00f5rdlevas uurimises. Samal ajal on ta innukas \u00f5ppima teiste teadlaste juhtumiuuringutest arvutusmeetodite rakendamise kohta humanitaarteadustes ning uurima, kuidas formaliseeritud t\u00f6\u00f6vood saavad edendada koost\u00f6\u00f6d, reprodutseeritavust ja metodoloogilist innovatsiooni.<\/p>\n\n\n\n<div class=\"wp-block-kadence-iconlist kt-svg-icon-list-items kt-svg-icon-list-items129_d8769a-40 kt-svg-icon-list-columns-1 alignnone\"><ul class=\"kt-svg-icon-list\">\n<li class=\"wp-block-kadence-listitem kt-svg-icon-list-item-wrap kt-svg-icon-list-item-129_7269f3-94\"><span class=\"kb-svg-icon-wrap kb-svg-icon-kb_email-solid kt-svg-icon-list-single\"><svg viewBox=\"0 0 24 24\"  fill=\"currentColor\" xmlns=\"http:\/\/www.w3.org\/2000\/svg\"  aria-hidden=\"true\"><path d=\"M12 12.5l9-5.06V6c0-1.1-.9-2-2-2H5c-1.1 0-2 .9-2 2v1.44l9 5.06z\"\/><path d=\"M12 13.5l-9-5.06V18c0 1.1.9 2 2 2h14c1.1 0 2-.9 2-2V8.44l-9 5.06z\"\/><\/svg><\/span><span class=\"kt-svg-icon-list-text\"><a href=\"mailto:olha.petrovych@folklore.ee\" data-type=\"mailto\" data-id=\"mailto:olha.petrovych@folklore.ee\">olha.petrovych[at]folklore.ee<\/a><\/span><\/li>\n\n\n\n<li class=\"wp-block-kadence-listitem kt-svg-icon-list-item-wrap kt-svg-icon-list-item-129_45b19b-cd\"><span class=\"kb-svg-icon-wrap kb-svg-icon-fas_newspaper kt-svg-icon-list-single\"><svg viewBox=\"0 0 576 512\"  fill=\"currentColor\" xmlns=\"http:\/\/www.w3.org\/2000\/svg\"  aria-hidden=\"true\"><path d=\"M552 64H88c-13.255 0-24 10.745-24 24v8H24c-13.255 0-24 10.745-24 24v272c0 30.928 25.072 56 56 56h472c26.51 0 48-21.49 48-48V88c0-13.255-10.745-24-24-24zM56 400a8 8 0 0 1-8-8V144h16v248a8 8 0 0 1-8 8zm236-16H140c-6.627 0-12-5.373-12-12v-8c0-6.627 5.373-12 12-12h152c6.627 0 12 5.373 12 12v8c0 6.627-5.373 12-12 12zm208 0H348c-6.627 0-12-5.373-12-12v-8c0-6.627 5.373-12 12-12h152c6.627 0 12 5.373 12 12v8c0 6.627-5.373 12-12 12zm-208-96H140c-6.627 0-12-5.373-12-12v-8c0-6.627 5.373-12 12-12h152c6.627 0 12 5.373 12 12v8c0 6.627-5.373 12-12 12zm208 0H348c-6.627 0-12-5.373-12-12v-8c0-6.627 5.373-12 12-12h152c6.627 0 12 5.373 12 12v8c0 6.627-5.373 12-12 12zm0-96H140c-6.627 0-12-5.373-12-12v-40c0-6.627 5.373-12 12-12h360c6.627 0 12 5.373 12 12v40c0 6.627-5.373 12-12 12z\"\/><\/svg><\/span><span class=\"kt-svg-icon-list-text\"><a href=\"https:\/\/www.etis.ee\/CV\/Olha_Petrovych\/et\/\" target=\"_blank\" rel=\"noreferrer noopener\">Etis<\/a><\/span><\/li>\n\n\n\n<li class=\"wp-block-kadence-listitem kt-svg-icon-list-item-wrap kt-svg-icon-list-item-129_ab4eb1-14\"><span class=\"kb-svg-icon-wrap kb-svg-icon-fas_newspaper kt-svg-icon-list-single\"><svg viewBox=\"0 0 576 512\"  fill=\"currentColor\" xmlns=\"http:\/\/www.w3.org\/2000\/svg\"  aria-hidden=\"true\"><path d=\"M552 64H88c-13.255 0-24 10.745-24 24v8H24c-13.255 0-24 10.745-24 24v272c0 30.928 25.072 56 56 56h472c26.51 0 48-21.49 48-48V88c0-13.255-10.745-24-24-24zM56 400a8 8 0 0 1-8-8V144h16v248a8 8 0 0 1-8 8zm236-16H140c-6.627 0-12-5.373-12-12v-8c0-6.627 5.373-12 12-12h152c6.627 0 12 5.373 12 12v8c0 6.627-5.373 12-12 12zm208 0H348c-6.627 0-12-5.373-12-12v-8c0-6.627 5.373-12 12-12h152c6.627 0 12 5.373 12 12v8c0 6.627-5.373 12-12 12zm-208-96H140c-6.627 0-12-5.373-12-12v-8c0-6.627 5.373-12 12-12h152c6.627 0 12 5.373 12 12v8c0 6.627-5.373 12-12 12zm208 0H348c-6.627 0-12-5.373-12-12v-8c0-6.627 5.373-12 12-12h152c6.627 0 12 5.373 12 12v8c0 6.627-5.373 12-12 12zm0-96H140c-6.627 0-12-5.373-12-12v-40c0-6.627 5.373-12 12-12h360c6.627 0 12 5.373 12 12v40c0 6.627-5.373 12-12 12z\"\/><\/svg><\/span><span class=\"kt-svg-icon-list-text\"><a href=\"https:\/\/orcid.org\/0000-0002-7185-3823\">Orcid <\/a><\/span><\/li>\n\n\n\n<li class=\"wp-block-kadence-listitem kt-svg-icon-list-item-wrap kt-svg-icon-list-item-129_a5e764-38\"><span class=\"kb-svg-icon-wrap kb-svg-icon-fas_newspaper kt-svg-icon-list-single\"><svg viewBox=\"0 0 576 512\"  fill=\"currentColor\" xmlns=\"http:\/\/www.w3.org\/2000\/svg\"  aria-hidden=\"true\"><path d=\"M552 64H88c-13.255 0-24 10.745-24 24v8H24c-13.255 0-24 10.745-24 24v272c0 30.928 25.072 56 56 56h472c26.51 0 48-21.49 48-48V88c0-13.255-10.745-24-24-24zM56 400a8 8 0 0 1-8-8V144h16v248a8 8 0 0 1-8 8zm236-16H140c-6.627 0-12-5.373-12-12v-8c0-6.627 5.373-12 12-12h152c6.627 0 12 5.373 12 12v8c0 6.627-5.373 12-12 12zm208 0H348c-6.627 0-12-5.373-12-12v-8c0-6.627 5.373-12 12-12h152c6.627 0 12 5.373 12 12v8c0 6.627-5.373 12-12 12zm-208-96H140c-6.627 0-12-5.373-12-12v-8c0-6.627 5.373-12 12-12h152c6.627 0 12 5.373 12 12v8c0 6.627-5.373 12-12 12zm208 0H348c-6.627 0-12-5.373-12-12v-8c0-6.627 5.373-12 12-12h152c6.627 0 12 5.373 12 12v8c0 6.627-5.373 12-12 12zm0-96H140c-6.627 0-12-5.373-12-12v-40c0-6.627 5.373-12 12-12h360c6.627 0 12 5.373 12 12v40c0 6.627-5.373 12-12 12z\"\/><\/svg><\/span><span class=\"kt-svg-icon-list-text\"><a href=\"https:\/\/scholar.google.com.ua\/citations?hl=ru&amp;user=3yxDItAAAAAJ&amp;%20view_op=list_works&amp;sortby=pubdate\" target=\"_blank\" rel=\"noreferrer noopener\">Google Scholar<\/a><\/span><\/li>\n\n\n\n<li class=\"wp-block-kadence-listitem kt-svg-icon-list-item-wrap kt-svg-icon-list-item-129_1f19c0-f8\"><span class=\"kb-svg-icon-wrap kb-svg-icon-fas_newspaper kt-svg-icon-list-single\"><svg viewBox=\"0 0 576 512\"  fill=\"currentColor\" xmlns=\"http:\/\/www.w3.org\/2000\/svg\"  aria-hidden=\"true\"><path d=\"M552 64H88c-13.255 0-24 10.745-24 24v8H24c-13.255 0-24 10.745-24 24v272c0 30.928 25.072 56 56 56h472c26.51 0 48-21.49 48-48V88c0-13.255-10.745-24-24-24zM56 400a8 8 0 0 1-8-8V144h16v248a8 8 0 0 1-8 8zm236-16H140c-6.627 0-12-5.373-12-12v-8c0-6.627 5.373-12 12-12h152c6.627 0 12 5.373 12 12v8c0 6.627-5.373 12-12 12zm208 0H348c-6.627 0-12-5.373-12-12v-8c0-6.627 5.373-12 12-12h152c6.627 0 12 5.373 12 12v8c0 6.627-5.373 12-12 12zm-208-96H140c-6.627 0-12-5.373-12-12v-8c0-6.627 5.373-12 12-12h152c6.627 0 12 5.373 12 12v8c0 6.627-5.373 12-12 12zm208 0H348c-6.627 0-12-5.373-12-12v-8c0-6.627 5.373-12 12-12h152c6.627 0 12 5.373 12 12v8c0 6.627-5.373 12-12 12zm0-96H140c-6.627 0-12-5.373-12-12v-40c0-6.627 5.373-12 12-12h360c6.627 0 12 5.373 12 12v40c0 6.627-5.373 12-12 12z\"\/><\/svg><\/span><span class=\"kt-svg-icon-list-text\"><a href=\"https:\/\/www.scopus.com\/authid\/detail.uri?authorId=57225918327\" target=\"_blank\" rel=\"noreferrer noopener\">Scopus<\/a><\/span><\/li>\n\n\n\n<li class=\"wp-block-kadence-listitem kt-svg-icon-list-item-wrap kt-svg-icon-list-item-129_fcdaa0-96\"><span class=\"kb-svg-icon-wrap kb-svg-icon-fas_newspaper kt-svg-icon-list-single\"><svg viewBox=\"0 0 576 512\"  fill=\"currentColor\" xmlns=\"http:\/\/www.w3.org\/2000\/svg\"  aria-hidden=\"true\"><path d=\"M552 64H88c-13.255 0-24 10.745-24 24v8H24c-13.255 0-24 10.745-24 24v272c0 30.928 25.072 56 56 56h472c26.51 0 48-21.49 48-48V88c0-13.255-10.745-24-24-24zM56 400a8 8 0 0 1-8-8V144h16v248a8 8 0 0 1-8 8zm236-16H140c-6.627 0-12-5.373-12-12v-8c0-6.627 5.373-12 12-12h152c6.627 0 12 5.373 12 12v8c0 6.627-5.373 12-12 12zm208 0H348c-6.627 0-12-5.373-12-12v-8c0-6.627 5.373-12 12-12h152c6.627 0 12 5.373 12 12v8c0 6.627-5.373 12-12 12zm-208-96H140c-6.627 0-12-5.373-12-12v-8c0-6.627 5.373-12 12-12h152c6.627 0 12 5.373 12 12v8c0 6.627-5.373 12-12 12zm208 0H348c-6.627 0-12-5.373-12-12v-8c0-6.627 5.373-12 12-12h152c6.627 0 12 5.373 12 12v8c0 6.627-5.373 12-12 12zm0-96H140c-6.627 0-12-5.373-12-12v-40c0-6.627 5.373-12 12-12h360c6.627 0 12 5.373 12 12v40c0 6.627-5.373 12-12 12z\"\/><\/svg><\/span><span class=\"kt-svg-icon-list-text\"><a href=\"https:\/\/www.webofscience.com\/wos\/author\/record\/I-8633-2016\" target=\"_blank\" rel=\"noreferrer noopener\">WoS<\/a><\/span><\/li>\n<\/ul><\/div>\n<\/div><\/div>\n\n\n\n<div class=\"wp-block-kadence-column kadence-column129_229a80-d5 kb-section-dir-vertical inner-column-2\"><div class=\"kt-inside-inner-col\">\n<div class=\"wp-block-kadence-image kb-image129_bedfb3-1b\"><figure class=\"aligncenter kb-image-is-ratio-size\"><div class=\"kb-is-ratio-image kb-image-ratio-square\"><img loading=\"lazy\" decoding=\"async\" width=\"1349\" height=\"1536\" src=\"https:\/\/www.etkad.ee\/wp-content\/uploads\/2026\/02\/Olha_Petrovych.jpg\" alt=\"\" class=\"kb-img wp-image-773\" srcset=\"https:\/\/www.etkad.ee\/wp-content\/uploads\/2026\/02\/Olha_Petrovych.jpg 1349w, https:\/\/www.etkad.ee\/wp-content\/uploads\/2026\/02\/Olha_Petrovych-263x300.jpg 263w, https:\/\/www.etkad.ee\/wp-content\/uploads\/2026\/02\/Olha_Petrovych-899x1024.jpg 899w, https:\/\/www.etkad.ee\/wp-content\/uploads\/2026\/02\/Olha_Petrovych-768x874.jpg 768w, https:\/\/www.etkad.ee\/wp-content\/uploads\/2026\/02\/Olha_Petrovych-11x12.jpg 11w\" sizes=\"auto, (max-width: 1349px) 100vw, 1349px\" \/><\/div><\/figure><\/div>\n<\/div><\/div>\n\n<\/div><\/div>","protected":false},"excerpt":{"rendered":"<p>Eesti Kirjandusmuuseum Uurimisvaldkond: Doktorikraad pedagoogikateadustes, t\u00f6\u00f6tab praegu kultuuriuuringute, folkloori ja digitaalse folkloristika valdkonnas Olha on HUMALis koos kolleegidega huvitatud kogemuste jagamisest teemade modelleerimise rakendamisel Ukraina ja Eesti rahvalaulude t\u00f5lgitud korpuste v\u00f5rdlevas uurimises. Samal ajal on ta innukas \u00f5ppima teiste teadlaste juhtumiuuringutest arvutusmeetodite rakendamise kohta humanitaarteadustes ning uurima, kuidas formaliseeritud t\u00f6\u00f6vood saavad edendada koost\u00f6\u00f6d, reprodutseeritavust ja [&hellip;]<\/p>\n","protected":false},"author":1,"featured_media":0,"parent":120,"menu_order":0,"comment_status":"closed","ping_status":"closed","template":"","meta":{"footnotes":""},"class_list":["post-129","page","type-page","status-publish","hentry"],"_links":{"self":[{"href":"https:\/\/www.etkad.ee\/en\/wp-json\/wp\/v2\/pages\/129","targetHints":{"allow":["GET"]}}],"collection":[{"href":"https:\/\/www.etkad.ee\/en\/wp-json\/wp\/v2\/pages"}],"about":[{"href":"https:\/\/www.etkad.ee\/en\/wp-json\/wp\/v2\/types\/page"}],"author":[{"embeddable":true,"href":"https:\/\/www.etkad.ee\/en\/wp-json\/wp\/v2\/users\/1"}],"replies":[{"embeddable":true,"href":"https:\/\/www.etkad.ee\/en\/wp-json\/wp\/v2\/comments?post=129"}],"version-history":[{"count":5,"href":"https:\/\/www.etkad.ee\/en\/wp-json\/wp\/v2\/pages\/129\/revisions"}],"predecessor-version":[{"id":1494,"href":"https:\/\/www.etkad.ee\/en\/wp-json\/wp\/v2\/pages\/129\/revisions\/1494"}],"up":[{"embeddable":true,"href":"https:\/\/www.etkad.ee\/en\/wp-json\/wp\/v2\/pages\/120"}],"wp:attachment":[{"href":"https:\/\/www.etkad.ee\/en\/wp-json\/wp\/v2\/media?parent=129"}],"curies":[{"name":"wp","href":"https:\/\/api.w.org\/{rel}","templated":true}]}}